{"id":668,"date":"2016-04-07T14:10:36","date_gmt":"2016-04-07T14:10:36","guid":{"rendered":"https:\/\/francontraste.ffzg.unizg.hr\/2016\/?page_id=668"},"modified":"2016-04-07T14:17:55","modified_gmt":"2016-04-07T14:17:55","slug":"exposition","status":"publish","type":"page","link":"https:\/\/francontraste.ffzg.unizg.hr\/2016\/?page_id=668","title":{"rendered":"Exposition"},"content":{"rendered":"<p><span style=\"font-family: Times New Roman,Times; font-size: 19px;\">La Biblioth\u00e8que de la facult\u00e9 organise du 8 au 10 avril 2016, \u00e0 l&#8217;occasion du colloque Francontraste 2016, une exposition des publications des membres de la Chaire de langue et litt\u00e9rature fran\u00e7aises du D\u00e9partement d&#8217;\u00e9tudes romanes de la Facult\u00e9 des sciences humaines et sociales de l&#8217;Universit\u00e9 de Zagreb.<\/span><\/p>\n<p><span style=\"font-family: Times New Roman,Times; font-size: 19px;\">Nous vous invitons \u00e0 venir d\u00e9couvrir ces ouvrages, qui seront pr\u00e9sent\u00e9s dans des vitrines \u00e0 l&#8217;entr\u00e9e de la Biblioth\u00e8que. Parmi les travaux qui composent cette exposition vous trouverez des titres qui rel\u00e8vent des domaines de la linguistique et des \u00e9tudes litt\u00e9raires, ainsi que divers ouvrages de r\u00e9f\u00e9rence, dictionnaires, actes de colloque, traductions d&#8217;\u0153uvres litt\u00e9raires d&#8217;auteurs francophones, manuels d&#8217;apprentissage du fran\u00e7ais, ou encore les volumes de la revue SRAZ (Studia Romanica et Anglica Zagrabiensia), publication conjointe des D\u00e9partements d&#8217;\u00e9tudes romanes, anglaises et italiennes.<\/span><\/p>\n<p><span style=\"font-family: Times New Roman,Times; font-size: 19px;\">Ce choix des plus remarquables publications des membres de la Chaire de langue et litt\u00e9rature fran\u00e7aises vise \u00e0 donner un aper\u00e7u de sa riche activit\u00e9 scientifique depuis sa fondation jusqu&#8217;\u00e0 nos jours.<\/span><\/p>\n<p>&nbsp;<\/p>\n<p>&nbsp;<\/p>\n","protected":false},"excerpt":{"rendered":"<p>La Biblioth\u00e8que de la facult\u00e9 organise du 8 au 10 avril 2016, \u00e0 l&#8217;occasion du colloque Francontraste 2016, une exposition des publications des membres de la Chaire de langue et litt\u00e9rature fran\u00e7aises du D\u00e9partement d&#8217;\u00e9tudes romanes de la Facult\u00e9 des sciences humaines et sociales de l&#8217;Universit\u00e9 de Zagreb. Nous vous invitons \u00e0 venir d\u00e9couvrir ces &hellip; <a href=\"https:\/\/francontraste.ffzg.unizg.hr\/2016\/?page_id=668\" class=\"more-link\">Continue reading <span class=\"screen-reader-text\">Exposition<\/span> <span class=\"meta-nav\">&rarr;<\/span><\/a><\/p>\n","protected":false},"author":1,"featured_media":0,"parent":0,"menu_order":0,"comment_status":"closed","ping_status":"closed","template":"","meta":{"footnotes":""},"class_list":["post-668","page","type-page","status-publish","hentry"],"yoast_head":"<!-- This site is optimized with the Yoast SEO plugin v26.6 - https:\/\/yoast.com\/wordpress\/plugins\/seo\/ -->\n<title>Exposition - Francontraste 2016<\/title>\n<meta name=\"robots\" content=\"index, follow, max-snippet:-1, max-image-preview:large, max-video-preview:-1\" \/>\n<link rel=\"canonical\" href=\"https:\/\/francontraste.ffzg.unizg.hr\/2016\/?page_id=668\" \/>\n<meta property=\"og:locale\" content=\"en_US\" \/>\n<meta property=\"og:type\" content=\"article\" \/>\n<meta property=\"og:title\" content=\"Exposition - Francontraste 2016\" \/>\n<meta property=\"og:description\" content=\"La Biblioth\u00e8que de la facult\u00e9 organise du 8 au 10 avril 2016, \u00e0 l&#8217;occasion du colloque Francontraste 2016, une exposition des publications des membres de la Chaire de langue et litt\u00e9rature fran\u00e7aises du D\u00e9partement d&#8217;\u00e9tudes romanes de la Facult\u00e9 des sciences humaines et sociales de l&#8217;Universit\u00e9 de Zagreb. Nous vous invitons \u00e0 venir d\u00e9couvrir ces &hellip; Continue reading Exposition &rarr;\" \/>\n<meta property=\"og:url\" content=\"https:\/\/francontraste.ffzg.unizg.hr\/2016\/?page_id=668\" \/>\n<meta property=\"og:site_name\" content=\"Francontraste 2016\" \/>\n<meta property=\"article:modified_time\" content=\"2016-04-07T14:17:55+00:00\" \/>\n<meta name=\"twitter:card\" content=\"summary_large_image\" \/>\n<meta name=\"twitter:label1\" content=\"Est. reading time\" \/>\n\t<meta name=\"twitter:data1\" content=\"1 minute\" \/>\n<script type=\"application\/ld+json\" class=\"yoast-schema-graph\">{\"@context\":\"https:\/\/schema.org\",\"@graph\":[{\"@type\":\"WebPage\",\"@id\":\"https:\/\/francontraste.ffzg.unizg.hr\/2016\/?page_id=668\",\"url\":\"https:\/\/francontraste.ffzg.unizg.hr\/2016\/?page_id=668\",\"name\":\"Exposition - Francontraste 2016\",\"isPartOf\":{\"@id\":\"https:\/\/francontraste.ffzg.unizg.hr\/2016\/#website\"},\"datePublished\":\"2016-04-07T14:10:36+00:00\",\"dateModified\":\"2016-04-07T14:17:55+00:00\",\"breadcrumb\":{\"@id\":\"https:\/\/francontraste.ffzg.unizg.hr\/2016\/?page_id=668#breadcrumb\"},\"inLanguage\":\"en-US\",\"potentialAction\":[{\"@type\":\"ReadAction\",\"target\":[\"https:\/\/francontraste.ffzg.unizg.hr\/2016\/?page_id=668\"]}]},{\"@type\":\"BreadcrumbList\",\"@id\":\"https:\/\/francontraste.ffzg.unizg.hr\/2016\/?page_id=668#breadcrumb\",\"itemListElement\":[{\"@type\":\"ListItem\",\"position\":1,\"name\":\"Home\",\"item\":\"https:\/\/francontraste.ffzg.unizg.hr\/2016\/\"},{\"@type\":\"ListItem\",\"position\":2,\"name\":\"Exposition\"}]},{\"@type\":\"WebSite\",\"@id\":\"https:\/\/francontraste.ffzg.unizg.hr\/2016\/#website\",\"url\":\"https:\/\/francontraste.ffzg.unizg.hr\/2016\/\",\"name\":\"Francontraste 2016\",\"description\":\"\",\"potentialAction\":[{\"@type\":\"SearchAction\",\"target\":{\"@type\":\"EntryPoint\",\"urlTemplate\":\"https:\/\/francontraste.ffzg.unizg.hr\/2016\/?s={search_term_string}\"},\"query-input\":{\"@type\":\"PropertyValueSpecification\",\"valueRequired\":true,\"valueName\":\"search_term_string\"}}],\"inLanguage\":\"en-US\"}]}<\/script>\n<!-- \/ Yoast SEO plugin. -->","yoast_head_json":{"title":"Exposition - Francontraste 2016","robots":{"index":"index","follow":"follow","max-snippet":"max-snippet:-1","max-image-preview":"max-image-preview:large","max-video-preview":"max-video-preview:-1"},"canonical":"https:\/\/francontraste.ffzg.unizg.hr\/2016\/?page_id=668","og_locale":"en_US","og_type":"article","og_title":"Exposition - Francontraste 2016","og_description":"La Biblioth\u00e8que de la facult\u00e9 organise du 8 au 10 avril 2016, \u00e0 l&#8217;occasion du colloque Francontraste 2016, une exposition des publications des membres de la Chaire de langue et litt\u00e9rature fran\u00e7aises du D\u00e9partement d&#8217;\u00e9tudes romanes de la Facult\u00e9 des sciences humaines et sociales de l&#8217;Universit\u00e9 de Zagreb. Nous vous invitons \u00e0 venir d\u00e9couvrir ces &hellip; Continue reading Exposition &rarr;","og_url":"https:\/\/francontraste.ffzg.unizg.hr\/2016\/?page_id=668","og_site_name":"Francontraste 2016","article_modified_time":"2016-04-07T14:17:55+00:00","twitter_card":"summary_large_image","twitter_misc":{"Est. reading time":"1 minute"},"schema":{"@context":"https:\/\/schema.org","@graph":[{"@type":"WebPage","@id":"https:\/\/francontraste.ffzg.unizg.hr\/2016\/?page_id=668","url":"https:\/\/francontraste.ffzg.unizg.hr\/2016\/?page_id=668","name":"Exposition - Francontraste 2016","isPartOf":{"@id":"https:\/\/francontraste.ffzg.unizg.hr\/2016\/#website"},"datePublished":"2016-04-07T14:10:36+00:00","dateModified":"2016-04-07T14:17:55+00:00","breadcrumb":{"@id":"https:\/\/francontraste.ffzg.unizg.hr\/2016\/?page_id=668#breadcrumb"},"inLanguage":"en-US","potentialAction":[{"@type":"ReadAction","target":["https:\/\/francontraste.ffzg.unizg.hr\/2016\/?page_id=668"]}]},{"@type":"BreadcrumbList","@id":"https:\/\/francontraste.ffzg.unizg.hr\/2016\/?page_id=668#breadcrumb","itemListElement":[{"@type":"ListItem","position":1,"name":"Home","item":"https:\/\/francontraste.ffzg.unizg.hr\/2016\/"},{"@type":"ListItem","position":2,"name":"Exposition"}]},{"@type":"WebSite","@id":"https:\/\/francontraste.ffzg.unizg.hr\/2016\/#website","url":"https:\/\/francontraste.ffzg.unizg.hr\/2016\/","name":"Francontraste 2016","description":"","potentialAction":[{"@type":"SearchAction","target":{"@type":"EntryPoint","urlTemplate":"https:\/\/francontraste.ffzg.unizg.hr\/2016\/?s={search_term_string}"},"query-input":{"@type":"PropertyValueSpecification","valueRequired":true,"valueName":"search_term_string"}}],"inLanguage":"en-US"}]}},"_links":{"self":[{"href":"https:\/\/francontraste.ffzg.unizg.hr\/2016\/index.php?rest_route=\/wp\/v2\/pages\/668","targetHints":{"allow":["GET"]}}],"collection":[{"href":"https:\/\/francontraste.ffzg.unizg.hr\/2016\/index.php?rest_route=\/wp\/v2\/pages"}],"about":[{"href":"https:\/\/francontraste.ffzg.unizg.hr\/2016\/index.php?rest_route=\/wp\/v2\/types\/page"}],"author":[{"embeddable":true,"href":"https:\/\/francontraste.ffzg.unizg.hr\/2016\/index.php?rest_route=\/wp\/v2\/users\/1"}],"replies":[{"embeddable":true,"href":"https:\/\/francontraste.ffzg.unizg.hr\/2016\/index.php?rest_route=%2Fwp%2Fv2%2Fcomments&post=668"}],"version-history":[{"count":4,"href":"https:\/\/francontraste.ffzg.unizg.hr\/2016\/index.php?rest_route=\/wp\/v2\/pages\/668\/revisions"}],"predecessor-version":[{"id":673,"href":"https:\/\/francontraste.ffzg.unizg.hr\/2016\/index.php?rest_route=\/wp\/v2\/pages\/668\/revisions\/673"}],"wp:attachment":[{"href":"https:\/\/francontraste.ffzg.unizg.hr\/2016\/index.php?rest_route=%2Fwp%2Fv2%2Fmedia&parent=668"}],"curies":[{"name":"wp","href":"https:\/\/api.w.org\/{rel}","templated":true}]}}