{"id":43,"date":"2015-05-04T23:32:13","date_gmt":"2015-05-04T23:32:13","guid":{"rendered":"https:\/\/francontraste.ffzg.unizg.hr\/2016\/?page_id=43"},"modified":"2022-09-16T20:06:07","modified_gmt":"2022-09-16T20:06:07","slug":"liens","status":"publish","type":"page","link":"https:\/\/francontraste.ffzg.unizg.hr\/2016\/?page_id=43","title":{"rendered":"Liens"},"content":{"rendered":"<p>&nbsp;<\/p>\n<p><img loading=\"lazy\" decoding=\"async\" class=\"alignnone size-full wp-image-252\" src=\"https:\/\/francontraste.ffzg.unizg.hr\/2016\/wp-content\/uploads\/2015\/05\/unizg50.png\" alt=\"unizg50\" width=\"50\" height=\"50\"> <img loading=\"lazy\" decoding=\"async\" class=\"alignnone size-full wp-image-253\" src=\"https:\/\/francontraste.ffzg.unizg.hr\/2016\/wp-content\/uploads\/2015\/05\/ffzg50.png\" alt=\"ffzg50\" width=\"50\" height=\"50\"><\/p>\n<p><span style=\"font-size: 25px; color: #5c5c5c;\"><strong>Filozofski fakultet u Zagrebu<br \/>\n<em>Facult\u00e9 de philosophie et lettres<\/em><\/strong><\/span><\/p>\n<p><a class=\"linkstr\" href=\"http:\/\/www.ffzg.unizg.hr\" target=\"_blank\" rel=\"noopener\">http:\/\/www.ffzg.unizg.hr<\/a><\/p>\n<p>&nbsp;<\/p>\n<p><img loading=\"lazy\" decoding=\"async\" class=\"alignnone size-full wp-image-295\" src=\"https:\/\/francontraste.ffzg.unizg.hr\/2016\/2016\/wp-content\/uploads\/2015\/05\/PredsjednicaRH.jpg\" alt=\"PredsjednicaRH\" width=\"350\" height=\"89\" srcset=\"https:\/\/francontraste.ffzg.unizg.hr\/2016\/wp-content\/uploads\/2015\/05\/PredsjednicaRH.jpg 350w, https:\/\/francontraste.ffzg.unizg.hr\/2016\/wp-content\/uploads\/2015\/05\/PredsjednicaRH-300x76.jpg 300w\" sizes=\"auto, (max-width: 350px) 100vw, 350px\" \/><\/p>\n<p><span style=\"font-size: 25px; color: #5c5c5c;\"><strong>PREDSJEDNICA REPUBLIKE HRVATSKE<\/strong><\/span><br \/>\n<span style=\"color: #5c5c5c;\"><em><span style=\"font-size: 25px;\"><strong>Pr\u00e9sidente de la R\u00e9publique de Croatie<\/strong><\/span><\/em><\/span><\/p>\n<p><a class=\"linkstr\" href=\"http:\/\/predsjednica.hr\" target=\"_blank\" rel=\"noopener\">http:\/\/predsjednica.hr<\/a><\/p>\n<p>&nbsp;<\/p>\n<p><img loading=\"lazy\" decoding=\"async\" class=\"alignnone size-full wp-image-243\" src=\"https:\/\/francontraste.ffzg.unizg.hr\/2016\/wp-content\/uploads\/2015\/11\/FranceenCroatieliens.png\" alt=\"FranceenCroatieliens\" width=\"160\" height=\"163\"><\/p>\n<p><span style=\"font-size: 25px; color: #5c5c5c;\"><strong>Francuska ambasada u Zagrebu<\/strong><br \/>\n<em><span style=\"font-size: 25px;\"><strong>Ambassade de France \u00e0 Zagreb<\/strong><\/span><\/em><\/span><\/p>\n<p><a class=\"linkstr\" href=\"http:\/\/www.ambafrance-hr.org\" target=\"_blank\" rel=\"noopener\">http:\/\/www.ambafrance-hr.org<\/a><\/p>\n<p>&nbsp;<\/p>\n<p><img loading=\"lazy\" decoding=\"async\" class=\"alignnone size-full wp-image-585\" src=\"https:\/\/francontraste.ffzg.unizg.hr\/2016\/2016\/wp-content\/uploads\/2016\/03\/Swiss-logo.png\" alt=\"Swiss-logo\" width=\"338\" height=\"150\" srcset=\"https:\/\/francontraste.ffzg.unizg.hr\/2016\/wp-content\/uploads\/2016\/03\/Swiss-logo.png 338w, https:\/\/francontraste.ffzg.unizg.hr\/2016\/wp-content\/uploads\/2016\/03\/Swiss-logo-300x133.png 300w\" sizes=\"auto, (max-width: 338px) 100vw, 338px\" \/><\/p>\n<p><span style=\"font-size: 25px; color: #5c5c5c;\"><strong>\u0160vicarska ambasada u Hrvatskoj<\/strong><br \/>\n<em><span style=\"font-size: 25px;\"><strong>Ambassade de Suisse en Croatie<\/strong><\/span><\/em><\/span><\/p>\n<p><a class=\"linkstr\" href=\"https:\/\/www.eda.admin.ch\/countries\/croatia\/fr\/home\/vertretungen\/botschaft.html\" target=\"_blank\" rel=\"noopener\">https:\/\/www.eda.admin.ch\/countries\/croatia\/fr\/home\/vertretungen\/botschaft.html<\/a><\/p>\n<p>&nbsp;<\/p>\n<p><img loading=\"lazy\" decoding=\"async\" class=\"alignnone size-full wp-image-245\" src=\"https:\/\/francontraste.ffzg.unizg.hr\/2016\/wp-content\/uploads\/2015\/11\/ifz.png\" alt=\"ifz\" width=\"161\" height=\"90\"><\/p>\n<p><span style=\"font-size: 25px; color: #5c5c5c;\"><strong>Institut Fran\u00e7ais<\/strong><\/span><\/p>\n<p><a class=\"linkstr\" href=\"http:\/\/institutfrancais.hr\/?lang=fr\" target=\"_blank\" rel=\"noopener\">http:\/\/institutfrancais.hr<\/a><\/p>\n<p>&nbsp;<\/p>\n<p><img loading=\"lazy\" decoding=\"async\" class=\"alignnone size-full wp-image-264\" src=\"https:\/\/francontraste.ffzg.unizg.hr\/2016\/wp-content\/uploads\/2015\/05\/UniZg.jpg\" alt=\"UniZg\" width=\"130\" height=\"134\"><\/p>\n<p><span style=\"font-size: 25px; color: #5c5c5c;\"><strong>Sveu\u010dili\u0161te u Zagrebu<\/strong><\/span><br \/>\n<span style=\"font-size: 25px; color: #5c5c5c;\"><strong><em>Universit\u00e9 de Zagreb<\/em><\/strong><\/span><\/p>\n<p><a class=\"linkstr\" href=\"http:\/\/www.unizg.hr\" target=\"_blank\" rel=\"noopener\">http:\/\/www.unizg.hr<\/a><\/p>\n<p>&nbsp;<\/p>\n<p><img loading=\"lazy\" decoding=\"async\" class=\"alignnone size-full wp-image-267\" src=\"https:\/\/francontraste.ffzg.unizg.hr\/2016\/wp-content\/uploads\/2015\/05\/zadar_logo.jpg\" alt=\"zadar_logo\" width=\"130\" height=\"128\"><\/p>\n<p><span style=\"font-size: 25px; color: #5c5c5c;\"><strong>Filozofski fakultet u Zadru<\/strong><\/span><br \/>\n<span style=\"font-size: 25px; color: #5c5c5c;\"><strong><em>Facult\u00e9 des lettres de Zadar<\/em><\/strong><\/span><\/p>\n<p><a class=\"linkstr\" href=\"http:\/\/www.unizd.hr\" target=\"_blank\" rel=\"noopener\">http:\/\/www.unizd.hr<\/a><\/p>\n<p>&nbsp;<\/p>\n<p><img loading=\"lazy\" decoding=\"async\" class=\"alignnone size-full wp-image-270\" src=\"https:\/\/francontraste.ffzg.unizg.hr\/2016\/wp-content\/uploads\/2015\/05\/AUF.jpg\" alt=\"AUF\" width=\"175\" height=\"121\"><\/p>\n<p><span style=\"font-size: 25px; color: #5c5c5c;\"><strong>Bureau r\u00e9gional de l&#8217;AUF<\/strong><\/span><\/p>\n<p><a class=\"linkstr\" href=\"https:\/\/www.auf.org\/bureau\/bureau-europe-centrale-et-orientale\/\" target=\"_blank\" rel=\"noopener\">https:\/\/www.auf.org<\/a><\/p>\n<p>&nbsp;<\/p>\n<p><img loading=\"lazy\" decoding=\"async\" class=\"alignnone size-full wp-image-272\" src=\"https:\/\/francontraste.ffzg.unizg.hr\/2016\/wp-content\/uploads\/2015\/05\/Vlada.gif\" alt=\"Vlada\" width=\"275\" height=\"131\"><\/p>\n<p><span style=\"font-size: 25px; color: #5c5c5c;\"><strong>Vlada RH<\/strong><\/span><br \/>\n<span style=\"color: #5c5c5c;\"><em><span style=\"font-size: 25px;\"><strong>Gouvernement de la R\u00e9publique de Croatie<\/strong><\/span><\/em><\/span><\/p>\n<p><a class=\"linkstr\" href=\"https:\/\/vlada.gov.hr\" target=\"_blank\" rel=\"noopener\">https:\/\/vlada.gov.hr<\/a><\/p>\n<p>&nbsp;<\/p>\n<p><img loading=\"lazy\" decoding=\"async\" class=\"alignnone size-full wp-image-275\" src=\"https:\/\/francontraste.ffzg.unizg.hr\/2016\/wp-content\/uploads\/2015\/05\/grad-zagreb-logo.png\" alt=\"grad-zagreb-logo\" width=\"192\" height=\"85\"><\/p>\n<p><span style=\"font-size: 25px; color: #5c5c5c;\"><strong>Grad Zagreb<\/strong><\/span><br \/>\n<span style=\"color: #5c5c5c;\"><em><span style=\"font-size: 25px;\"><strong>Ville de Zagreb<\/strong><\/span><\/em><\/span><\/p>\n<p><a class=\"linkstr\" href=\"http:\/\/www.zagreb.hr\" target=\"_blank\" rel=\"noopener\">http:\/\/www.zagreb.hr<\/a><\/p>\n<p>&nbsp;<\/p>\n<p><img loading=\"lazy\" decoding=\"async\" class=\"alignnone size-full wp-image-277\" src=\"https:\/\/francontraste.ffzg.unizg.hr\/2016\/wp-content\/uploads\/2015\/05\/logo-croatie.jpg\" alt=\"logo-croatie\" width=\"265\" height=\"105\"><\/p>\n<p><span style=\"font-size: 25px; color: #5c5c5c;\"><strong>Turisti\u010dka zajednica<\/strong><\/span><br \/>\n<span style=\"color: #5c5c5c;\"><em><span style=\"font-size: 25px;\"><strong>Office de Tourisme<\/strong><\/span><\/em><\/span><\/p>\n<p><a class=\"linkstr\" href=\"http:\/\/croatia.hr\/fr-FR\" target=\"_blank\" rel=\"noopener\">http:\/\/croatia.hr<\/a><\/p>\n<p>&nbsp;<\/p>\n<p><img loading=\"lazy\" decoding=\"async\" class=\"alignnone size-full wp-image-280\" src=\"https:\/\/francontraste.ffzg.unizg.hr\/2016\/wp-content\/uploads\/2015\/05\/Confreco.jpg\" alt=\"Confreco\" width=\"167\" height=\"52\"><\/p>\n<p><span style=\"font-size: 25px; color: #5c5c5c;\"><em><strong>Site de la Conf\u00e9rence<\/strong><\/em><\/span><br \/>\n<span style=\"font-size: 25px; color: #5c5c5c;\"><em><strong>des recteurs des universit\u00e9s membres de l&#8217;AUF<\/strong><\/em><\/span><br \/>\n<span style=\"font-size: 25px; color: #5c5c5c;\"><em><strong>en Europe centrale et orientale<\/strong><\/em><\/span><\/p>\n<p><a class=\"linkstr\" href=\"http:\/\/www.confreco.org\" target=\"_blank\" rel=\"noopener\">http:\/\/www.confreco.org<\/a><\/p>\n<p>&nbsp;<\/p>\n<p><img loading=\"lazy\" decoding=\"async\" class=\"alignnone size-full wp-image-284\" src=\"https:\/\/francontraste.ffzg.unizg.hr\/2016\/wp-content\/uploads\/2015\/05\/images.jpg\" alt=\"images\" width=\"300\" height=\"104\"><\/p>\n<p><span style=\"font-size: 25px; color: #5c5c5c;\"><strong>Hrvatska udruga<br \/>\nfrankofonih sveu\u010dili\u0161nih nastavnika<\/strong><\/span><br \/>\n<span style=\"font-size: 25px; color: #5c5c5c;\"><strong><em>Association croate<br \/>\ndes universitaires francophones<\/em><\/strong><\/span><\/p>\n<p><a class=\"linkstr\" href=\"https:\/\/hufsna.wordpress.com\" target=\"_blank\" rel=\"noopener\">https:\/\/hufsna.wordpress.com<\/a><\/p>\n<p>&nbsp;<\/p>\n<p><span style=\"font-size: 25px; color: #5c5c5c;\"><strong><img loading=\"lazy\" decoding=\"async\" class=\"alignnone size-full wp-image-290\" src=\"https:\/\/francontraste.ffzg.unizg.hr\/2016\/wp-content\/uploads\/2015\/05\/Francontraste-2010.gif\" alt=\"Francontraste-2010\" width=\"350\" height=\"46\"><\/strong><\/span><\/p>\n<p><a class=\"linkstr\" href=\"https:\/\/francontraste.ffzg.unizg.hr\/2016\/2010\/accueil02.html\" target=\"_blank\" rel=\"noopener\">https:\/\/francontraste.ffzg.unizg.hr\/2016\/2010<\/a><\/p>\n<p>&nbsp;<\/p>\n<p><span style=\"font-size: 25px; color: #5c5c5c;\"><strong><img loading=\"lazy\" decoding=\"async\" class=\"alignnone size-full wp-image-291\" src=\"https:\/\/francontraste.ffzg.unizg.hr\/2016\/wp-content\/uploads\/2015\/05\/Francontraste-2013.gif\" alt=\"Francontraste-2013\" width=\"350\" height=\"46\"><\/strong><\/span><\/p>\n<p><a class=\"linkstr\" href=\"https:\/\/francontraste.ffzg.unizg.hr\/2016\/2013\" target=\"_blank\" rel=\"noopener\">https:\/\/francontraste.ffzg.unizg.hr\/2016\/2013<\/a><\/p>\n","protected":false},"excerpt":{"rendered":"<p>&nbsp; Filozofski fakultet u Zagrebu Facult\u00e9 de philosophie et lettres http:\/\/www.ffzg.unizg.hr &nbsp; PREDSJEDNICA REPUBLIKE HRVATSKE Pr\u00e9sidente de la R\u00e9publique de Croatie http:\/\/predsjednica.hr &nbsp; Francuska ambasada u Zagrebu Ambassade de France \u00e0 Zagreb http:\/\/www.ambafrance-hr.org &nbsp; \u0160vicarska ambasada u Hrvatskoj Ambassade de Suisse en Croatie https:\/\/www.eda.admin.ch\/countries\/croatia\/fr\/home\/vertretungen\/botschaft.html &nbsp; Institut Fran\u00e7ais http:\/\/institutfrancais.hr &nbsp; Sveu\u010dili\u0161te u Zagrebu Universit\u00e9 de Zagreb &hellip; <a href=\"https:\/\/francontraste.ffzg.unizg.hr\/2016\/?page_id=43\" class=\"more-link\">Continue reading <span class=\"screen-reader-text\">Liens<\/span> <span class=\"meta-nav\">&rarr;<\/span><\/a><\/p>\n","protected":false},"author":1,"featured_media":0,"parent":0,"menu_order":0,"comment_status":"closed","ping_status":"open","template":"","meta":{"footnotes":""},"class_list":["post-43","page","type-page","status-publish","hentry"],"yoast_head":"<!-- This site is optimized with the Yoast SEO plugin v26.6 - https:\/\/yoast.com\/wordpress\/plugins\/seo\/ -->\n<title>Liens - Francontraste 2016<\/title>\n<meta name=\"robots\" content=\"index, follow, max-snippet:-1, max-image-preview:large, max-video-preview:-1\" \/>\n<link rel=\"canonical\" href=\"https:\/\/francontraste.ffzg.unizg.hr\/2016\/?page_id=43\" \/>\n<meta property=\"og:locale\" content=\"en_US\" \/>\n<meta property=\"og:type\" content=\"article\" \/>\n<meta property=\"og:title\" content=\"Liens - Francontraste 2016\" \/>\n<meta property=\"og:description\" content=\"&nbsp; Filozofski fakultet u Zagrebu Facult\u00e9 de philosophie et lettres http:\/\/www.ffzg.unizg.hr &nbsp; PREDSJEDNICA REPUBLIKE HRVATSKE Pr\u00e9sidente de la R\u00e9publique de Croatie http:\/\/predsjednica.hr &nbsp; Francuska ambasada u Zagrebu Ambassade de France \u00e0 Zagreb http:\/\/www.ambafrance-hr.org &nbsp; \u0160vicarska ambasada u Hrvatskoj Ambassade de Suisse en Croatie https:\/\/www.eda.admin.ch\/countries\/croatia\/fr\/home\/vertretungen\/botschaft.html &nbsp; Institut Fran\u00e7ais http:\/\/institutfrancais.hr &nbsp; Sveu\u010dili\u0161te u Zagrebu Universit\u00e9 de Zagreb &hellip; Continue reading Liens &rarr;\" \/>\n<meta property=\"og:url\" content=\"https:\/\/francontraste.ffzg.unizg.hr\/2016\/?page_id=43\" \/>\n<meta property=\"og:site_name\" content=\"Francontraste 2016\" \/>\n<meta property=\"article:modified_time\" content=\"2022-09-16T20:06:07+00:00\" \/>\n<meta property=\"og:image\" content=\"https:\/\/francontraste.ffzg.unizg.hr\/2016\/wp-content\/uploads\/2015\/05\/unizg50.png\" \/>\n\t<meta property=\"og:image:width\" content=\"50\" \/>\n\t<meta property=\"og:image:height\" content=\"50\" \/>\n\t<meta property=\"og:image:type\" content=\"image\/png\" \/>\n<meta name=\"twitter:card\" content=\"summary_large_image\" \/>\n<meta name=\"twitter:label1\" content=\"Est. reading time\" \/>\n\t<meta name=\"twitter:data1\" content=\"1 minute\" \/>\n<script type=\"application\/ld+json\" class=\"yoast-schema-graph\">{\"@context\":\"https:\/\/schema.org\",\"@graph\":[{\"@type\":\"WebPage\",\"@id\":\"https:\/\/francontraste.ffzg.unizg.hr\/2016\/?page_id=43\",\"url\":\"https:\/\/francontraste.ffzg.unizg.hr\/2016\/?page_id=43\",\"name\":\"Liens - Francontraste 2016\",\"isPartOf\":{\"@id\":\"https:\/\/francontraste.ffzg.unizg.hr\/2016\/#website\"},\"primaryImageOfPage\":{\"@id\":\"https:\/\/francontraste.ffzg.unizg.hr\/2016\/?page_id=43#primaryimage\"},\"image\":{\"@id\":\"https:\/\/francontraste.ffzg.unizg.hr\/2016\/?page_id=43#primaryimage\"},\"thumbnailUrl\":\"https:\/\/francontraste.ffzg.unizg.hr\/2016\/wp-content\/uploads\/2015\/05\/unizg50.png\",\"datePublished\":\"2015-05-04T23:32:13+00:00\",\"dateModified\":\"2022-09-16T20:06:07+00:00\",\"breadcrumb\":{\"@id\":\"https:\/\/francontraste.ffzg.unizg.hr\/2016\/?page_id=43#breadcrumb\"},\"inLanguage\":\"en-US\",\"potentialAction\":[{\"@type\":\"ReadAction\",\"target\":[\"https:\/\/francontraste.ffzg.unizg.hr\/2016\/?page_id=43\"]}]},{\"@type\":\"ImageObject\",\"inLanguage\":\"en-US\",\"@id\":\"https:\/\/francontraste.ffzg.unizg.hr\/2016\/?page_id=43#primaryimage\",\"url\":\"https:\/\/francontraste.ffzg.unizg.hr\/2016\/wp-content\/uploads\/2015\/05\/unizg50.png\",\"contentUrl\":\"https:\/\/francontraste.ffzg.unizg.hr\/2016\/wp-content\/uploads\/2015\/05\/unizg50.png\",\"width\":50,\"height\":50},{\"@type\":\"BreadcrumbList\",\"@id\":\"https:\/\/francontraste.ffzg.unizg.hr\/2016\/?page_id=43#breadcrumb\",\"itemListElement\":[{\"@type\":\"ListItem\",\"position\":1,\"name\":\"Home\",\"item\":\"https:\/\/francontraste.ffzg.unizg.hr\/2016\/\"},{\"@type\":\"ListItem\",\"position\":2,\"name\":\"Liens\"}]},{\"@type\":\"WebSite\",\"@id\":\"https:\/\/francontraste.ffzg.unizg.hr\/2016\/#website\",\"url\":\"https:\/\/francontraste.ffzg.unizg.hr\/2016\/\",\"name\":\"Francontraste 2016\",\"description\":\"\",\"potentialAction\":[{\"@type\":\"SearchAction\",\"target\":{\"@type\":\"EntryPoint\",\"urlTemplate\":\"https:\/\/francontraste.ffzg.unizg.hr\/2016\/?s={search_term_string}\"},\"query-input\":{\"@type\":\"PropertyValueSpecification\",\"valueRequired\":true,\"valueName\":\"search_term_string\"}}],\"inLanguage\":\"en-US\"}]}<\/script>\n<!-- \/ Yoast SEO plugin. -->","yoast_head_json":{"title":"Liens - Francontraste 2016","robots":{"index":"index","follow":"follow","max-snippet":"max-snippet:-1","max-image-preview":"max-image-preview:large","max-video-preview":"max-video-preview:-1"},"canonical":"https:\/\/francontraste.ffzg.unizg.hr\/2016\/?page_id=43","og_locale":"en_US","og_type":"article","og_title":"Liens - Francontraste 2016","og_description":"&nbsp; Filozofski fakultet u Zagrebu Facult\u00e9 de philosophie et lettres http:\/\/www.ffzg.unizg.hr &nbsp; PREDSJEDNICA REPUBLIKE HRVATSKE Pr\u00e9sidente de la R\u00e9publique de Croatie http:\/\/predsjednica.hr &nbsp; Francuska ambasada u Zagrebu Ambassade de France \u00e0 Zagreb http:\/\/www.ambafrance-hr.org &nbsp; \u0160vicarska ambasada u Hrvatskoj Ambassade de Suisse en Croatie https:\/\/www.eda.admin.ch\/countries\/croatia\/fr\/home\/vertretungen\/botschaft.html &nbsp; Institut Fran\u00e7ais http:\/\/institutfrancais.hr &nbsp; Sveu\u010dili\u0161te u Zagrebu Universit\u00e9 de Zagreb &hellip; Continue reading Liens &rarr;","og_url":"https:\/\/francontraste.ffzg.unizg.hr\/2016\/?page_id=43","og_site_name":"Francontraste 2016","article_modified_time":"2022-09-16T20:06:07+00:00","og_image":[{"width":50,"height":50,"url":"https:\/\/francontraste.ffzg.unizg.hr\/2016\/wp-content\/uploads\/2015\/05\/unizg50.png","type":"image\/png"}],"twitter_card":"summary_large_image","twitter_misc":{"Est. reading time":"1 minute"},"schema":{"@context":"https:\/\/schema.org","@graph":[{"@type":"WebPage","@id":"https:\/\/francontraste.ffzg.unizg.hr\/2016\/?page_id=43","url":"https:\/\/francontraste.ffzg.unizg.hr\/2016\/?page_id=43","name":"Liens - Francontraste 2016","isPartOf":{"@id":"https:\/\/francontraste.ffzg.unizg.hr\/2016\/#website"},"primaryImageOfPage":{"@id":"https:\/\/francontraste.ffzg.unizg.hr\/2016\/?page_id=43#primaryimage"},"image":{"@id":"https:\/\/francontraste.ffzg.unizg.hr\/2016\/?page_id=43#primaryimage"},"thumbnailUrl":"https:\/\/francontraste.ffzg.unizg.hr\/2016\/wp-content\/uploads\/2015\/05\/unizg50.png","datePublished":"2015-05-04T23:32:13+00:00","dateModified":"2022-09-16T20:06:07+00:00","breadcrumb":{"@id":"https:\/\/francontraste.ffzg.unizg.hr\/2016\/?page_id=43#breadcrumb"},"inLanguage":"en-US","potentialAction":[{"@type":"ReadAction","target":["https:\/\/francontraste.ffzg.unizg.hr\/2016\/?page_id=43"]}]},{"@type":"ImageObject","inLanguage":"en-US","@id":"https:\/\/francontraste.ffzg.unizg.hr\/2016\/?page_id=43#primaryimage","url":"https:\/\/francontraste.ffzg.unizg.hr\/2016\/wp-content\/uploads\/2015\/05\/unizg50.png","contentUrl":"https:\/\/francontraste.ffzg.unizg.hr\/2016\/wp-content\/uploads\/2015\/05\/unizg50.png","width":50,"height":50},{"@type":"BreadcrumbList","@id":"https:\/\/francontraste.ffzg.unizg.hr\/2016\/?page_id=43#breadcrumb","itemListElement":[{"@type":"ListItem","position":1,"name":"Home","item":"https:\/\/francontraste.ffzg.unizg.hr\/2016\/"},{"@type":"ListItem","position":2,"name":"Liens"}]},{"@type":"WebSite","@id":"https:\/\/francontraste.ffzg.unizg.hr\/2016\/#website","url":"https:\/\/francontraste.ffzg.unizg.hr\/2016\/","name":"Francontraste 2016","description":"","potentialAction":[{"@type":"SearchAction","target":{"@type":"EntryPoint","urlTemplate":"https:\/\/francontraste.ffzg.unizg.hr\/2016\/?s={search_term_string}"},"query-input":{"@type":"PropertyValueSpecification","valueRequired":true,"valueName":"search_term_string"}}],"inLanguage":"en-US"}]}},"_links":{"self":[{"href":"https:\/\/francontraste.ffzg.unizg.hr\/2016\/index.php?rest_route=\/wp\/v2\/pages\/43","targetHints":{"allow":["GET"]}}],"collection":[{"href":"https:\/\/francontraste.ffzg.unizg.hr\/2016\/index.php?rest_route=\/wp\/v2\/pages"}],"about":[{"href":"https:\/\/francontraste.ffzg.unizg.hr\/2016\/index.php?rest_route=\/wp\/v2\/types\/page"}],"author":[{"embeddable":true,"href":"https:\/\/francontraste.ffzg.unizg.hr\/2016\/index.php?rest_route=\/wp\/v2\/users\/1"}],"replies":[{"embeddable":true,"href":"https:\/\/francontraste.ffzg.unizg.hr\/2016\/index.php?rest_route=%2Fwp%2Fv2%2Fcomments&post=43"}],"version-history":[{"count":52,"href":"https:\/\/francontraste.ffzg.unizg.hr\/2016\/index.php?rest_route=\/wp\/v2\/pages\/43\/revisions"}],"predecessor-version":[{"id":1125,"href":"https:\/\/francontraste.ffzg.unizg.hr\/2016\/index.php?rest_route=\/wp\/v2\/pages\/43\/revisions\/1125"}],"wp:attachment":[{"href":"https:\/\/francontraste.ffzg.unizg.hr\/2016\/index.php?rest_route=%2Fwp%2Fv2%2Fmedia&parent=43"}],"curies":[{"name":"wp","href":"https:\/\/api.w.org\/{rel}","templated":true}]}}