{"id":31,"date":"2015-05-04T23:29:48","date_gmt":"2015-05-04T23:29:48","guid":{"rendered":"https:\/\/francontraste.ffzg.unizg.hr\/2016\/?page_id=31"},"modified":"2016-04-05T12:20:16","modified_gmt":"2016-04-05T12:20:16","slug":"consignes-aux-auteurs","status":"publish","type":"page","link":"https:\/\/francontraste.ffzg.unizg.hr\/2016\/?page_id=31","title":{"rendered":"Consignes aux auteurs"},"content":{"rendered":"<h2><span style=\"color: #5c5c5c; font-family: Arial,Helvetica,sans-serif;\"><strong><br \/>\nCommunications orales et \u00e9crites<\/strong><\/span><\/h2>\n<p><span style=\"font-family: Times New Roman,Times; font-size: 19px;\">Types de contribution au Colloque\u00a0:<\/span><\/p>\n<p><span style=\"font-family: Times New Roman,Times; font-size: 19px;\">&#8211; les conf\u00e9renciers pl\u00e9niers auront \u00e0 leur disposition 45 minutes, dont 10 min pour les questions de l\u2019auditoire.<\/span><br \/>\n<span style=\"font-family: Times New Roman,Times; font-size: 19px;\"> &#8211; communications orales de 15 minutes + 5 minutes de discussion<\/span><br \/>\n<span style=\"font-family: Times New Roman,Times; font-size: 19px;\"> &#8211; possibilit\u00e9 de proposer une table ronde ou bien un atelier en proposant la th\u00e9matique qui, apr\u00e8s avoir affich\u00e9 le titre de la table ronde\/de l\u2019atelier sur le site web du Colloque, r\u00e9unirait une \u00e9quipe d\u2019intervenants au cours d\u2019une s\u00e9ance table ronde\/atelier d\u2019une dur\u00e9e de 2h30<\/span><br \/>\n<span style=\"font-family: Times New Roman,Times; font-size: 19px;\"> &#8211; possibilit\u00e9 de participer en tant qu\u2019auditeur (sans pr\u00e9sentation)<\/span><\/p>\n<p><span style=\"font-family: Times New Roman,Times; font-size: 19px;\">Vous pouvez nous faire parvenir votre contribution en fichier attach\u00e9 \u00e0 un courriel envoy\u00e9 \u00e0\u00a0francontraste@ffzg.hr. Nous vous prions de vous conformer aux normes suivantes :<\/span><\/p>\n<p><span style=\"font-family: Times New Roman,Times; font-size: 19px;\"><strong>Les communications \u00e9crites devront \u00eatre soumises jusqu\u2019au 30 mai 2016.<\/strong><\/span><\/p>\n<p>&nbsp;<\/p>\n<h2><span style=\"font-family: Arial,Helvetica,sans-serif; color: #5c5c5c;\"><strong>Consignes aux auteurs<\/strong><\/span><\/h2>\n<p><span style=\"font-family: Times New Roman,Times; font-size: 19px;\">1. Le titre de l\u2019article, centralis\u00e9, taille 10, en gras et en petits caract\u00e8res, ne sera pas trop long.<\/span><\/p>\n<p><span style=\"font-family: Times New Roman,Times; font-size: 19px;\">Le pr\u00e9nom et le nom de l\u2019auteur (en gras), de son institution, du pays et l\u2019adresse \u00e9lectronique de l\u2019auteur seront centr\u00e9s et en petits caract\u00e8res.<\/span><\/p>\n<p><span style=\"font-family: Times New Roman,Times; font-size: 19px;\">2. Tout article devra \u00eatre pr\u00e9c\u00e9d\u00e9 d\u2019un r\u00e9sum\u00e9 de 8-10 lignes maximum suivi de 3 ou 5 mots-cl\u00e9s en petits caract\u00e8res, taille 9. Ce r\u00e9sum\u00e9, suffisamment clair pour \u00eatre traduit, ne ressemblera ni \u00e0 une pr\u00e9sentation ni \u00e0 une introduction.<\/span><\/p>\n<p><span style=\"font-family: Times New Roman,Times; font-size: 19px;\">3. Titre de l\u2019article, r\u00e9sum\u00e9 et mots-cl\u00e9s en fran\u00e7ais seront suivis de leur traduction en anglais.<\/span><\/p>\n<p><span style=\"font-family: Times New Roman,Times; font-size: 19px;\">4. La police de caract\u00e8re est Tr\u00e9buchet ou Times New Roman, taille 10. Le texte, sur fichier Word, doit \u00eatre saisi au kilom\u00e8tre. La tabulation est interdite.<\/span><\/p>\n<p><span style=\"font-family: Times New Roman,Times; font-size: 19px;\">5. Les auteurs, dans la mesure du possible, \u00e9viteront de d\u00e9passer 30.000 signes, soit 10 pages Word, bibliographie et notes comprises.<\/span><\/p>\n<p><span style=\"font-family: Times New Roman,Times; font-size: 19px;\">6. Tous les paragraphes (titres en gras, petits caract\u00e8res) seront distincts avec un seul espace. La segmentation en 2 voire 3 niveaux de titre est suffisante.<\/span><\/p>\n<p><span style=\"font-family: Times New Roman,Times; font-size: 19px;\">7. Les mots ou expressions que l\u2019auteur souhaite mettre en relief seront entre guillemets ou en italique. Le soulignement, les caract\u00e8res gras et les majuscules ne seront en aucun cas utilis\u00e9s, m\u00eame aux noms propres et dans les r\u00e9f\u00e9rences bibliographiques, sauf la majuscule initiale.<\/span><\/p>\n<p><span style=\"font-family: Times New Roman,Times; font-size: 19px;\">8. Les notes, br\u00e8ves de pr\u00e9f\u00e9rence, figureront en fin d\u2019article avec appel de note automatique continu (1,2,\u20265). L\u2019article ne devra pas avoir plus de 10 ou 15 notes.<\/span><\/p>\n<p><span style=\"font-family: Times New Roman,Times; font-size: 19px;\">9. Dans le corps du texte, les renvois \u00e0 la bibliographie se pr\u00e9senteront comme suit : (Dupont, 1999 : 55).<\/span><\/p>\n<p><span style=\"font-family: Times New Roman,Times; font-size: 19px;\">10. Les citations, toujours conformes au respect des droits d\u2019auteurs, seront en italique, taille 8. Les citations dans une langue autre que celle de l\u2019article devront \u00eatre traduites dans le corps de l\u2019article avec la version originale en note.<\/span><\/p>\n<p><span style=\"font-family: Times New Roman,Times; font-size: 19px;\">11. La bibliographie en fin d\u2019article (sans alin\u00e9a, 10 \u00e0 15 r\u00e9f\u00e9rences) s\u2019en tiendra principalement aux ouvrages cit\u00e9s dans l\u2019article et s\u2019\u00e9tablira par classement alphab\u00e9tico-chronologique des noms propres.<\/span><\/p>\n<p><span style=\"font-family: Times New Roman,Times; font-size: 19px;\">12. Pour un ouvrage :<\/span><\/p>\n<p><span style=\"font-family: Times New Roman,Times; font-size: 19px;\">Baume, E. 1985. La lecture \u2013 pr\u00e9alables \u00e0 sa P\u00e9dagogie. Paris : Association Fran\u00e7aise pour la lecture.<\/span><\/p>\n<p><span style=\"font-family: Times New Roman,Times; font-size: 19px;\">Fayol, M. et al. 1992. Psychologie cognitive de la lecture. Paris : PUF.<\/span><\/p>\n<p><span style=\"font-family: Times New Roman,Times; font-size: 19px;\">Gaonac\u2019h, D., Golder, C. 1995. Manuel de psychologie pour l\u2019enseignement. Paris : Hachette.<\/span><\/p>\n<p><span style=\"font-family: Times New Roman,Times; font-size: 19px;\">13. Pour les travaux publi\u00e9s dans un ouvrage collectif :<\/span><\/p>\n<p><span style=\"font-family: Times New Roman,Times; font-size: 19px;\">Morais, J. 1996. La lecture et l\u2019apprentissage de la lecture : questions pour la science. In : Regards sur la lecture et ses apprentissages. Paris : Observatoire National de la lecture.<\/span><\/p>\n<p><span style=\"font-family: Times New Roman,Times; font-size: 19px;\">14. Pour un article de p\u00e9riodique :<\/span><\/p>\n<p><span style=\"font-family: Times New Roman,Times; font-size: 19px;\">Kern, R.G. 1994. \u00ab The Role of Mental Translation in Second Language Reading \u00bb. Studies in Second Language Acquisition, n\u00ba16, pp. 41-61.<\/span><\/p>\n<p><span style=\"font-family: Times New Roman,Times; font-size: 19px;\">15. Pour les r\u00e9f\u00e9rences \u00e9lectroniques :<\/span><\/p>\n<p><span style=\"font-family: Times New Roman,Times; font-size: 19px;\">Les auteurs supprimeront l\u2019hyperlien et le soulignement automatique. Elles seront suivies de la date de consultation apr\u00e8s une stricte v\u00e9rification de leur fiabilit\u00e9 et du respect du Copyright.<\/span><\/p>\n<p><span style=\"font-family: Times New Roman,Times; font-size: 19px;\">16. En cas de recours \u00e0 l\u2019Alphabet Phon\u00e9tique International, utiliser gratuitement les symboles sur le site : <a class=\"linkstr\" href=\"http:\/\/www.sil.org\/computing\/fonts\/encore-ipa.html\" target=\"_blank\">http:\/\/www.sil.org\/computing\/fonts\/encore-ipa.html<\/a><\/span><\/p>\n<p><span style=\"font-family: Times New Roman,Times; font-size: 19px;\">17. Tout document (Graphiques, sch\u00e9mas, figures, photos, cartes g\u00e9ographiques etc.) sera envoy\u00e9 sans couleur en format PDF ou JPEG, avec obligation de r\u00e9f\u00e9rences, de mettre une l\u00e9gende et un titre conformes au copyright sans \u00eatre copi\u00e9\/coll\u00e9 mais scann\u00e9 \u00e0 plus de 300 pixels (avec param\u00e8tres de cadrage). Un extrait de texte scann\u00e9 doit \u00eatre r\u00e9\u00e9crit en Word, il est \u00e9galement possible d\u2019utiliser un logiciel de reconnaissance des caract\u00e8res pour \u00e9viter tout probl\u00e8me de qualit\u00e9 d\u2019impression. L\u2019\u00e9paisseur de trait des tableaux doit \u00eatre de 0,25. Les tableaux (Police Tr\u00e9buchet Taille 8) qui ne sont pas assez clairs sont refus\u00e9s.<\/span><\/p>\n<p><span style=\"font-family: Times New Roman,Times; font-size: 19px;\">18. Les captations d\u2019\u00e9crans sur l\u2019internet ne sont pas accept\u00e9es. Tout extrait de texte doit \u00eatre r\u00e9\u00e9crit en Word avec indication des r\u00e9f\u00e9rences.<\/span><\/p>\n","protected":false},"excerpt":{"rendered":"<p>Communications orales et \u00e9crites Types de contribution au Colloque\u00a0: &#8211; les conf\u00e9renciers pl\u00e9niers auront \u00e0 leur disposition 45 minutes, dont 10 min pour les questions de l\u2019auditoire. &#8211; communications orales de 15 minutes + 5 minutes de discussion &#8211; possibilit\u00e9 de proposer une table ronde ou bien un atelier en proposant la th\u00e9matique qui, apr\u00e8s &hellip; <a href=\"https:\/\/francontraste.ffzg.unizg.hr\/2016\/?page_id=31\" class=\"more-link\">Continue reading <span class=\"screen-reader-text\">Consignes aux auteurs<\/span> <span class=\"meta-nav\">&rarr;<\/span><\/a><\/p>\n","protected":false},"author":1,"featured_media":0,"parent":0,"menu_order":0,"comment_status":"closed","ping_status":"open","template":"","meta":{"footnotes":""},"class_list":["post-31","page","type-page","status-publish","hentry"],"yoast_head":"<!-- This site is optimized with the Yoast SEO plugin v26.6 - https:\/\/yoast.com\/wordpress\/plugins\/seo\/ -->\n<title>Consignes aux auteurs - Francontraste 2016<\/title>\n<meta name=\"robots\" content=\"index, follow, max-snippet:-1, max-image-preview:large, max-video-preview:-1\" \/>\n<link rel=\"canonical\" href=\"https:\/\/francontraste.ffzg.unizg.hr\/2016\/?page_id=31\" \/>\n<meta property=\"og:locale\" content=\"en_US\" \/>\n<meta property=\"og:type\" content=\"article\" \/>\n<meta property=\"og:title\" content=\"Consignes aux auteurs - Francontraste 2016\" \/>\n<meta property=\"og:description\" content=\"Communications orales et \u00e9crites Types de contribution au Colloque\u00a0: &#8211; les conf\u00e9renciers pl\u00e9niers auront \u00e0 leur disposition 45 minutes, dont 10 min pour les questions de l\u2019auditoire. &#8211; communications orales de 15 minutes + 5 minutes de discussion &#8211; possibilit\u00e9 de proposer une table ronde ou bien un atelier en proposant la th\u00e9matique qui, apr\u00e8s &hellip; Continue reading Consignes aux auteurs &rarr;\" \/>\n<meta property=\"og:url\" content=\"https:\/\/francontraste.ffzg.unizg.hr\/2016\/?page_id=31\" \/>\n<meta property=\"og:site_name\" content=\"Francontraste 2016\" \/>\n<meta property=\"article:modified_time\" content=\"2016-04-05T12:20:16+00:00\" \/>\n<meta name=\"twitter:card\" content=\"summary_large_image\" \/>\n<meta name=\"twitter:label1\" content=\"Est. reading time\" \/>\n\t<meta name=\"twitter:data1\" content=\"4 minutes\" \/>\n<script type=\"application\/ld+json\" class=\"yoast-schema-graph\">{\"@context\":\"https:\/\/schema.org\",\"@graph\":[{\"@type\":\"WebPage\",\"@id\":\"https:\/\/francontraste.ffzg.unizg.hr\/2016\/?page_id=31\",\"url\":\"https:\/\/francontraste.ffzg.unizg.hr\/2016\/?page_id=31\",\"name\":\"Consignes aux auteurs - Francontraste 2016\",\"isPartOf\":{\"@id\":\"https:\/\/francontraste.ffzg.unizg.hr\/2016\/#website\"},\"datePublished\":\"2015-05-04T23:29:48+00:00\",\"dateModified\":\"2016-04-05T12:20:16+00:00\",\"breadcrumb\":{\"@id\":\"https:\/\/francontraste.ffzg.unizg.hr\/2016\/?page_id=31#breadcrumb\"},\"inLanguage\":\"en-US\",\"potentialAction\":[{\"@type\":\"ReadAction\",\"target\":[\"https:\/\/francontraste.ffzg.unizg.hr\/2016\/?page_id=31\"]}]},{\"@type\":\"BreadcrumbList\",\"@id\":\"https:\/\/francontraste.ffzg.unizg.hr\/2016\/?page_id=31#breadcrumb\",\"itemListElement\":[{\"@type\":\"ListItem\",\"position\":1,\"name\":\"Home\",\"item\":\"https:\/\/francontraste.ffzg.unizg.hr\/2016\/\"},{\"@type\":\"ListItem\",\"position\":2,\"name\":\"Consignes aux auteurs\"}]},{\"@type\":\"WebSite\",\"@id\":\"https:\/\/francontraste.ffzg.unizg.hr\/2016\/#website\",\"url\":\"https:\/\/francontraste.ffzg.unizg.hr\/2016\/\",\"name\":\"Francontraste 2016\",\"description\":\"\",\"potentialAction\":[{\"@type\":\"SearchAction\",\"target\":{\"@type\":\"EntryPoint\",\"urlTemplate\":\"https:\/\/francontraste.ffzg.unizg.hr\/2016\/?s={search_term_string}\"},\"query-input\":{\"@type\":\"PropertyValueSpecification\",\"valueRequired\":true,\"valueName\":\"search_term_string\"}}],\"inLanguage\":\"en-US\"}]}<\/script>\n<!-- \/ Yoast SEO plugin. -->","yoast_head_json":{"title":"Consignes aux auteurs - Francontraste 2016","robots":{"index":"index","follow":"follow","max-snippet":"max-snippet:-1","max-image-preview":"max-image-preview:large","max-video-preview":"max-video-preview:-1"},"canonical":"https:\/\/francontraste.ffzg.unizg.hr\/2016\/?page_id=31","og_locale":"en_US","og_type":"article","og_title":"Consignes aux auteurs - Francontraste 2016","og_description":"Communications orales et \u00e9crites Types de contribution au Colloque\u00a0: &#8211; les conf\u00e9renciers pl\u00e9niers auront \u00e0 leur disposition 45 minutes, dont 10 min pour les questions de l\u2019auditoire. &#8211; communications orales de 15 minutes + 5 minutes de discussion &#8211; possibilit\u00e9 de proposer une table ronde ou bien un atelier en proposant la th\u00e9matique qui, apr\u00e8s &hellip; Continue reading Consignes aux auteurs &rarr;","og_url":"https:\/\/francontraste.ffzg.unizg.hr\/2016\/?page_id=31","og_site_name":"Francontraste 2016","article_modified_time":"2016-04-05T12:20:16+00:00","twitter_card":"summary_large_image","twitter_misc":{"Est. reading time":"4 minutes"},"schema":{"@context":"https:\/\/schema.org","@graph":[{"@type":"WebPage","@id":"https:\/\/francontraste.ffzg.unizg.hr\/2016\/?page_id=31","url":"https:\/\/francontraste.ffzg.unizg.hr\/2016\/?page_id=31","name":"Consignes aux auteurs - Francontraste 2016","isPartOf":{"@id":"https:\/\/francontraste.ffzg.unizg.hr\/2016\/#website"},"datePublished":"2015-05-04T23:29:48+00:00","dateModified":"2016-04-05T12:20:16+00:00","breadcrumb":{"@id":"https:\/\/francontraste.ffzg.unizg.hr\/2016\/?page_id=31#breadcrumb"},"inLanguage":"en-US","potentialAction":[{"@type":"ReadAction","target":["https:\/\/francontraste.ffzg.unizg.hr\/2016\/?page_id=31"]}]},{"@type":"BreadcrumbList","@id":"https:\/\/francontraste.ffzg.unizg.hr\/2016\/?page_id=31#breadcrumb","itemListElement":[{"@type":"ListItem","position":1,"name":"Home","item":"https:\/\/francontraste.ffzg.unizg.hr\/2016\/"},{"@type":"ListItem","position":2,"name":"Consignes aux auteurs"}]},{"@type":"WebSite","@id":"https:\/\/francontraste.ffzg.unizg.hr\/2016\/#website","url":"https:\/\/francontraste.ffzg.unizg.hr\/2016\/","name":"Francontraste 2016","description":"","potentialAction":[{"@type":"SearchAction","target":{"@type":"EntryPoint","urlTemplate":"https:\/\/francontraste.ffzg.unizg.hr\/2016\/?s={search_term_string}"},"query-input":{"@type":"PropertyValueSpecification","valueRequired":true,"valueName":"search_term_string"}}],"inLanguage":"en-US"}]}},"_links":{"self":[{"href":"https:\/\/francontraste.ffzg.unizg.hr\/2016\/index.php?rest_route=\/wp\/v2\/pages\/31","targetHints":{"allow":["GET"]}}],"collection":[{"href":"https:\/\/francontraste.ffzg.unizg.hr\/2016\/index.php?rest_route=\/wp\/v2\/pages"}],"about":[{"href":"https:\/\/francontraste.ffzg.unizg.hr\/2016\/index.php?rest_route=\/wp\/v2\/types\/page"}],"author":[{"embeddable":true,"href":"https:\/\/francontraste.ffzg.unizg.hr\/2016\/index.php?rest_route=\/wp\/v2\/users\/1"}],"replies":[{"embeddable":true,"href":"https:\/\/francontraste.ffzg.unizg.hr\/2016\/index.php?rest_route=%2Fwp%2Fv2%2Fcomments&post=31"}],"version-history":[{"count":9,"href":"https:\/\/francontraste.ffzg.unizg.hr\/2016\/index.php?rest_route=\/wp\/v2\/pages\/31\/revisions"}],"predecessor-version":[{"id":661,"href":"https:\/\/francontraste.ffzg.unizg.hr\/2016\/index.php?rest_route=\/wp\/v2\/pages\/31\/revisions\/661"}],"wp:attachment":[{"href":"https:\/\/francontraste.ffzg.unizg.hr\/2016\/index.php?rest_route=%2Fwp%2Fv2%2Fmedia&parent=31"}],"curies":[{"name":"wp","href":"https:\/\/api.w.org\/{rel}","templated":true}]}}