{"id":24,"date":"2015-05-04T23:28:28","date_gmt":"2015-05-04T23:28:28","guid":{"rendered":"https:\/\/francontraste.ffzg.unizg.hr\/2016\/?page_id=24"},"modified":"2015-11-19T13:08:35","modified_gmt":"2015-11-19T13:08:35","slug":"frais-dinscription","status":"publish","type":"page","link":"https:\/\/francontraste.ffzg.unizg.hr\/2016\/?page_id=24","title":{"rendered":"Frais d\u2019inscription"},"content":{"rendered":"<p><span style=\"font-size: 19px; font-family: Times New Roman,Times;\">Etudiants : 30 EUR<\/span><\/p>\n<p><span style=\"font-size: 19px; font-family: Times New Roman,Times;\">Autres : 80 EUR<\/span><\/p>\n<h2><span style=\"color: #5c5c5c;\"><strong><span style=\"font-family: Arial,Helvetica,sans-serif;\">Moyen de paiement<\/p>\n<p><\/span><\/strong><\/span><\/h2>\n<p><span style=\"font-family: Times New Roman,Times; font-size: 19px;\">Nom de la banque : Zagreba\u010dka banka<\/span><\/p>\n<p><span style=\"font-family: Times New Roman,Times; font-size: 19px;\">Compte courant : 2360000 &#8211; 1101311177<\/span><\/p>\n<p><span style=\"font-family: Times New Roman,Times; font-size: 19px;\">Indice de r\u00e9f\u00e9rence\u00b0 : 2 280 2177 (\u00e0 mentionner sur le virement)<\/span><\/p>\n<p><span style=\"font-family: Times New Roman,Times; font-size: 19px;\">SWIFT\/BIC : ZABAHR2X<\/span><\/p>\n<p><span style=\"font-family: Times New Roman,Times; font-size: 19px;\">IBAN : HR1823600001101311177<\/span><\/p>\n<p><span style=\"font-family: Times New Roman,Times; font-size: 19px;\">Nom du titulaire : Facult\u00e9 des Sciences Humaines et Sociales<\/span><\/p>\n<p><span style=\"font-family: Times New Roman,Times; font-size: 19px;\">Adresse du titulaire: Rue Ivana Lu\u010di\u0107a 3, 10 000 Zagreb, Croatie<\/span><\/p>\n","protected":false},"excerpt":{"rendered":"<p>Etudiants : 30 EUR Autres : 80 EUR Moyen de paiement Nom de la banque : Zagreba\u010dka banka Compte courant : 2360000 &#8211; 1101311177 Indice de r\u00e9f\u00e9rence\u00b0 : 2 280 2177 (\u00e0 mentionner sur le virement) SWIFT\/BIC : ZABAHR2X IBAN : HR1823600001101311177 Nom du titulaire : Facult\u00e9 des Sciences Humaines et Sociales Adresse du titulaire: &hellip; <a href=\"https:\/\/francontraste.ffzg.unizg.hr\/2016\/?page_id=24\" class=\"more-link\">Continue reading <span class=\"screen-reader-text\">Frais d\u2019inscription<\/span> <span class=\"meta-nav\">&rarr;<\/span><\/a><\/p>\n","protected":false},"author":1,"featured_media":0,"parent":0,"menu_order":0,"comment_status":"closed","ping_status":"open","template":"","meta":{"footnotes":""},"class_list":["post-24","page","type-page","status-publish","hentry"],"yoast_head":"<!-- This site is optimized with the Yoast SEO plugin v26.6 - https:\/\/yoast.com\/wordpress\/plugins\/seo\/ -->\n<title>Frais d\u2019inscription - Francontraste 2016<\/title>\n<meta name=\"robots\" content=\"index, follow, max-snippet:-1, max-image-preview:large, max-video-preview:-1\" \/>\n<link rel=\"canonical\" href=\"https:\/\/francontraste.ffzg.unizg.hr\/2016\/?page_id=24\" \/>\n<meta property=\"og:locale\" content=\"en_US\" \/>\n<meta property=\"og:type\" content=\"article\" \/>\n<meta property=\"og:title\" content=\"Frais d\u2019inscription - Francontraste 2016\" \/>\n<meta property=\"og:description\" content=\"Etudiants : 30 EUR Autres : 80 EUR Moyen de paiement Nom de la banque : Zagreba\u010dka banka Compte courant : 2360000 &#8211; 1101311177 Indice de r\u00e9f\u00e9rence\u00b0 : 2 280 2177 (\u00e0 mentionner sur le virement) SWIFT\/BIC : ZABAHR2X IBAN : HR1823600001101311177 Nom du titulaire : Facult\u00e9 des Sciences Humaines et Sociales Adresse du titulaire: &hellip; Continue reading Frais d\u2019inscription &rarr;\" \/>\n<meta property=\"og:url\" content=\"https:\/\/francontraste.ffzg.unizg.hr\/2016\/?page_id=24\" \/>\n<meta property=\"og:site_name\" content=\"Francontraste 2016\" \/>\n<meta property=\"article:modified_time\" content=\"2015-11-19T13:08:35+00:00\" \/>\n<meta name=\"twitter:card\" content=\"summary_large_image\" \/>\n<script type=\"application\/ld+json\" class=\"yoast-schema-graph\">{\"@context\":\"https:\/\/schema.org\",\"@graph\":[{\"@type\":\"WebPage\",\"@id\":\"https:\/\/francontraste.ffzg.unizg.hr\/2016\/?page_id=24\",\"url\":\"https:\/\/francontraste.ffzg.unizg.hr\/2016\/?page_id=24\",\"name\":\"Frais d\u2019inscription - Francontraste 2016\",\"isPartOf\":{\"@id\":\"https:\/\/francontraste.ffzg.unizg.hr\/2016\/#website\"},\"datePublished\":\"2015-05-04T23:28:28+00:00\",\"dateModified\":\"2015-11-19T13:08:35+00:00\",\"breadcrumb\":{\"@id\":\"https:\/\/francontraste.ffzg.unizg.hr\/2016\/?page_id=24#breadcrumb\"},\"inLanguage\":\"en-US\",\"potentialAction\":[{\"@type\":\"ReadAction\",\"target\":[\"https:\/\/francontraste.ffzg.unizg.hr\/2016\/?page_id=24\"]}]},{\"@type\":\"BreadcrumbList\",\"@id\":\"https:\/\/francontraste.ffzg.unizg.hr\/2016\/?page_id=24#breadcrumb\",\"itemListElement\":[{\"@type\":\"ListItem\",\"position\":1,\"name\":\"Home\",\"item\":\"https:\/\/francontraste.ffzg.unizg.hr\/2016\/\"},{\"@type\":\"ListItem\",\"position\":2,\"name\":\"Frais d\u2019inscription\"}]},{\"@type\":\"WebSite\",\"@id\":\"https:\/\/francontraste.ffzg.unizg.hr\/2016\/#website\",\"url\":\"https:\/\/francontraste.ffzg.unizg.hr\/2016\/\",\"name\":\"Francontraste 2016\",\"description\":\"\",\"potentialAction\":[{\"@type\":\"SearchAction\",\"target\":{\"@type\":\"EntryPoint\",\"urlTemplate\":\"https:\/\/francontraste.ffzg.unizg.hr\/2016\/?s={search_term_string}\"},\"query-input\":{\"@type\":\"PropertyValueSpecification\",\"valueRequired\":true,\"valueName\":\"search_term_string\"}}],\"inLanguage\":\"en-US\"}]}<\/script>\n<!-- \/ Yoast SEO plugin. -->","yoast_head_json":{"title":"Frais d\u2019inscription - Francontraste 2016","robots":{"index":"index","follow":"follow","max-snippet":"max-snippet:-1","max-image-preview":"max-image-preview:large","max-video-preview":"max-video-preview:-1"},"canonical":"https:\/\/francontraste.ffzg.unizg.hr\/2016\/?page_id=24","og_locale":"en_US","og_type":"article","og_title":"Frais d\u2019inscription - Francontraste 2016","og_description":"Etudiants : 30 EUR Autres : 80 EUR Moyen de paiement Nom de la banque : Zagreba\u010dka banka Compte courant : 2360000 &#8211; 1101311177 Indice de r\u00e9f\u00e9rence\u00b0 : 2 280 2177 (\u00e0 mentionner sur le virement) SWIFT\/BIC : ZABAHR2X IBAN : HR1823600001101311177 Nom du titulaire : Facult\u00e9 des Sciences Humaines et Sociales Adresse du titulaire: &hellip; Continue reading Frais d\u2019inscription &rarr;","og_url":"https:\/\/francontraste.ffzg.unizg.hr\/2016\/?page_id=24","og_site_name":"Francontraste 2016","article_modified_time":"2015-11-19T13:08:35+00:00","twitter_card":"summary_large_image","schema":{"@context":"https:\/\/schema.org","@graph":[{"@type":"WebPage","@id":"https:\/\/francontraste.ffzg.unizg.hr\/2016\/?page_id=24","url":"https:\/\/francontraste.ffzg.unizg.hr\/2016\/?page_id=24","name":"Frais d\u2019inscription - Francontraste 2016","isPartOf":{"@id":"https:\/\/francontraste.ffzg.unizg.hr\/2016\/#website"},"datePublished":"2015-05-04T23:28:28+00:00","dateModified":"2015-11-19T13:08:35+00:00","breadcrumb":{"@id":"https:\/\/francontraste.ffzg.unizg.hr\/2016\/?page_id=24#breadcrumb"},"inLanguage":"en-US","potentialAction":[{"@type":"ReadAction","target":["https:\/\/francontraste.ffzg.unizg.hr\/2016\/?page_id=24"]}]},{"@type":"BreadcrumbList","@id":"https:\/\/francontraste.ffzg.unizg.hr\/2016\/?page_id=24#breadcrumb","itemListElement":[{"@type":"ListItem","position":1,"name":"Home","item":"https:\/\/francontraste.ffzg.unizg.hr\/2016\/"},{"@type":"ListItem","position":2,"name":"Frais d\u2019inscription"}]},{"@type":"WebSite","@id":"https:\/\/francontraste.ffzg.unizg.hr\/2016\/#website","url":"https:\/\/francontraste.ffzg.unizg.hr\/2016\/","name":"Francontraste 2016","description":"","potentialAction":[{"@type":"SearchAction","target":{"@type":"EntryPoint","urlTemplate":"https:\/\/francontraste.ffzg.unizg.hr\/2016\/?s={search_term_string}"},"query-input":{"@type":"PropertyValueSpecification","valueRequired":true,"valueName":"search_term_string"}}],"inLanguage":"en-US"}]}},"_links":{"self":[{"href":"https:\/\/francontraste.ffzg.unizg.hr\/2016\/index.php?rest_route=\/wp\/v2\/pages\/24","targetHints":{"allow":["GET"]}}],"collection":[{"href":"https:\/\/francontraste.ffzg.unizg.hr\/2016\/index.php?rest_route=\/wp\/v2\/pages"}],"about":[{"href":"https:\/\/francontraste.ffzg.unizg.hr\/2016\/index.php?rest_route=\/wp\/v2\/types\/page"}],"author":[{"embeddable":true,"href":"https:\/\/francontraste.ffzg.unizg.hr\/2016\/index.php?rest_route=\/wp\/v2\/users\/1"}],"replies":[{"embeddable":true,"href":"https:\/\/francontraste.ffzg.unizg.hr\/2016\/index.php?rest_route=%2Fwp%2Fv2%2Fcomments&post=24"}],"version-history":[{"count":5,"href":"https:\/\/francontraste.ffzg.unizg.hr\/2016\/index.php?rest_route=\/wp\/v2\/pages\/24\/revisions"}],"predecessor-version":[{"id":312,"href":"https:\/\/francontraste.ffzg.unizg.hr\/2016\/index.php?rest_route=\/wp\/v2\/pages\/24\/revisions\/312"}],"wp:attachment":[{"href":"https:\/\/francontraste.ffzg.unizg.hr\/2016\/index.php?rest_route=%2Fwp%2Fv2%2Fmedia&parent=24"}],"curies":[{"name":"wp","href":"https:\/\/api.w.org\/{rel}","templated":true}]}}