{"id":19,"date":"2015-05-04T23:26:20","date_gmt":"2015-05-04T23:26:20","guid":{"rendered":"https:\/\/francontraste.ffzg.unizg.hr\/2016\/?page_id=19"},"modified":"2022-09-16T19:56:06","modified_gmt":"2022-09-16T19:56:06","slug":"comites","status":"publish","type":"page","link":"https:\/\/francontraste.ffzg.unizg.hr\/2016\/?page_id=19","title":{"rendered":"Comit\u00e9s"},"content":{"rendered":"<h2><span style=\"color: #5c5c5c;\"><strong><br \/>\nComit\u00e9 d&#8217;organisation<\/strong><\/span><\/h2>\n<p>Pr\u00e9sidente:<\/p>\n<p><span style=\"font-family: Times New Roman,Times; font-size: 18pt;\"><a href=\"https:\/\/francontraste.ffzg.unizg.hr\/2016\/?page_id=674\">Bogdanka Pavelin Le\u0161i\u0107<\/a><\/span><\/p>\n<p>Copr\u00e9sidentes:<\/p>\n<p><span style=\"font-family: Times New Roman,Times; font-size: 18pt;\">Evaine Le Calv\u00e9 Ivi\u010devi\u0107<\/span><\/p>\n<p><span style=\"font-family: Times New Roman,Times; font-size: 18pt;\">Ivana Frani\u0107<br \/>\n<\/span><\/p>\n<p>Membres:<\/p>\n<p><span style=\"font-family: Times New Roman,Times; font-size: 18pt;\">Vedrana Berlengi<\/span><\/p>\n<p><span style=\"font-family: Times New Roman,Times; font-size: 18pt;\">Gorana Biki\u0107 Cari\u0107<\/span><\/p>\n<p><span style=\"font-family: Times New Roman,Times; font-size: 18pt;\">Lidija Ore\u0161kovi\u0107 Dvorski<\/span><\/p>\n<p><span style=\"font-family: Times New Roman,Times; font-size: 18pt;\">Martine Manavella<\/span><\/p>\n<p><span style=\"font-family: Times New Roman,Times; font-size: 18pt;\">Alexis Messmer<\/span><\/p>\n<p><span style=\"font-family: Times New Roman,Times; font-size: 18pt;\">Marta Petrak<\/span><\/p>\n<p><span style=\"font-family: Times New Roman,Times; font-size: 18pt;\">Alice Urien Cl\u00e9rambourg<\/span><\/p>\n<p><span style=\"font-family: Times New Roman,Times; font-size: 18pt;\">Maja Zorica<\/span><\/p>\n<h2><span style=\"color: #5c5c5c;\"><strong>Comit\u00e9 scientifique<\/strong><\/span><\/h2>\n<p><span style=\"font-family: times new roman,times,serif;\"><span style=\"font-size: 18pt;\">Samir Bajri\u0107<\/span>, Universit\u00e9 de Bourgogne<\/span><\/p>\n<p><span style=\"font-family: times new roman,times,serif;\"><span style=\"font-size: 18pt;\">Jean-Claude Beacco<\/span>, Universit\u00e9 Sorbonne Nouvelle<\/span><\/p>\n<p><span style=\"font-family: times new roman,times,serif;\"><span style=\"font-size: 18pt;\">Jacques Cort\u00e8s<\/span>, Universit\u00e9 de Rouen<\/span><\/p>\n<p><span style=\"font-family: times new roman,times,serif;\"><span style=\"font-size: 18pt;\">Ivana Frani\u0107<\/span>, Universit\u00e9 de Zagreb<\/span><\/p>\n<p><span style=\"font-family: times new roman,times,serif;\"><span style=\"font-size: 18pt;\">Evaine Le Calv\u00e9 Ivi\u010devi\u0107<\/span>, Universit\u00e9 de Zagreb<\/span><\/p>\n<p><span style=\"font-family: times new roman,times,serif;\"><span style=\"font-size: 18pt;\">Nenad Ivi\u0107<\/span>, Universit\u00e9 de Zagreb<\/span><\/p>\n<p><span style=\"font-family: times new roman,times,serif;\"><span style=\"font-size: 18pt;\">August Kova\u010dec<\/span>, Universit\u00e9 de Zagreb<\/span><\/p>\n<p><span style=\"font-family: times new roman,times,serif;\"><span style=\"font-size: 18pt;\">Pascal Michelucci<\/span>, Universit\u00e9 de Toronto<\/span><\/p>\n<p><span style=\"font-family: times new roman,times,serif;\"><span style=\"font-size: 18pt;\">Jacques Moeschler<\/span>, Universit\u00e9 de Gen\u00e8ve<\/span><\/p>\n<p><span style=\"font-family: times new roman,times,serif;\"><span style=\"font-size: 18pt;\">Julio Murillo Puyal<\/span>, Universitat Aut\u00f2noma de Barcelona<\/span><\/p>\n<p><span style=\"font-family: times new roman,times,serif;\"><span style=\"font-size: 18pt;\">Bogdanka Pavelin Le\u0161i\u0107<\/span>, Universit\u00e9 de Zagreb<\/span><\/p>\n<p><span style=\"font-family: times new roman,times,serif;\"><span style=\"font-size: 18pt;\">Marija Pozojevi\u0107 Trivanovi\u0107<\/span>, Universit\u00e9 de Zagreb<\/span><\/p>\n<p><span style=\"font-family: times new roman,times,serif;\"><span style=\"font-size: 18pt;\">Ida Raffaelli<\/span>, Universit\u00e9 de Zagreb<\/span><\/p>\n<p><span style=\"font-family: times new roman,times,serif;\"><span style=\"font-size: 18pt;\">Raymond Renard<\/span>, Universit\u00e9 de Mons<\/span><\/p>\n<p><span style=\"font-family: times new roman,times,serif;\"><span style=\"font-size: 18pt;\">Paul Rivenc<\/span>, Universit\u00e9 de Toulouse II<\/span><\/p>\n<p><span style=\"font-family: times new roman,times,serif;\"><span style=\"font-size: 18pt;\">Olivier Soutet<\/span>, Universit\u00e9 Paris-Sorbonne<\/span><\/p>\n<p><span style=\"font-family: times new roman,times,serif;\"><span style=\"font-size: 18pt;\">Ingrid \u0160afranek<\/span>, Universit\u00e9 de Zagreb<\/span><\/p>\n<p><span style=\"font-family: times new roman,times,serif;\"><span style=\"font-size: 18pt;\">Dra\u017een Varga<\/span>, Universit\u00e9 de Zagreb<\/span><\/p>\n<p><span style=\"font-family: times new roman,times,serif;\"><span style=\"font-size: 18pt;\">Yvonne Vrhovac<\/span>, Universit\u00e9 de Zagreb<\/span><\/p>\n","protected":false},"excerpt":{"rendered":"<p>Comit\u00e9 d&#8217;organisation Pr\u00e9sidente: Bogdanka Pavelin Le\u0161i\u0107 Copr\u00e9sidentes: Evaine Le Calv\u00e9 Ivi\u010devi\u0107 Ivana Frani\u0107 Membres: Vedrana Berlengi Gorana Biki\u0107 Cari\u0107 Lidija Ore\u0161kovi\u0107 Dvorski Martine Manavella Alexis Messmer Marta Petrak Alice Urien Cl\u00e9rambourg Maja Zorica Comit\u00e9 scientifique Samir Bajri\u0107, Universit\u00e9 de Bourgogne Jean-Claude Beacco, Universit\u00e9 Sorbonne Nouvelle Jacques Cort\u00e8s, Universit\u00e9 de Rouen Ivana Frani\u0107, Universit\u00e9 de Zagreb &hellip; <a href=\"https:\/\/francontraste.ffzg.unizg.hr\/2016\/?page_id=19\" class=\"more-link\">Continue reading <span class=\"screen-reader-text\">Comit\u00e9s<\/span> <span class=\"meta-nav\">&rarr;<\/span><\/a><\/p>\n","protected":false},"author":1,"featured_media":0,"parent":0,"menu_order":0,"comment_status":"closed","ping_status":"closed","template":"","meta":{"footnotes":""},"class_list":["post-19","page","type-page","status-publish","hentry"],"yoast_head":"<!-- This site is optimized with the Yoast SEO plugin v26.6 - https:\/\/yoast.com\/wordpress\/plugins\/seo\/ -->\n<title>Comit\u00e9s - Francontraste 2016<\/title>\n<meta name=\"robots\" content=\"index, follow, max-snippet:-1, max-image-preview:large, max-video-preview:-1\" \/>\n<link rel=\"canonical\" href=\"https:\/\/francontraste.ffzg.unizg.hr\/2016\/?page_id=19\" \/>\n<meta property=\"og:locale\" content=\"en_US\" \/>\n<meta property=\"og:type\" content=\"article\" \/>\n<meta property=\"og:title\" content=\"Comit\u00e9s - Francontraste 2016\" \/>\n<meta property=\"og:description\" content=\"Comit\u00e9 d&#8217;organisation Pr\u00e9sidente: Bogdanka Pavelin Le\u0161i\u0107 Copr\u00e9sidentes: Evaine Le Calv\u00e9 Ivi\u010devi\u0107 Ivana Frani\u0107 Membres: Vedrana Berlengi Gorana Biki\u0107 Cari\u0107 Lidija Ore\u0161kovi\u0107 Dvorski Martine Manavella Alexis Messmer Marta Petrak Alice Urien Cl\u00e9rambourg Maja Zorica Comit\u00e9 scientifique Samir Bajri\u0107, Universit\u00e9 de Bourgogne Jean-Claude Beacco, Universit\u00e9 Sorbonne Nouvelle Jacques Cort\u00e8s, Universit\u00e9 de Rouen Ivana Frani\u0107, Universit\u00e9 de Zagreb &hellip; Continue reading Comit\u00e9s &rarr;\" \/>\n<meta property=\"og:url\" content=\"https:\/\/francontraste.ffzg.unizg.hr\/2016\/?page_id=19\" \/>\n<meta property=\"og:site_name\" content=\"Francontraste 2016\" \/>\n<meta property=\"article:modified_time\" content=\"2022-09-16T19:56:06+00:00\" \/>\n<meta name=\"twitter:card\" content=\"summary_large_image\" \/>\n<meta name=\"twitter:label1\" content=\"Est. reading time\" \/>\n\t<meta name=\"twitter:data1\" content=\"1 minute\" \/>\n<script type=\"application\/ld+json\" class=\"yoast-schema-graph\">{\"@context\":\"https:\/\/schema.org\",\"@graph\":[{\"@type\":\"WebPage\",\"@id\":\"https:\/\/francontraste.ffzg.unizg.hr\/2016\/?page_id=19\",\"url\":\"https:\/\/francontraste.ffzg.unizg.hr\/2016\/?page_id=19\",\"name\":\"Comit\u00e9s - Francontraste 2016\",\"isPartOf\":{\"@id\":\"https:\/\/francontraste.ffzg.unizg.hr\/2016\/#website\"},\"datePublished\":\"2015-05-04T23:26:20+00:00\",\"dateModified\":\"2022-09-16T19:56:06+00:00\",\"breadcrumb\":{\"@id\":\"https:\/\/francontraste.ffzg.unizg.hr\/2016\/?page_id=19#breadcrumb\"},\"inLanguage\":\"en-US\",\"potentialAction\":[{\"@type\":\"ReadAction\",\"target\":[\"https:\/\/francontraste.ffzg.unizg.hr\/2016\/?page_id=19\"]}]},{\"@type\":\"BreadcrumbList\",\"@id\":\"https:\/\/francontraste.ffzg.unizg.hr\/2016\/?page_id=19#breadcrumb\",\"itemListElement\":[{\"@type\":\"ListItem\",\"position\":1,\"name\":\"Home\",\"item\":\"https:\/\/francontraste.ffzg.unizg.hr\/2016\/\"},{\"@type\":\"ListItem\",\"position\":2,\"name\":\"Comit\u00e9s\"}]},{\"@type\":\"WebSite\",\"@id\":\"https:\/\/francontraste.ffzg.unizg.hr\/2016\/#website\",\"url\":\"https:\/\/francontraste.ffzg.unizg.hr\/2016\/\",\"name\":\"Francontraste 2016\",\"description\":\"\",\"potentialAction\":[{\"@type\":\"SearchAction\",\"target\":{\"@type\":\"EntryPoint\",\"urlTemplate\":\"https:\/\/francontraste.ffzg.unizg.hr\/2016\/?s={search_term_string}\"},\"query-input\":{\"@type\":\"PropertyValueSpecification\",\"valueRequired\":true,\"valueName\":\"search_term_string\"}}],\"inLanguage\":\"en-US\"}]}<\/script>\n<!-- \/ Yoast SEO plugin. -->","yoast_head_json":{"title":"Comit\u00e9s - Francontraste 2016","robots":{"index":"index","follow":"follow","max-snippet":"max-snippet:-1","max-image-preview":"max-image-preview:large","max-video-preview":"max-video-preview:-1"},"canonical":"https:\/\/francontraste.ffzg.unizg.hr\/2016\/?page_id=19","og_locale":"en_US","og_type":"article","og_title":"Comit\u00e9s - Francontraste 2016","og_description":"Comit\u00e9 d&#8217;organisation Pr\u00e9sidente: Bogdanka Pavelin Le\u0161i\u0107 Copr\u00e9sidentes: Evaine Le Calv\u00e9 Ivi\u010devi\u0107 Ivana Frani\u0107 Membres: Vedrana Berlengi Gorana Biki\u0107 Cari\u0107 Lidija Ore\u0161kovi\u0107 Dvorski Martine Manavella Alexis Messmer Marta Petrak Alice Urien Cl\u00e9rambourg Maja Zorica Comit\u00e9 scientifique Samir Bajri\u0107, Universit\u00e9 de Bourgogne Jean-Claude Beacco, Universit\u00e9 Sorbonne Nouvelle Jacques Cort\u00e8s, Universit\u00e9 de Rouen Ivana Frani\u0107, Universit\u00e9 de Zagreb &hellip; Continue reading Comit\u00e9s &rarr;","og_url":"https:\/\/francontraste.ffzg.unizg.hr\/2016\/?page_id=19","og_site_name":"Francontraste 2016","article_modified_time":"2022-09-16T19:56:06+00:00","twitter_card":"summary_large_image","twitter_misc":{"Est. reading time":"1 minute"},"schema":{"@context":"https:\/\/schema.org","@graph":[{"@type":"WebPage","@id":"https:\/\/francontraste.ffzg.unizg.hr\/2016\/?page_id=19","url":"https:\/\/francontraste.ffzg.unizg.hr\/2016\/?page_id=19","name":"Comit\u00e9s - Francontraste 2016","isPartOf":{"@id":"https:\/\/francontraste.ffzg.unizg.hr\/2016\/#website"},"datePublished":"2015-05-04T23:26:20+00:00","dateModified":"2022-09-16T19:56:06+00:00","breadcrumb":{"@id":"https:\/\/francontraste.ffzg.unizg.hr\/2016\/?page_id=19#breadcrumb"},"inLanguage":"en-US","potentialAction":[{"@type":"ReadAction","target":["https:\/\/francontraste.ffzg.unizg.hr\/2016\/?page_id=19"]}]},{"@type":"BreadcrumbList","@id":"https:\/\/francontraste.ffzg.unizg.hr\/2016\/?page_id=19#breadcrumb","itemListElement":[{"@type":"ListItem","position":1,"name":"Home","item":"https:\/\/francontraste.ffzg.unizg.hr\/2016\/"},{"@type":"ListItem","position":2,"name":"Comit\u00e9s"}]},{"@type":"WebSite","@id":"https:\/\/francontraste.ffzg.unizg.hr\/2016\/#website","url":"https:\/\/francontraste.ffzg.unizg.hr\/2016\/","name":"Francontraste 2016","description":"","potentialAction":[{"@type":"SearchAction","target":{"@type":"EntryPoint","urlTemplate":"https:\/\/francontraste.ffzg.unizg.hr\/2016\/?s={search_term_string}"},"query-input":{"@type":"PropertyValueSpecification","valueRequired":true,"valueName":"search_term_string"}}],"inLanguage":"en-US"}]}},"_links":{"self":[{"href":"https:\/\/francontraste.ffzg.unizg.hr\/2016\/index.php?rest_route=\/wp\/v2\/pages\/19","targetHints":{"allow":["GET"]}}],"collection":[{"href":"https:\/\/francontraste.ffzg.unizg.hr\/2016\/index.php?rest_route=\/wp\/v2\/pages"}],"about":[{"href":"https:\/\/francontraste.ffzg.unizg.hr\/2016\/index.php?rest_route=\/wp\/v2\/types\/page"}],"author":[{"embeddable":true,"href":"https:\/\/francontraste.ffzg.unizg.hr\/2016\/index.php?rest_route=\/wp\/v2\/users\/1"}],"replies":[{"embeddable":true,"href":"https:\/\/francontraste.ffzg.unizg.hr\/2016\/index.php?rest_route=%2Fwp%2Fv2%2Fcomments&post=19"}],"version-history":[{"count":8,"href":"https:\/\/francontraste.ffzg.unizg.hr\/2016\/index.php?rest_route=\/wp\/v2\/pages\/19\/revisions"}],"predecessor-version":[{"id":1104,"href":"https:\/\/francontraste.ffzg.unizg.hr\/2016\/index.php?rest_route=\/wp\/v2\/pages\/19\/revisions\/1104"}],"wp:attachment":[{"href":"https:\/\/francontraste.ffzg.unizg.hr\/2016\/index.php?rest_route=%2Fwp%2Fv2%2Fmedia&parent=19"}],"curies":[{"name":"wp","href":"https:\/\/api.w.org\/{rel}","templated":true}]}}