{"id":16,"date":"2015-05-04T23:25:47","date_gmt":"2015-05-04T23:25:47","guid":{"rendered":"https:\/\/francontraste.ffzg.unizg.hr\/2016\/?page_id=16"},"modified":"2015-05-14T05:42:40","modified_gmt":"2015-05-14T05:42:40","slug":"conferenciers-pleniers","status":"publish","type":"page","link":"https:\/\/francontraste.ffzg.unizg.hr\/2016\/?page_id=16","title":{"rendered":"Conf\u00e9renciers pl\u00e9niers"},"content":{"rendered":"<p><span style=\"font-family: times new roman,times,serif;\"><span style=\"font-size: 18pt;\"><br \/>\nSamir Bajri\u0107<\/span>, Universit\u00e9 de Bourgogne<\/span><\/p>\n<p><span style=\"font-family: times new roman,times,serif;\"><span style=\"font-size: 18pt;\">Jean-Claude Beacco<\/span>, Universit\u00e9 Sorbonne Nouvelle<\/span><\/p>\n<p><span style=\"font-family: times new roman,times,serif;\"><span style=\"font-size: 18pt;\">Nenad Ivi\u0107<\/span>, Universit\u00e9 de Zagreb<\/span><\/p>\n<p><span style=\"font-family: times new roman,times,serif;\"><span style=\"font-size: 18pt;\">Pascal Michelucci<\/span>, Universit\u00e9 de Toronto<\/span><\/p>\n<p><span style=\"font-family: times new roman,times,serif;\"><span style=\"font-size: 18pt;\">Jacques Moeschler<\/span>, Universit\u00e9 de Gen\u00e8ve<\/span><\/p>\n<p><span style=\"font-family: times new roman,times,serif;\"><span style=\"font-size: 18pt;\">Julio Murillo Puyal<\/span>, Universitat Aut\u00f2noma de Barcelona<\/span><\/p>\n<p><span style=\"font-family: times new roman,times,serif;\"><span style=\"font-size: 18pt;\">Raymond Renard<\/span>, Universit\u00e9 de Mons<\/span><\/p>\n<p><span style=\"font-family: times new roman,times,serif;\"><span style=\"font-size: 18pt;\">Olivier Soutet<\/span>, Universit\u00e9 Paris-Sorbonne<\/span><\/p>\n<p><span style=\"font-family: times new roman,times,serif;\"><span style=\"font-size: 18pt;\">Ingrid \u0160afranek<\/span>, Universit\u00e9 de Zagreb<\/span><\/p>\n<p><span style=\"font-family: times new roman,times,serif;\"><span style=\"font-size: 18pt;\">Dra\u017een Varga<\/span>, Universit\u00e9 de Zagreb<\/span><\/p>\n","protected":false},"excerpt":{"rendered":"<p>Samir Bajri\u0107, Universit\u00e9 de Bourgogne Jean-Claude Beacco, Universit\u00e9 Sorbonne Nouvelle Nenad Ivi\u0107, Universit\u00e9 de Zagreb Pascal Michelucci, Universit\u00e9 de Toronto Jacques Moeschler, Universit\u00e9 de Gen\u00e8ve Julio Murillo Puyal, Universitat Aut\u00f2noma de Barcelona Raymond Renard, Universit\u00e9 de Mons Olivier Soutet, Universit\u00e9 Paris-Sorbonne Ingrid \u0160afranek, Universit\u00e9 de Zagreb Dra\u017een Varga, Universit\u00e9 de Zagreb<\/p>\n","protected":false},"author":1,"featured_media":0,"parent":0,"menu_order":0,"comment_status":"closed","ping_status":"closed","template":"","meta":{"footnotes":""},"class_list":["post-16","page","type-page","status-publish","hentry"],"yoast_head":"<!-- This site is optimized with the Yoast SEO plugin v26.6 - https:\/\/yoast.com\/wordpress\/plugins\/seo\/ -->\n<title>Conf\u00e9renciers pl\u00e9niers - Francontraste 2016<\/title>\n<meta name=\"robots\" content=\"index, follow, max-snippet:-1, max-image-preview:large, max-video-preview:-1\" \/>\n<link rel=\"canonical\" href=\"https:\/\/francontraste.ffzg.unizg.hr\/2016\/?page_id=16\" \/>\n<meta property=\"og:locale\" content=\"en_US\" \/>\n<meta property=\"og:type\" content=\"article\" \/>\n<meta property=\"og:title\" content=\"Conf\u00e9renciers pl\u00e9niers - Francontraste 2016\" \/>\n<meta property=\"og:description\" content=\"Samir Bajri\u0107, Universit\u00e9 de Bourgogne Jean-Claude Beacco, Universit\u00e9 Sorbonne Nouvelle Nenad Ivi\u0107, Universit\u00e9 de Zagreb Pascal Michelucci, Universit\u00e9 de Toronto Jacques Moeschler, Universit\u00e9 de Gen\u00e8ve Julio Murillo Puyal, Universitat Aut\u00f2noma de Barcelona Raymond Renard, Universit\u00e9 de Mons Olivier Soutet, Universit\u00e9 Paris-Sorbonne Ingrid \u0160afranek, Universit\u00e9 de Zagreb Dra\u017een Varga, Universit\u00e9 de Zagreb\" \/>\n<meta property=\"og:url\" content=\"https:\/\/francontraste.ffzg.unizg.hr\/2016\/?page_id=16\" \/>\n<meta property=\"og:site_name\" content=\"Francontraste 2016\" \/>\n<meta property=\"article:modified_time\" content=\"2015-05-14T05:42:40+00:00\" \/>\n<meta name=\"twitter:card\" content=\"summary_large_image\" \/>\n<script type=\"application\/ld+json\" class=\"yoast-schema-graph\">{\"@context\":\"https:\/\/schema.org\",\"@graph\":[{\"@type\":\"WebPage\",\"@id\":\"https:\/\/francontraste.ffzg.unizg.hr\/2016\/?page_id=16\",\"url\":\"https:\/\/francontraste.ffzg.unizg.hr\/2016\/?page_id=16\",\"name\":\"Conf\u00e9renciers pl\u00e9niers - Francontraste 2016\",\"isPartOf\":{\"@id\":\"https:\/\/francontraste.ffzg.unizg.hr\/2016\/#website\"},\"datePublished\":\"2015-05-04T23:25:47+00:00\",\"dateModified\":\"2015-05-14T05:42:40+00:00\",\"breadcrumb\":{\"@id\":\"https:\/\/francontraste.ffzg.unizg.hr\/2016\/?page_id=16#breadcrumb\"},\"inLanguage\":\"en-US\",\"potentialAction\":[{\"@type\":\"ReadAction\",\"target\":[\"https:\/\/francontraste.ffzg.unizg.hr\/2016\/?page_id=16\"]}]},{\"@type\":\"BreadcrumbList\",\"@id\":\"https:\/\/francontraste.ffzg.unizg.hr\/2016\/?page_id=16#breadcrumb\",\"itemListElement\":[{\"@type\":\"ListItem\",\"position\":1,\"name\":\"Home\",\"item\":\"https:\/\/francontraste.ffzg.unizg.hr\/2016\/\"},{\"@type\":\"ListItem\",\"position\":2,\"name\":\"Conf\u00e9renciers pl\u00e9niers\"}]},{\"@type\":\"WebSite\",\"@id\":\"https:\/\/francontraste.ffzg.unizg.hr\/2016\/#website\",\"url\":\"https:\/\/francontraste.ffzg.unizg.hr\/2016\/\",\"name\":\"Francontraste 2016\",\"description\":\"\",\"potentialAction\":[{\"@type\":\"SearchAction\",\"target\":{\"@type\":\"EntryPoint\",\"urlTemplate\":\"https:\/\/francontraste.ffzg.unizg.hr\/2016\/?s={search_term_string}\"},\"query-input\":{\"@type\":\"PropertyValueSpecification\",\"valueRequired\":true,\"valueName\":\"search_term_string\"}}],\"inLanguage\":\"en-US\"}]}<\/script>\n<!-- \/ Yoast SEO plugin. -->","yoast_head_json":{"title":"Conf\u00e9renciers pl\u00e9niers - Francontraste 2016","robots":{"index":"index","follow":"follow","max-snippet":"max-snippet:-1","max-image-preview":"max-image-preview:large","max-video-preview":"max-video-preview:-1"},"canonical":"https:\/\/francontraste.ffzg.unizg.hr\/2016\/?page_id=16","og_locale":"en_US","og_type":"article","og_title":"Conf\u00e9renciers pl\u00e9niers - Francontraste 2016","og_description":"Samir Bajri\u0107, Universit\u00e9 de Bourgogne Jean-Claude Beacco, Universit\u00e9 Sorbonne Nouvelle Nenad Ivi\u0107, Universit\u00e9 de Zagreb Pascal Michelucci, Universit\u00e9 de Toronto Jacques Moeschler, Universit\u00e9 de Gen\u00e8ve Julio Murillo Puyal, Universitat Aut\u00f2noma de Barcelona Raymond Renard, Universit\u00e9 de Mons Olivier Soutet, Universit\u00e9 Paris-Sorbonne Ingrid \u0160afranek, Universit\u00e9 de Zagreb Dra\u017een Varga, Universit\u00e9 de Zagreb","og_url":"https:\/\/francontraste.ffzg.unizg.hr\/2016\/?page_id=16","og_site_name":"Francontraste 2016","article_modified_time":"2015-05-14T05:42:40+00:00","twitter_card":"summary_large_image","schema":{"@context":"https:\/\/schema.org","@graph":[{"@type":"WebPage","@id":"https:\/\/francontraste.ffzg.unizg.hr\/2016\/?page_id=16","url":"https:\/\/francontraste.ffzg.unizg.hr\/2016\/?page_id=16","name":"Conf\u00e9renciers pl\u00e9niers - Francontraste 2016","isPartOf":{"@id":"https:\/\/francontraste.ffzg.unizg.hr\/2016\/#website"},"datePublished":"2015-05-04T23:25:47+00:00","dateModified":"2015-05-14T05:42:40+00:00","breadcrumb":{"@id":"https:\/\/francontraste.ffzg.unizg.hr\/2016\/?page_id=16#breadcrumb"},"inLanguage":"en-US","potentialAction":[{"@type":"ReadAction","target":["https:\/\/francontraste.ffzg.unizg.hr\/2016\/?page_id=16"]}]},{"@type":"BreadcrumbList","@id":"https:\/\/francontraste.ffzg.unizg.hr\/2016\/?page_id=16#breadcrumb","itemListElement":[{"@type":"ListItem","position":1,"name":"Home","item":"https:\/\/francontraste.ffzg.unizg.hr\/2016\/"},{"@type":"ListItem","position":2,"name":"Conf\u00e9renciers pl\u00e9niers"}]},{"@type":"WebSite","@id":"https:\/\/francontraste.ffzg.unizg.hr\/2016\/#website","url":"https:\/\/francontraste.ffzg.unizg.hr\/2016\/","name":"Francontraste 2016","description":"","potentialAction":[{"@type":"SearchAction","target":{"@type":"EntryPoint","urlTemplate":"https:\/\/francontraste.ffzg.unizg.hr\/2016\/?s={search_term_string}"},"query-input":{"@type":"PropertyValueSpecification","valueRequired":true,"valueName":"search_term_string"}}],"inLanguage":"en-US"}]}},"_links":{"self":[{"href":"https:\/\/francontraste.ffzg.unizg.hr\/2016\/index.php?rest_route=\/wp\/v2\/pages\/16","targetHints":{"allow":["GET"]}}],"collection":[{"href":"https:\/\/francontraste.ffzg.unizg.hr\/2016\/index.php?rest_route=\/wp\/v2\/pages"}],"about":[{"href":"https:\/\/francontraste.ffzg.unizg.hr\/2016\/index.php?rest_route=\/wp\/v2\/types\/page"}],"author":[{"embeddable":true,"href":"https:\/\/francontraste.ffzg.unizg.hr\/2016\/index.php?rest_route=\/wp\/v2\/users\/1"}],"replies":[{"embeddable":true,"href":"https:\/\/francontraste.ffzg.unizg.hr\/2016\/index.php?rest_route=%2Fwp%2Fv2%2Fcomments&post=16"}],"version-history":[{"count":2,"href":"https:\/\/francontraste.ffzg.unizg.hr\/2016\/index.php?rest_route=\/wp\/v2\/pages\/16\/revisions"}],"predecessor-version":[{"id":126,"href":"https:\/\/francontraste.ffzg.unizg.hr\/2016\/index.php?rest_route=\/wp\/v2\/pages\/16\/revisions\/126"}],"wp:attachment":[{"href":"https:\/\/francontraste.ffzg.unizg.hr\/2016\/index.php?rest_route=%2Fwp%2Fv2%2Fmedia&parent=16"}],"curies":[{"name":"wp","href":"https:\/\/api.w.org\/{rel}","templated":true}]}}