{"id":71,"date":"2012-10-25T02:29:01","date_gmt":"2012-10-25T02:29:01","guid":{"rendered":"http:\/\/francontraste.wordpress.com\/?page_id=31"},"modified":"2013-04-11T04:49:56","modified_gmt":"2013-04-11T04:49:56","slug":"annonces","status":"publish","type":"page","link":"https:\/\/francontraste.ffzg.unizg.hr\/2013\/?page_id=71","title":{"rendered":"Annonces"},"content":{"rendered":"<h3>L&#8217;exposition: &#8220;FRANCONTRASTE 2010&#8221;<\/h3>\n<p>Le deuxi\u00e8me Colloque francophone international, Francontraste 2013, vient de commencer \u00e0 la Facult\u00e9 des sciences humaines et sociales de l\u2019 Universit\u00e9 de Zagreb.<\/p>\n<p>Nous avons profit\u00e9 cette occasion pour organiser l\u2019exposition qui apportera une image du Francontraste 2010 aux participants et aux visiteurs et qui, peut-\u00eatre, rappellera certains de leur dernier s\u00e9jour en Croatie.<\/p>\n<p>Les auteurs sont quatre photographes croates, des professionnels et des amateurs, certains d&#8217;entre eux participants de plusieurs expositions groupe ou solo, dans l&#8217;ordre alphab\u00e9tique; Antonia Banovi\u0107, Tja\u0161a Kalkan, Marta Klari\u0107 et Kre\u0161imir Radivoj.<\/p>\n<p>Nous vous invitons \u00e0 voir l&#8217;exposition dans le hall de la Facult\u00e9.<\/p>\n","protected":false},"excerpt":{"rendered":"<p>L&#8217;exposition: &#8220;FRANCONTRASTE 2010&#8221; Le deuxi\u00e8me Colloque francophone international, Francontraste 2013, vient de commencer \u00e0 la Facult\u00e9 des sciences humaines et sociales de l\u2019 Universit\u00e9 de Zagreb. Nous avons profit\u00e9 cette occasion pour organiser l\u2019exposition qui apportera une image du Francontraste 2010 aux participants et aux visiteurs et qui, peut-\u00eatre, rappellera certains de leur dernier s\u00e9jour [&hellip;]<\/p>\n","protected":false},"author":1,"featured_media":0,"parent":0,"menu_order":0,"comment_status":"closed","ping_status":"closed","template":"","meta":{"footnotes":""},"_links":{"self":[{"href":"https:\/\/francontraste.ffzg.unizg.hr\/2013\/index.php?rest_route=\/wp\/v2\/pages\/71"}],"collection":[{"href":"https:\/\/francontraste.ffzg.unizg.hr\/2013\/index.php?rest_route=\/wp\/v2\/pages"}],"about":[{"href":"https:\/\/francontraste.ffzg.unizg.hr\/2013\/index.php?rest_route=\/wp\/v2\/types\/page"}],"author":[{"embeddable":true,"href":"https:\/\/francontraste.ffzg.unizg.hr\/2013\/index.php?rest_route=\/wp\/v2\/users\/1"}],"replies":[{"embeddable":true,"href":"https:\/\/francontraste.ffzg.unizg.hr\/2013\/index.php?rest_route=%2Fwp%2Fv2%2Fcomments&post=71"}],"version-history":[{"count":2,"href":"https:\/\/francontraste.ffzg.unizg.hr\/2013\/index.php?rest_route=\/wp\/v2\/pages\/71\/revisions"}],"predecessor-version":[{"id":1419,"href":"https:\/\/francontraste.ffzg.unizg.hr\/2013\/index.php?rest_route=\/wp\/v2\/pages\/71\/revisions\/1419"}],"wp:attachment":[{"href":"https:\/\/francontraste.ffzg.unizg.hr\/2013\/index.php?rest_route=%2Fwp%2Fv2%2Fmedia&parent=71"}],"curies":[{"name":"wp","href":"https:\/\/api.w.org\/{rel}","templated":true}]}}