{"id":69,"date":"2012-10-25T02:28:44","date_gmt":"2012-10-25T02:28:44","guid":{"rendered":"http:\/\/francontraste.wordpress.com\/?page_id=29"},"modified":"2022-09-19T10:46:02","modified_gmt":"2022-09-19T10:46:02","slug":"liens","status":"publish","type":"page","link":"https:\/\/francontraste.ffzg.unizg.hr\/2013\/?page_id=69","title":{"rendered":"Liens"},"content":{"rendered":"<h3>Filozofski fakultet u Zagrebu<br \/>\n<em>Facult\u00e9 de philosophie et lettres<\/em><\/h3>\n<p><a href=\"https:\/\/www.ffzg.unizg.hr\/\" target=\"_blank\" rel=\"noopener\">https:\/\/www.ffzg.unizg.hr\/<\/a><\/p>\n<p>&nbsp;<\/p>\n<h3>Francuska ambasada u Zagrebu<br \/>\n<em>Ambassade de France \u00e0 Zagreb<\/em><\/h3>\n<p><a href=\"http:\/\/www.ambafrance-hr.org\/\" target=\"_blank\" rel=\"noopener\">http:\/\/www.ambafrance-hr.org\/<\/a><\/p>\n<p><a href=\"http:\/\/www.ambafrance-hr.org\/\" target=\"_blank\" rel=\"noopener\"><img decoding=\"async\" loading=\"lazy\" class=\"alignleft size-full wp-image-197\" title=\"LOGORFQ\" src=\"https:\/\/francontraste.ffzg.unizg.hr\/2013\/wp-content\/uploads\/2012\/10\/LOGORFQ.gif\" alt=\"\" width=\"123\" height=\"73\"><\/a><\/p>\n<p>&nbsp;<\/p>\n<p>&nbsp;<\/p>\n<p>&nbsp;<\/p>\n<h3><em>Institut Fran\u00e7ais<\/em><\/h3>\n<p><a href=\"http:\/\/ifz.hr\/\" target=\"_blank\" rel=\"noopener\">http:\/\/ifz.hr\/<\/a><\/p>\n<p><a href=\"http:\/\/ifz.hr\/\" target=\"_blank\" rel=\"noopener\"><img decoding=\"async\" loading=\"lazy\" title=\"IF_Logo-Zagreb-Quadri001\" src=\"https:\/\/francontraste.ffzg.unizg.hr\/2013\/wp-content\/uploads\/2012\/10\/IF_Logo-Zagreb-Quadri001.jpg\" alt=\"\" width=\"200\" height=\"117\"><\/a><\/p>\n<p>&nbsp;<\/p>\n<h3>Sveu\u010dili\u0161te u Zagrebu &#8211; <em>Universit<em>\u00e9<\/em> de Zagreb<\/em><\/h3>\n<p><a href=\"http:\/\/www.unizg.hr\/\" target=\"_blank\" rel=\"noopener\">http:\/\/www.unizg.hr\/<\/a><\/p>\n<p>&nbsp;<\/p>\n<h3>Filozofski fakultet u Zadru<br \/>\n<em>Facult<em>\u00e9<\/em> des lettres de Zadar<\/em><\/h3>\n<p><a href=\"http:\/\/www.unizd.hr\/\" target=\"_blank\" rel=\"noopener\">http:\/\/www.unizd.hr\/<\/a><br \/>\n<a href=\"http:\/\/www.unizd.hr\/Default.aspx?alias=www.unizd.hr\/francuski\" target=\"_blank\" rel=\"noopener\"> http:\/\/www.unizd.hr\/Default.aspx?alias=www.unizd.hr\/francuski<\/a><\/p>\n<p>&nbsp;<\/p>\n<h3>Bereau r<em>\u00e9<\/em>gional de l&#8217;AUF<\/h3>\n<p><a href=\"http:\/\/www.auf.org\/regions\/europe-centrale-orientale\/\" target=\"_blank\" rel=\"noopener\">http:\/\/www.auf.org\/regions\/europe-centrale-orientale\/<\/a><\/p>\n<p>&nbsp;<\/p>\n<h3>Vlada RH<br \/>\n<em>Gouvernement de la R\u00e9publique de Croatie<\/em><\/h3>\n<p><a href=\"http:\/\/www.vlada.hr\/\" target=\"_blank\" rel=\"noopener\">http:\/\/www.vlada.hr\/<\/a><br \/>\n<a href=\"http:\/\/www.vlada.hr\/naslovnica\/o_vladi_rh\/uredi_vlade\/ured_predsjednice_vlade_republike_hrvatske\" target=\"_blank\" rel=\"noopener\"> http:\/\/www.vlada.hr\/naslovnica\/o_vladi_rh\/uredi_vlade\/ured_predsjednice_vlade_republike_hrvatske<\/a><\/p>\n<p>&nbsp;<\/p>\n<h3>Grad Zagreb &#8211; <em>Ville de Zagreb<\/em><\/h3>\n<p><a href=\"http:\/\/www.zagreb.hr\/\" target=\"_blank\" rel=\"noopener\">http:\/\/www.zagreb.hr\/<\/a><br \/>\n<a href=\"http:\/\/www.zagreb.hr\/default.aspx?id=4662\" target=\"_blank\" rel=\"noopener\"> http:\/\/www.zagreb.hr\/default.aspx?id=4662<\/a><\/p>\n<p>&nbsp;<\/p>\n<h3>Turisti\u010dka zajednica &#8211; <em>Office de Tourisme<\/em><\/h3>\n<p><a href=\"http:\/\/www.croatia.hr\/hr-HR\/Naslovna\" target=\"_blank\" rel=\"noopener\">http:\/\/www.croatia.hr\/hr-HR\/Naslovna<\/a><\/p>\n<p>&nbsp;<\/p>\n<h3><em>Site de la Conf\u00e9rence des recteurs des universit<em>\u00e9<\/em>s membres de l&#8217;AUF en Europe centrale et orientale<\/em><\/h3>\n<p><a href=\"http:\/\/www.confreco.org\" target=\"_blank\" rel=\"noopener\">http:\/\/www.confreco.org<\/a><\/p>\n<p>&nbsp;<\/p>\n<h3>Hrvatska udruga frankofonih sveu\u010dili\u0161nih nastavnika<br \/>\n<em>Association croate des universitaires francophones<\/em><\/h3>\n<p><a href=\"http:\/\/hufsna.wordpress.com\/author\/hufsna\/\" target=\"_blank\" rel=\"noopener\">http:\/\/hufsna.wordpress.com\/author\/hufsna\/<\/a><\/p>\n<p><a href=\"http:\/\/hufsna.wordpress.com\/author\/hufsna\/\" target=\"_blank\" rel=\"noopener\"><img decoding=\"async\" loading=\"lazy\" class=\"alignnone size-full wp-image-505\" title=\"LOGO-ACUF-HUFSNA03\" src=\"https:\/\/francontraste.ffzg.unizg.hr\/2013\/wp-content\/uploads\/2012\/10\/LOGO-ACUF-HUFSNA03.jpg\" alt=\"\" width=\"200\" height=\"78\"><\/a><\/p>\n<p>&nbsp;<\/p>\n<h3>Francontraste 2010<\/h3>\n<p><a href=\"https:\/\/francontraste.ffzg.unizg.hr\/2010\/accueil02.html\" target=\"_blank\" rel=\"noopener\">https:\/\/francontraste.ffzg.unizg.hr\/2010\/<\/a><\/p>\n","protected":false},"excerpt":{"rendered":"<p>Filozofski fakultet u Zagrebu Facult\u00e9 de philosophie et lettres https:\/\/www.ffzg.unizg.hr\/ &nbsp; Francuska ambasada u Zagrebu Ambassade de France \u00e0 Zagreb http:\/\/www.ambafrance-hr.org\/ &nbsp; &nbsp; &nbsp; Institut Fran\u00e7ais http:\/\/ifz.hr\/ &nbsp; Sveu\u010dili\u0161te u Zagrebu &#8211; Universit\u00e9 de Zagreb http:\/\/www.unizg.hr\/ &nbsp; Filozofski fakultet u Zadru Facult\u00e9 des lettres de Zadar http:\/\/www.unizd.hr\/ http:\/\/www.unizd.hr\/Default.aspx?alias=www.unizd.hr\/francuski &nbsp; Bereau r\u00e9gional de l&#8217;AUF http:\/\/www.auf.org\/regions\/europe-centrale-orientale\/ &nbsp; [&hellip;]<\/p>\n","protected":false},"author":1,"featured_media":0,"parent":0,"menu_order":0,"comment_status":"closed","ping_status":"closed","template":"","meta":{"footnotes":""},"_links":{"self":[{"href":"https:\/\/francontraste.ffzg.unizg.hr\/2013\/index.php?rest_route=\/wp\/v2\/pages\/69"}],"collection":[{"href":"https:\/\/francontraste.ffzg.unizg.hr\/2013\/index.php?rest_route=\/wp\/v2\/pages"}],"about":[{"href":"https:\/\/francontraste.ffzg.unizg.hr\/2013\/index.php?rest_route=\/wp\/v2\/types\/page"}],"author":[{"embeddable":true,"href":"https:\/\/francontraste.ffzg.unizg.hr\/2013\/index.php?rest_route=\/wp\/v2\/users\/1"}],"replies":[{"embeddable":true,"href":"https:\/\/francontraste.ffzg.unizg.hr\/2013\/index.php?rest_route=%2Fwp%2Fv2%2Fcomments&post=69"}],"version-history":[{"count":33,"href":"https:\/\/francontraste.ffzg.unizg.hr\/2013\/index.php?rest_route=\/wp\/v2\/pages\/69\/revisions"}],"predecessor-version":[{"id":1559,"href":"https:\/\/francontraste.ffzg.unizg.hr\/2013\/index.php?rest_route=\/wp\/v2\/pages\/69\/revisions\/1559"}],"wp:attachment":[{"href":"https:\/\/francontraste.ffzg.unizg.hr\/2013\/index.php?rest_route=%2Fwp%2Fv2%2Fmedia&parent=69"}],"curies":[{"name":"wp","href":"https:\/\/api.w.org\/{rel}","templated":true}]}}