{"id":65,"date":"2012-10-25T02:27:50","date_gmt":"2012-10-25T02:27:50","guid":{"rendered":"http:\/\/francontraste.wordpress.com\/?page_id=25"},"modified":"2022-09-19T10:40:11","modified_gmt":"2022-09-19T10:40:11","slug":"informations-pratiques","status":"publish","type":"page","link":"https:\/\/francontraste.ffzg.unizg.hr\/2013\/?page_id=65","title":{"rendered":"Informations pratiques"},"content":{"rendered":"<h3>Filozofski fakultet u Zagrebu<br \/>\n<em>Facult\u00e9 de philosophie et lettres<\/em><\/h3>\n<div id=\"wpgmza_map_1\" class=\"wpgmza_map wpgmza-auto-left\" style=\"display:block;width:100%;height:400px;overflow:hidden;position:relative;\" data-map-id=\"1\" data-maps-engine=\"open-layers\" data-build-engine=\"atlas-novus\" data-shortcode-attributes=\"{&quot;id&quot;:&quot;1&quot;,&quot;zoom&quot;:false,&quot;width&quot;:false,&quot;height&quot;:false,&quot;marker&quot;:false,&quot;classname&quot;:false}\" data-settings=\"{&quot;map_title&quot;:&quot;My first map&quot;,&quot;map_width&quot;:&quot;100&quot;,&quot;map_height&quot;:&quot;400&quot;,&quot;map_start_lat&quot;:&quot;45.79668409999999&quot;,&quot;map_start_lng&quot;:&quot;15.971335800000002&quot;,&quot;map_start_location&quot;:&quot;45.950464398418106,-109.81550500000003&quot;,&quot;map_start_zoom&quot;:&quot;16&quot;,&quot;default_marker&quot;:&quot;&quot;,&quot;type&quot;:&quot;0&quot;,&quot;alignment&quot;:&quot;4&quot;,&quot;directions_enabled&quot;:&quot;0&quot;,&quot;styling_enabled&quot;:&quot;0&quot;,&quot;styling_json&quot;:&quot;&quot;,&quot;active&quot;:&quot;0&quot;,&quot;kml&quot;:&quot;&quot;,&quot;bicycle&quot;:&quot;0&quot;,&quot;traffic&quot;:&quot;0&quot;,&quot;dbox&quot;:&quot;0&quot;,&quot;dbox_width&quot;:&quot;&quot;,&quot;listmarkers&quot;:&quot;0&quot;,&quot;listmarkers_advanced&quot;:&quot;0&quot;,&quot;filterbycat&quot;:&quot;0&quot;,&quot;ugm_enabled&quot;:&quot;0&quot;,&quot;ugm_category_enabled&quot;:&quot;0&quot;,&quot;fusion&quot;:&quot;&quot;,&quot;map_width_type&quot;:&quot;%&quot;,&quot;map_height_type&quot;:&quot;px&quot;,&quot;mass_marker_support&quot;:&quot;0&quot;,&quot;ugm_access&quot;:&quot;0&quot;,&quot;order_markers_by&quot;:&quot;0&quot;,&quot;order_markers_choice&quot;:&quot;0&quot;,&quot;show_user_location&quot;:&quot;0&quot;,&quot;default_to&quot;:&quot;&quot;,&quot;map_type&quot;:1,&quot;sl_stroke_color&quot;:&quot;&quot;,&quot;sl_fill_color&quot;:&quot;&quot;,&quot;sl_stroke_opacity&quot;:&quot;&quot;,&quot;sl_fill_opacity&quot;:&quot;&quot;,&quot;transport_layer&quot;:false,&quot;action&quot;:&quot;wpgmza_save_map&quot;,&quot;redirect_to&quot;:&quot;\\\/2013\\\/wp-admin\\\/admin-post.php&quot;,&quot;map_id&quot;:&quot;1&quot;,&quot;wpgmza_savemap&quot;:&quot;Save Map&quot;,&quot;http_referer&quot;:&quot;\\\/2013\\\/wp-admin\\\/admin.php?page=wp-google-maps-menu&amp;amp;action=edit&amp;amp;map_id=1&quot;,&quot;wpgmza_id&quot;:&quot;1&quot;,&quot;wpgmza_start_location&quot;:&quot;45.79668409999999,15.971335800000002&quot;,&quot;wpgmza_start_zoom&quot;:&quot;16&quot;,&quot;wpgmza_map_align&quot;:&quot;1&quot;,&quot;store_locator_enabled&quot;:false,&quot;store_locator_distance&quot;:false,&quot;store_locator_search_area&quot;:&quot;radial&quot;,&quot;wpgmza_store_locator_default_radius&quot;:&quot;10&quot;,&quot;store_locator_auto_area_max_zoom&quot;:&quot;&quot;,&quot;wpgmza_store_locator_radius_style&quot;:&quot;legacy&quot;,&quot;store_locator_component_anchor&quot;:&quot;0&quot;,&quot;wpgmza_store_locator_bounce&quot;:false,&quot;wpgmza_sl_animation&quot;:null,&quot;store_locator_query_string&quot;:&quot;&quot;,&quot;store_locator_default_address&quot;:&quot;&quot;,&quot;store_locator_name_search&quot;:false,&quot;store_locator_name_string&quot;:&quot;&quot;,&quot;store_locator_not_found_message&quot;:&quot;&quot;,&quot;store_locator_show_distance&quot;:false,&quot;store_locator_category&quot;:false,&quot;wpgmza_store_locator_use_their_location&quot;:false,&quot;wpgmza_store_locator_hide_before_search&quot;:false,&quot;store_locator_nearby_searches&quot;:false,&quot;wpgmza_ol_tile_filter&quot;:&quot;none&quot;,&quot;wpgmza_theme_data&quot;:&quot;&quot;,&quot;custom_tile_enabled&quot;:false,&quot;custom_tile_image&quot;:&quot;&quot;,&quot;custom_tile_image_width&quot;:&quot;&quot;,&quot;custom_tile_image_height&quot;:&quot;&quot;,&quot;custom_tile_image_attribution&quot;:&quot;&quot;,&quot;iw_primary_color&quot;:&quot;#000000&quot;,&quot;iw_accent_color&quot;:&quot;#000000&quot;,&quot;iw_text_color&quot;:&quot;#000000&quot;,&quot;close_infowindow_on_map_click&quot;:false,&quot;marker_share_links&quot;:false,&quot;wpgmza_listmarkers_by&quot;:&quot;0&quot;,&quot;marker_listing_component_anchor&quot;:null,&quot;marker_listing_component_auto_open&quot;:false,&quot;dataTable_pagination_style&quot;:null,&quot;category_filter_component_anchor&quot;:null,&quot;zoom_level_on_marker_listing_override&quot;:false,&quot;zoom_level_on_marker_listing_click&quot;:&quot;&quot;,&quot;datatable_no_result_message&quot;:&quot;&quot;,&quot;remove_search_box_datables&quot;:false,&quot;datatable_search_string&quot;:&quot;&quot;,&quot;datatable_result_start&quot;:&quot;&quot;,&quot;datatable_result_of&quot;:&quot;&quot;,&quot;datatable_result_to&quot;:&quot;&quot;,&quot;datatable_result_total&quot;:&quot;&quot;,&quot;datatable_result_show&quot;:&quot;&quot;,&quot;datatable_result_entries&quot;:&quot;&quot;,&quot;category_legends_enabled&quot;:false,&quot;category_legends_component_anchor&quot;:null,&quot;jump_to_nearest_marker_on_initialization&quot;:false,&quot;click_open_link&quot;:false,&quot;wpgmza_zoom_on_marker_click&quot;:false,&quot;wpgmza_zoom_on_marker_click_slider&quot;:&quot;&quot;,&quot;polygon_labels&quot;:false,&quot;disable_polygon_info_windows&quot;:false,&quot;fit_maps_bounds_to_markers&quot;:false,&quot;fit_maps_bounds_to_markers_after_filtering&quot;:false,&quot;automatically_pan_to_users_location&quot;:false,&quot;override_users_location_zoom_level&quot;:false,&quot;override_users_location_zoom_levels&quot;:&quot;&quot;,&quot;show_distance_from_location&quot;:false,&quot;map_starts_in_streetview&quot;:false,&quot;map_starts_in_streetview_location&quot;:&quot;&quot;,&quot;map_starts_in_streetview_heading&quot;:&quot;&quot;,&quot;map_starts_in_streetview_pitch&quot;:&quot;&quot;,&quot;map_max_zoom&quot;:&quot;21&quot;,&quot;map_min_zoom&quot;:&quot;0&quot;,&quot;hide_point_of_interest&quot;:false,&quot;disable_lightbox_images&quot;:false,&quot;use_Raw_Jpeg_Coordinates&quot;:false,&quot;enable_marker_ratings&quot;:false,&quot;only_load_markers_within_viewport&quot;:false,&quot;id&quot;:1}\" ><\/div>\n<p><strong>Repas<\/strong><\/p>\n<p>La Facult\u00e9 de Philosophie et Lettres dispose d&#8217;une cantine, o\u00f9 vous pourrez prendre vos repas pour un prix tr\u00e8s abordable. Veuillez noter que le prix des repas n&#8217;est pas compris dans les frais de cotisation.<\/p>\n<h3>H\u00e9bergements<\/h3>\n<p>A titre d&#8217;information, l&#8217;h\u00f4tel International, situ\u00e9 \u00e0 quelques minutes \u00e0 pied de la Facult\u00e9 de philosophie et lettres, offre aux participants des prix avantageux, qui vont de 75 euros pour une personne \u00e0 88 euros pour deux personnes.<br \/>\nLes participants d\u00e9sireux de b\u00e9n\u00e9ficier de ces tarifs pr\u00e9f\u00e9rentiels sont pri\u00e9s de r\u00e9server leur chambre avant le 31 mars 2013. Pour ce faire, pri\u00e8re de remplir le formulaire &#8220;R\u00e9servation h\u00f4tel&#8221; affich\u00e9 dans la rubrique &#8220;Informations pratiques&#8221; de notre site web, et de le faxer au + 385 1 4892 060.<\/p>\n<p><a href=\"https:\/\/francontraste.ffzg.unizg.hr\/2013\/wp-content\/uploads\/2013\/02\/Hotel-International.doc\">formulaire R\u00e9servation h\u00f4tel<\/a>&nbsp; <img decoding=\"async\" loading=\"lazy\" class=\"alignnone wp-image-127\" style=\"margin-top: -5px; margin-bottom: -5px;\" title=\"wordicn03\" src=\"https:\/\/francontraste.ffzg.unizg.hr\/2013\/wp-content\/uploads\/2012\/10\/wordicn03.jpg\" alt=\"\" width=\"19\" height=\"20\"><\/p>\n<p>On peut \u00e9galement se renseigner aupr\u00e8s de l\u2019h\u00f4tel Dora, o\u00f9 les prix vont de 457 kunas (62 EUR) \u00e0 714 kunas (97 EUR), visiter <a href=\"http:\/\/www.zug.hr\" target=\"_blank\" rel=\"noopener\">www.zug.hr<\/a>.<br \/>\nPour les \u00e9tudiants et les groupes l\u2019h\u00e9bergement est possible \u00e0 l\u2019auberge de jeunesse Buzz, avec une fourchette de prix entre 120 kunas (17 EUR) et 330 kunas (46 EUR), visiter <a href=\"http:\/\/www.buzzbackpackers.com\" target=\"_blank\" rel=\"noopener\">www.buzzbackpackers.com<\/a>.<\/p>\n<p><a href=\"http:\/\/www.zagreb.hr\/\" target=\"_blank\" rel=\"noopener\">www.zagreb.hr<\/a><\/p>\n<p><a href=\"http:\/\/www.zagreb-touristinfo.hr\" target=\"_blank\" rel=\"noopener\">www.zagreb-touristinfo.hr<\/a><\/p>\n<h3>Zra\u010dna luka Pleso &#8211; <em>A\u00e9roport de Zagreb<\/em><\/h3>\n<p><a href=\"http:\/\/www.zagreb-airport.hr\/\" target=\"_blank\" rel=\"noopener\">http:\/\/www.zagreb-airport.hr\/<\/a><\/p>\n<p><strong>Les participants, d\u00e9sirant une prise en charge par l&#8217;AUF, et qui sont ressortissants de la R\u00e9gion Europe centrale et orientale en priorit\u00e9, sont pri\u00e9s de remplir la fiche de demande d&#8217;aide AUF<\/strong><\/p>\n<p><a href=\"http:\/\/www.auf.org\/regions\/europe-centrale-orientale\/\" target=\"_blank\" rel=\"noopener\">http:\/\/www.auf.org\/regions\/europe-centrale-orientale\/<\/a><\/p>\n<p><a href=\"http:\/\/www.auf.org\/regions\/europe-centrale-orientale\/actions-regionales\/accueil.html\" target=\"_blank\" rel=\"noopener\">http:\/\/www.auf.org\/regions\/europe-centrale-orientale\/actions-regionales\/accueil.html<\/a><\/p>\n<p><a href=\"http:\/\/www.auf.org\/regions\/europe-centrale-orientale\/actions-regionales\/mobilites-enseignantes\/ms.html\" target=\"_blank\" rel=\"noopener\">http:\/\/www.auf.org\/regions\/europe-centrale-orientale\/actions-regionales\/mobilites-enseignantes\/ms.html<\/a><\/p>\n<p><a href=\"http:\/\/www.auf.org\/regions\/\" target=\"_blank\" rel=\"noopener\">http:\/\/www.auf.org\/regions\/<\/a><\/p>\n<p>&nbsp;<\/p>\n<p>Nous avons le plaisir de vous annoncer que vous pourrez acheter les recueils des contributions de Francontraste 2010 dans la librairie de la Facult\u00e9, pour une somme d&#8217;environ 20 euros par volume.<\/p>\n","protected":false},"excerpt":{"rendered":"<p>Filozofski fakultet u Zagrebu Facult\u00e9 de philosophie et lettres Repas La Facult\u00e9 de Philosophie et Lettres dispose d&#8217;une cantine, o\u00f9 vous pourrez prendre vos repas pour un prix tr\u00e8s abordable. Veuillez noter que le prix des repas n&#8217;est pas compris dans les frais de cotisation. H\u00e9bergements A titre d&#8217;information, l&#8217;h\u00f4tel International, situ\u00e9 \u00e0 quelques minutes [&hellip;]<\/p>\n","protected":false},"author":1,"featured_media":0,"parent":0,"menu_order":0,"comment_status":"closed","ping_status":"closed","template":"","meta":{"footnotes":""},"_links":{"self":[{"href":"https:\/\/francontraste.ffzg.unizg.hr\/2013\/index.php?rest_route=\/wp\/v2\/pages\/65"}],"collection":[{"href":"https:\/\/francontraste.ffzg.unizg.hr\/2013\/index.php?rest_route=\/wp\/v2\/pages"}],"about":[{"href":"https:\/\/francontraste.ffzg.unizg.hr\/2013\/index.php?rest_route=\/wp\/v2\/types\/page"}],"author":[{"embeddable":true,"href":"https:\/\/francontraste.ffzg.unizg.hr\/2013\/index.php?rest_route=\/wp\/v2\/users\/1"}],"replies":[{"embeddable":true,"href":"https:\/\/francontraste.ffzg.unizg.hr\/2013\/index.php?rest_route=%2Fwp%2Fv2%2Fcomments&post=65"}],"version-history":[{"count":15,"href":"https:\/\/francontraste.ffzg.unizg.hr\/2013\/index.php?rest_route=\/wp\/v2\/pages\/65\/revisions"}],"predecessor-version":[{"id":1554,"href":"https:\/\/francontraste.ffzg.unizg.hr\/2013\/index.php?rest_route=\/wp\/v2\/pages\/65\/revisions\/1554"}],"wp:attachment":[{"href":"https:\/\/francontraste.ffzg.unizg.hr\/2013\/index.php?rest_route=%2Fwp%2Fv2%2Fmedia&parent=65"}],"curies":[{"name":"wp","href":"https:\/\/api.w.org\/{rel}","templated":true}]}}