{"id":56,"date":"2012-10-25T02:25:33","date_gmt":"2012-10-25T02:25:33","guid":{"rendered":"http:\/\/francontraste.wordpress.com\/?page_id=15"},"modified":"2022-09-19T09:45:00","modified_gmt":"2022-09-19T09:45:00","slug":"comites","status":"publish","type":"page","link":"https:\/\/francontraste.ffzg.unizg.hr\/2013\/?page_id=56","title":{"rendered":"Comit\u00e9s"},"content":{"rendered":"<h3>Comit\u00e9 scientifique<\/h3>\n<p><strong>Ivana Frani\u0107<\/strong> (Universit\u00e9 de Zagreb)<br \/>\n<strong>Raymond Gevaert,<\/strong> vice pr\u00e9sident de la FIPF<br \/>\n<strong>Nenad Ivi\u0107<\/strong> (Universit\u00e9 de Zagreb)<br \/>\n<strong>August Kova\u010dec<\/strong> (Universit\u00e9 de Zagreb)<br \/>\n<strong>Evaine Le Calv\u00e9 Ivi\u010devi\u0107<\/strong> (Universit\u00e9 de Zagreb)<br \/>\n<strong>Jacques Moeschler<\/strong> (Universit\u00e9 de Gen\u00e8ve)<br \/>\n<strong>Julio Murillo Puyal<\/strong> (Universitat Aut\u00f2noma de Barcelona)<br \/>\n<strong>Bogdanka Pavelin Le\u0161i\u0107<\/strong> (Universit\u00e9 de Zagreb)<br \/>\n<strong>Ida Raffaelli<\/strong> (Universit\u00e9 de Zagreb)<br \/>\n<strong>Raymond Renard<\/strong> (Universit\u00e9 de Mons)<br \/>\n<strong>Paul Rivenc<\/strong> (Universit\u00e9 de Toulouse Le Mirail)<br \/>\n<strong>Olivier Soutet<\/strong> (Universit\u00e9 de Paris IV Sorbonne)<br \/>\n<strong>Ingrid \u0160afranek<\/strong> (Universit\u00e9 de Zagreb)<br \/>\n<strong>Dra\u017een Varga<\/strong> (Universit\u00e9 de Zagreb)<br \/>\n<strong>Mirna Vel\u010di\u0107-Canivez<\/strong> (Universit\u00e9 de Lille)<br \/>\n<strong>Yvonne Vrhovac<\/strong> (Universit\u00e9 de Zagreb)<\/p>\n<h3>Comit\u00e9 d&#8217;organisation<\/h3>\n<p>Pr\u00e9sidente:<br \/>\n<a href=\"https:\/\/francontraste.ffzg.unizg.hr\/2016\/?page_id=674\" target=\"_blank\" rel=\"noopener\"><strong>Bogdanka Pavelin Le\u0161i\u0107<\/strong><\/a><\/p>\n<p>Copr\u00e9sidentes:<br \/>\n<strong>Evaine Le Calv\u00e9 Ivi\u010devi\u0107<\/strong><br \/>\n<strong>Ivana Frani\u0107<\/strong><\/p>\n<p>Membres :<br \/>\n<strong>Vedrana Berlengi<\/strong><br \/>\n<strong>Gorana Biki\u0107 Cari\u0107<\/strong><br \/>\n<strong>Fr\u00e9d\u00e9ric Germain<\/strong><br \/>\n<strong>Marinko Ko\u0161\u010dec<\/strong><br \/>\n<strong>Lidija Ore\u0161kovi\u0107 Dvorski<\/strong><br \/>\n<strong>Sorin Stan<\/strong><br \/>\n<strong>Maja Zorica<\/strong><\/p>\n","protected":false},"excerpt":{"rendered":"<p>Comit\u00e9 scientifique Ivana Frani\u0107 (Universit\u00e9 de Zagreb) Raymond Gevaert, vice pr\u00e9sident de la FIPF Nenad Ivi\u0107 (Universit\u00e9 de Zagreb) August Kova\u010dec (Universit\u00e9 de Zagreb) Evaine Le Calv\u00e9 Ivi\u010devi\u0107 (Universit\u00e9 de Zagreb) Jacques Moeschler (Universit\u00e9 de Gen\u00e8ve) Julio Murillo Puyal (Universitat Aut\u00f2noma de Barcelona) Bogdanka Pavelin Le\u0161i\u0107 (Universit\u00e9 de Zagreb) Ida Raffaelli (Universit\u00e9 de Zagreb) Raymond [&hellip;]<\/p>\n","protected":false},"author":1,"featured_media":0,"parent":0,"menu_order":0,"comment_status":"closed","ping_status":"closed","template":"","meta":{"footnotes":""},"_links":{"self":[{"href":"https:\/\/francontraste.ffzg.unizg.hr\/2013\/index.php?rest_route=\/wp\/v2\/pages\/56"}],"collection":[{"href":"https:\/\/francontraste.ffzg.unizg.hr\/2013\/index.php?rest_route=\/wp\/v2\/pages"}],"about":[{"href":"https:\/\/francontraste.ffzg.unizg.hr\/2013\/index.php?rest_route=\/wp\/v2\/types\/page"}],"author":[{"embeddable":true,"href":"https:\/\/francontraste.ffzg.unizg.hr\/2013\/index.php?rest_route=\/wp\/v2\/users\/1"}],"replies":[{"embeddable":true,"href":"https:\/\/francontraste.ffzg.unizg.hr\/2013\/index.php?rest_route=%2Fwp%2Fv2%2Fcomments&post=56"}],"version-history":[{"count":6,"href":"https:\/\/francontraste.ffzg.unizg.hr\/2013\/index.php?rest_route=\/wp\/v2\/pages\/56\/revisions"}],"predecessor-version":[{"id":1544,"href":"https:\/\/francontraste.ffzg.unizg.hr\/2013\/index.php?rest_route=\/wp\/v2\/pages\/56\/revisions\/1544"}],"wp:attachment":[{"href":"https:\/\/francontraste.ffzg.unizg.hr\/2013\/index.php?rest_route=%2Fwp%2Fv2%2Fmedia&parent=56"}],"curies":[{"name":"wp","href":"https:\/\/api.w.org\/{rel}","templated":true}]}}