{"id":48,"date":"2012-10-25T02:22:14","date_gmt":"2012-10-25T02:22:14","guid":{"rendered":"http:\/\/francontraste.wordpress.com\/?page_id=8"},"modified":"2013-04-23T14:29:06","modified_gmt":"2013-04-23T14:29:06","slug":"appel","status":"publish","type":"page","link":"https:\/\/francontraste.ffzg.unizg.hr\/2013\/?page_id=48","title":{"rendered":"Appel"},"content":{"rendered":"<p style=\"text-align: center;\">UNIVERSIT\u00c9 DE ZAGREB \u2013 CROATIE<br \/>\nFACULT\u00c9 DE PHILOSOPHIE ET LETTRES<br \/>\nD\u00c9PARTEMENT D\u2019\u00c9TUDES ROMANES<\/p>\n<p style=\"text-align: center;\">UNIT\u00c9 DE FORMATION ET DE RECHERCHE EN FRAN\u00c7AIS<\/p>\n<p style=\"text-align: center;\"><span style=\"font-size: 15px;\"><strong>FRANCONTRASTE 2013<\/strong><\/span><br \/>\n<span style=\"font-size: 15px;\"> <strong>DEUXI\u00c8ME COLLOQUE FRANCOPHONE INTERNATIONAL<\/strong><\/span><br \/>\n<span style=\"font-size: 15px;\"> <strong>DE L\u2019UNIVERSIT\u00c9 DE ZAGREB<\/strong><\/span><\/p>\n<p style=\"text-align: center;\"><strong>\u00a0SOUS L&#8217;\u00c9GIDE DU PR\u00c9SIDENT DE LA R\u00c9PUBLIQUE<\/strong><\/p>\n<p style=\"text-align: center;\">11-13 avril 2013<\/p>\n<p style=\"text-align: center;\">APPEL \u00c0 CONTRIBUTION<\/p>\n<p style=\"text-align: center;\"><strong>LE FRAN\u00c7AIS EN CONTRASTE :<br \/>\nL&#8217;AFFECTIVIT\u00c9 ET LA SUBJECTIVIT\u00c9 DANS LE LANGAGE<\/strong><\/p>\n<p style=\"text-align: left;\">Si elle fait depuis toujours l&#8217;objet d&#8217;une exploration philosophique, scientifique et bien s\u00fbr artistique, l&#8217;affectivit\u00e9 n&#8217;en demeure pas moins un concept sans cesse en \u00e9volution et en qu\u00eate de nouvelles d\u00e9finitions. Insaisissable et pourtant omnipr\u00e9sente, illimit\u00e9e et cependant fragment\u00e9e \u00e0 l&#8217;infini car englobant tout sentiment et toute \u00e9motion, impond\u00e9rable et n\u00e9anmoins puissante puisqu&#8217;\u00e0 l&#8217;origine de nos pulsions, &#8220;ce sont les sentiments qui r\u00e9gissent le choix de l&#8217;expression linguistique&#8221; (Guberina). Au c\u0153ur de la subjectivit\u00e9 et pr\u00e9sidant \u00e0 d&#8217;innombrables exp\u00e9riences, des plus limpides aux plus sombres, elle ne saurait \u00eatre consid\u00e9r\u00e9e en dehors de la culture, \u00e0 plus forte raison du langage. Car s&#8217;il est vrai que &#8220;Le monde n&#8217;est pas [seulement] compris et pens\u00e9 par l&#8217;homme au moyen du langage; sa vision du monde et la fa\u00e7on de vivre dans cette vision sont d\u00e9j\u00e0 d\u00e9termin\u00e9es par le langage&#8221; (Cassirer), il est raisonnable de poser la pr\u00e9misse que la langue fran\u00e7aise est susceptible d&#8217;exprimer affectivit\u00e9 et subjectivit\u00e9 de fa\u00e7on(s) sp\u00e9cifique(s) et plurielle(s). Ainsi la Francophonie offre-t-elle un espace privil\u00e9gi\u00e9 de recherche sur le th\u00e8me affectivit\u00e9 et subjectivit\u00e9. Le pr\u00e9sent Colloque propose de faire \u00e9merger une r\u00e9flexion pluridisciplinaire et contrastive sur les \u00e9tudes francophones du point de vue des sciences du langage, de la didactique des langues \u00e9trang\u00e8res, de l\u2019activit\u00e9 traduisante et de la litt\u00e9rature, r\u00e9flexion qui s\u2019efforcera d&#8217;explorer l&#8217;univers de l&#8217;affectivit\u00e9 et de la subjectivit\u00e9 dans le langage au sein de la langue et des cultures francophones. Compte tenu de l\u2019ampleur de ces concepts, nous attendons des contributions qui offriront des visions et interpr\u00e9tations diverses des caract\u00e8res complexes de l\u2019expression francophone et des observations pratiques de ses manifestations sous toutes leurs formes. Les travaux pla\u00e7ant plus pr\u00e9cis\u00e9ment les concepts mentionn\u00e9s sous une perspective contrastive seront particuli\u00e8rement appr\u00e9ci\u00e9s. Les \u00e9tudiants sont \u00e9galement chaleureusement invit\u00e9s \u00e0 soumettre tout article traitant d&#8217;un th\u00e8me pertinent dans le cadre des pistes d\u2019\u00e9tude trac\u00e9es ci-dessus. Nous encourageons les contributions situ\u00e9es dans une seule discipline ou dans une perspective pluridisciplinaire relevant des champs suivants :<\/p>\n<p><strong>1. Science du langage<\/strong><\/p>\n<p style=\"padding-left: 30px;\">&#8211; affectivit\u00e9, style, subjectivit\u00e9, (co-)\u00e9nonciation, polyphonie<br \/>\n&#8211; du fait de langue au fait de style<br \/>\n&#8211; d&#8217;une stylistique linguistique \u00e0 une linguistique \u00e9nonciative<br \/>\n&#8211; la subjectivit\u00e9 au c\u0153ur m\u00eame du langage : Bally, Guberina, Benveniste, Ducrot, Culioli, Charaudeau, Kerbrat\u00adOrecchioni<br \/>\n&#8211; les proc\u00e9d\u00e9s de la construction \u00e9nonciative: d&#8217;ordre linguistique, d&#8217;ordre discursif<br \/>\n&#8211; les moyens de l&#8217;installation de la subjectivit\u00e9 dans le langage<br \/>\n&#8211; l&#8217;appareil linguistique et l&#8217;appareil plurimodal de l&#8217;\u00e9nonciation<br \/>\n&#8211; les marqueurs de subjectivit\u00e9 ou subjectiv\u00e8mes<br \/>\n&#8211; l\u2019aspect pragmatique de la subjectivit\u00e9 dans le langage<br \/>\n&#8211; les h\u00e9t\u00e9rog\u00e9n\u00e9it\u00e9s du sens dans les ph\u00e9nom\u00e8nes discursifs<br \/>\n&#8211; les moyens non verbaux de l&#8217;expression orale<\/p>\n<p>\u00a0<strong>2. Didactique<\/strong><\/p>\n<p style=\"padding-left: 30px;\">&#8211; la personnalit\u00e9 \u00ab interculturelle \u00bb de l&#8217;apprenant<br \/>\n&#8211; l&#8217;apprenant en tant que sujet plurilingue et pluriculturel<br \/>\n&#8211; la confiance en soi et la pers\u00e9v\u00e9rance comme facilitateurs d&#8217;apprentissage<br \/>\n&#8211; les strat\u00e9gies et styles d&#8217;apprentissage<br \/>\n&#8211; la motivation : cl\u00e9 de la r\u00e9ussite<br \/>\n&#8211; les difficult\u00e9s d&#8217;apprentissage<br \/>\n&#8211; l&#8217;approche r\u00e9flexive ou le chemin vers l&#8217;autonomie<br \/>\n&#8211; l&#8217;apprentissage en autonomie : r\u00f4le des TICE<br \/>\n&#8211; l&#8217;apprenant face \u00e0 l&#8217;auto-\u00e9valuation : responsabilit\u00e9 de son apprentissage<br \/>\n&#8211; le Portfolio europ\u00e9en des langues et son impact sur le d\u00e9veloppement des comp\u00e9tences de l&#8217;apprenant<\/p>\n<p>\u00a0<strong>3. Activit\u00e9 traduisante<\/strong><\/p>\n<p style=\"padding-left: 30px;\">&#8211; le lexique des \u00e9motions et des sentiments (analyse comparative)<br \/>\n&#8211; l&#8217;expression de l&#8217;affectivit\u00e9 dans la phrase &#8211; lexique, syntaxe, rythme, etc. &#8211; et son transfert<br \/>\n&#8211; les moyens d&#8217;exprimer l&#8217;affectivit\u00e9 dans la formation des mots &#8211; hypocoristiques, p\u00e9joratifs &#8211; d&#8217;une langue \u00e0 l&#8217;autre et leur transfert<br \/>\n&#8211; l&#8217;affectivit\u00e9 et la subjectivit\u00e9 &#8220;passent&#8221;-elles mieux dans une langue que dans une autre?<br \/>\n&#8211; strat\u00e9gies de compensation en langue cible dans l&#8217;expression de l&#8217;affectivit\u00e9 et de la subjectivit\u00e9<br \/>\n&#8211; realia, &#8220;divergences m\u00e9talinguistiques&#8221; (Vinay et Darbelnet) et affectivit\u00e9: o\u00f9 commence l'&#8221;intraduisible&#8221;?<br \/>\n&#8211; phras\u00e9ologie de l&#8217;affectivit\u00e9 et son transfert<br \/>\n&#8211; po\u00e9tique du traduire: inscription du sujet traduisant dans le texte (Meschonnic)<br \/>\n&#8211; quand la subjectivit\u00e9 devient n\u00e9faste: tendances d\u00e9formantes (Berman) et\/ou t\u00e9ratologie de la traduction (Meschonnic)<\/p>\n<p>\u00a0<strong>4. Litt\u00e9rature<\/strong><\/p>\n<p style=\"padding-left: 30px;\">&#8211; affectivit\u00e9 en litt\u00e9rature<br \/>\n&#8211; affectivit\u00e9 et le \u00ab syst\u00e8me \u00bb des passions<br \/>\n&#8211; l\u2019affectivit\u00e9 et le romanesque (formes et significations)<br \/>\n&#8211; r\u00e9cit de passion et passion de r\u00e9cit<br \/>\n&#8211; les \u00e9l\u00e9ments affectifs en tant qu\u2019\u00e9v\u00e9nements ou exc\u00e8s \u2013 \u00e9carts de la norme \u00e9tablie par un texte litt\u00e9raire<br \/>\n&#8211; affect et d\u00e9sir<br \/>\n&#8211; perception \u2013 vue, \u00e9coute, \u0153il, oreille, le paradigme du regard \u2013 observation et participation<br \/>\n&#8211; le regard captur\u00e9, le regard r\u00e9fl\u00e9chi<br \/>\n&#8211; affect \u2013 passion aux croisements de la philosophie, de la m\u00e9decine et de la religion (mystique \u2013 la passion de l\u2019Un)<br \/>\n&#8211; l\u2019homme et l\u2019animal, l\u2019humanit\u00e9 et l\u2019animalit\u00e9, les ambivalences de l\u2019affect<br \/>\n&#8211; la premiere personne, le \u00ab je \u00bb<br \/>\n&#8211; passions et conscience de soi \u2013 passion de vie, passion de r\u00e9cit dans l\u2019\u00e9criture du soi<br \/>\n&#8211; l\u2019affectivit\u00e9 et l\u2019illusion, les tentations du \u00ab Neutre \u00bb<\/p>\n<p><strong>DATE LIMITE DE SOUMISSION :<\/strong><br \/>\nLes participants sont pri\u00e9s de remplir la fiche d&#8217;inscription ci-jointe et de la retourner par courriel avant le le 22 octobre 2012 avec un r\u00e9sum\u00e9 (200 &#8211; 250 mots), en pr\u00e9cisant dans quelle section ils d\u00e9sirent intervenir. Pri\u00e8re d\u2019accompagner le r\u00e9sum\u00e9 d\u2019un bref CV (un paragraphe) mentionnant l\u2019affiliation et le domaine de sp\u00e9cialisation. Les communications ne devront pas d\u00e9passer 15 minutes, suivies d\u2019une discussion.<br \/>\nPri\u00e8re de faire parvenir la fiche d&#8217;inscription d\u00fbment remplie, le r\u00e9sum\u00e9 et le CV aux adresses suivantes :<br \/>\n<a href=\"mailto:francontraste@ffzg.hr\">francontraste@ffzg.hr<\/a> ou <a href=\"mailto:lodvorsk@ffzg.hr\">lodvorsk@ffzg.hr<\/a><br \/>\nNous nous chargeons de faire savoir aux participants si leurs r\u00e9sum\u00e9s ont \u00e9t\u00e9 accept\u00e9s au plus tard le 22 novembre 2012 .<\/p>\n<p><strong>Types de contribution au colloque:<\/strong><br \/>\n<strong>&#8211; les conf\u00e9renciers pl\u00e9niers auront a leur disposition 45 minutes de conf\u00e9rence pl\u00e9ni\u00e8re dont il faut pr\u00e9voir environs 10 min pour les questions de l&#8217;audience.<\/strong><br \/>\n<strong>&#8211; communications orales de 15 minutes + 5 minutes de discussion<\/strong><br \/>\n<strong>&#8211; possibilit\u00e9 de proposer une table ronde ou bien un atelier en proposant la th\u00e9matique qui, apr\u00e8s avoir affich\u00e9 le titre de la table ronde\/de l&#8217;atelier sur le site web du Colloque, r\u00e9unirait une \u00e9quipe d&#8217;intervenants au cours d&#8217;une s\u00e9ance table ronde\/atelier d&#8217;une dur\u00e9e de 2h30<\/strong><br \/>\n<strong>&#8211; possibilit\u00e9 de participer dans la s\u00e9ance de pr\u00e9sentations par affiches (poster pr\u00e9sentations) accompagn\u00e9e d&#8217;une pr\u00e9sentation orale de 5 minutes<\/strong><br \/>\n<strong>&#8211; possibilit\u00e9 de participer en tant qu&#8217;auditeur (sans pr\u00e9sentation)<\/strong><\/p>\n<p>Le programme d\u00e9taill\u00e9 du Colloque sera diffus\u00e9 aux participants au cours du mois de mars 2013.<\/p>\n<p><strong>HEBERGEMENT<\/strong><br \/>\nA titre d&#8217;information, l&#8217;h\u00f4tel International, situ\u00e9 \u00e0 quelques minutes \u00e0 pied de la Facult\u00e9 de philosophie et lettres, offre aux participants des prix avantageux, qui vont de 75 euros pour une personne \u00e0 88 euros pour deux personnes.<\/p>\n<p>Les participants d\u00e9sireux de b\u00e9n\u00e9ficier de ces tarifs pr\u00e9f\u00e9rentiels sont pri\u00e9s de r\u00e9server leur chambre avant le 31 mars 2013. Pour ce faire, pri\u00e8re de remplir le formulaire &#8220;R\u00e9servation h\u00f4tel&#8221; affich\u00e9 dans la rubrique &#8220;Informations pratiques&#8221; de notre site web, et de le faxer au + 385 1 4892 060.<\/p>\n<p><strong>FRAIS D\u2019INSCRIPTION:<\/strong><br \/>\nEtudiants : 30 EUR<br \/>\nAutres : 80 EUR<\/p>\n<p><strong>PAIEMENT :<\/strong><br \/>\n<strong>Nom de la banque : Zagreba\u010dka banka<\/strong><br \/>\n<strong>Compte courant : 2360000 &#8211; 1101311177<\/strong><br \/>\n<strong>Indice de r\u00e9f\u00e9rence : 2 280 2177 (\u00e0 mentionner sur le virement)<\/strong><br \/>\n<strong>SWIFT\/BIC : ZABAHR2X<\/strong><br \/>\n<strong>IBAN : HR1823600001101311177<\/strong><br \/>\n<strong>Nom du titulaire : Facult\u00e9 de philosophie et lettres<\/strong><br \/>\n<strong>Adresse du titulaire:<\/strong><br \/>\n<strong>Ivana Lu\u010di\u0107a 3<\/strong><br \/>\n<strong>10 000 Zagreb (Croatie)<\/strong><\/p>\n<p><strong>PUBLICATION:<\/strong><br \/>\nLes organisateurs pr\u00e9voient de publier une s\u00e9lection repr\u00e9sentative des communications faites lors du Colloque.<\/p>\n<p><strong>Les participants, d\u00e9sireux de prise en charge par l&#8217;AUF, et qui sont ressortissants de la R\u00e9gion Europe centrale et orientale en priorit\u00e9, sont pri\u00e9s de remplir la fiche de demande d&#8217;aide AUF<\/strong><\/p>\n<p><a href=\"http:\/\/www.auf.org\/regions\/europe-centrale-orientale\/ \" target=\"_blank\">http:\/\/www.auf.org\/regions\/europe-centrale-orientale\/ <\/a><\/p>\n<p><a href=\"http:\/\/www.auf.org\/regions\/europe-centrale-orientale\/actions-regionales\/accueil.html\" target=\"_blank\">http:\/\/www.auf.org\/regions\/europe-centrale-orientale\/actions-regionales\/accueil.html<\/a><\/p>\n<p>&nbsp;<\/p>\n<p>FACULTE DE PHILOSOPHIE ET LETTRES<\/p>\n","protected":false},"excerpt":{"rendered":"<p>UNIVERSIT\u00c9 DE ZAGREB \u2013 CROATIE FACULT\u00c9 DE PHILOSOPHIE ET LETTRES D\u00c9PARTEMENT D\u2019\u00c9TUDES ROMANES UNIT\u00c9 DE FORMATION ET DE RECHERCHE EN FRAN\u00c7AIS FRANCONTRASTE 2013 DEUXI\u00c8ME COLLOQUE FRANCOPHONE INTERNATIONAL DE L\u2019UNIVERSIT\u00c9 DE ZAGREB \u00a0SOUS L&#8217;\u00c9GIDE DU PR\u00c9SIDENT DE LA R\u00c9PUBLIQUE 11-13 avril 2013 APPEL \u00c0 CONTRIBUTION LE FRAN\u00c7AIS EN CONTRASTE : L&#8217;AFFECTIVIT\u00c9 ET LA SUBJECTIVIT\u00c9 DANS LE [&hellip;]<\/p>\n","protected":false},"author":1,"featured_media":0,"parent":0,"menu_order":0,"comment_status":"closed","ping_status":"closed","template":"","meta":{"footnotes":""},"_links":{"self":[{"href":"https:\/\/francontraste.ffzg.unizg.hr\/2013\/index.php?rest_route=\/wp\/v2\/pages\/48"}],"collection":[{"href":"https:\/\/francontraste.ffzg.unizg.hr\/2013\/index.php?rest_route=\/wp\/v2\/pages"}],"about":[{"href":"https:\/\/francontraste.ffzg.unizg.hr\/2013\/index.php?rest_route=\/wp\/v2\/types\/page"}],"author":[{"embeddable":true,"href":"https:\/\/francontraste.ffzg.unizg.hr\/2013\/index.php?rest_route=\/wp\/v2\/users\/1"}],"replies":[{"embeddable":true,"href":"https:\/\/francontraste.ffzg.unizg.hr\/2013\/index.php?rest_route=%2Fwp%2Fv2%2Fcomments&post=48"}],"version-history":[{"count":27,"href":"https:\/\/francontraste.ffzg.unizg.hr\/2013\/index.php?rest_route=\/wp\/v2\/pages\/48\/revisions"}],"predecessor-version":[{"id":499,"href":"https:\/\/francontraste.ffzg.unizg.hr\/2013\/index.php?rest_route=\/wp\/v2\/pages\/48\/revisions\/499"}],"wp:attachment":[{"href":"https:\/\/francontraste.ffzg.unizg.hr\/2013\/index.php?rest_route=%2Fwp%2Fv2%2Fmedia&parent=48"}],"curies":[{"name":"wp","href":"https:\/\/api.w.org\/{rel}","templated":true}]}}