{"id":1060,"date":"2013-03-25T16:48:38","date_gmt":"2013-03-25T16:48:38","guid":{"rendered":"http:\/\/www.ffzg.unizg.hr\/francontraste\/?page_id=1060"},"modified":"2013-04-09T02:01:37","modified_gmt":"2013-04-09T02:01:37","slug":"programme-samedi-13-avril-2","status":"publish","type":"page","link":"https:\/\/francontraste.ffzg.unizg.hr\/2013\/?page_id=1060","title":{"rendered":"Programme &#8211; Samedi 13 avril"},"content":{"rendered":"<div style=\"position: absolute; left: 283px; top: 198px; width: 100px; height: 1000px;\">\n<table style=\"width: 585px; height: 629px;\" border=\"0\" cellspacing=\"0\" cellpadding=\"0\">\n<tbody>\n<tr>\n<td style=\"text-align: center; background-color: #b8cefe;\" colspan=\"3\" valign=\"middle\">\n<span style=\"font-size: 12px;\"><strong>SESSION G<\/strong><\/span>\n<\/td>\n<td style=\"text-align: center; background-color: #ceddfe;\" colspan=\"2\" valign=\"middle\">\n<span style=\"font-size: 12px;\"><strong>SESSION H<\/strong><\/span><br \/>\n<\/tr>\n<tr>\n<td style=\"padding-left: 5px; background-color: #a6a6a6;\"><span style=\"font-size: 10px;\">08.40-09.00<\/span><\/td>\n<td style=\"padding-left: 5px; background-color: #d0d0d0;\"><span style=\"font-size: 10px;\">A107<\/span><br \/>\n<span style=\"font-size: 10px;\">Section sciences du langage<\/span><\/p>\n<p><span style=\"font-size: 10px;\">mod\u00e9rateur:<\/span><br \/>\n<span style=\"font-size: 10px;\">Lidija Ore\u0161kovi\u0107 Dvorski<\/span><\/p>\n<p><span style=\"font-size: 10px;\"><em>L&#8217;aspect verbal et l&#8217;expression de la subjectivit\u00e9<\/em><\/span><\/p>\n<p><span style=\"font-size: 10px;\"><strong>BIKI\u0106 CARI\u0106<\/strong> Gorana<\/span><\/td>\n<td style=\"background-color: #d0d0d0;\"><span style=\"font-size: 10px;\">A218<\/span><br \/>\n<span style=\"font-size: 10px;\">Section litt\u00e9rature<\/span><\/p>\n<p><span style=\"font-size: 10px;\">mod\u00e9rateur:<br \/>\nDaniela \u0106urko<\/span><\/p>\n<p><span style=\"font-size: 10px;\"><em>Le sujet mal enfourn\u00e9 : la dissolution comme principe g\u00e9n\u00e9rateur dans Univers, univers de R\u00e9gis Jauffret<\/em><\/span><\/p>\n<p><span style=\"font-size: 10px;\"><strong>KO\u0160\u010cEC<\/strong> Marinko<\/span><\/td>\n<td style=\"background-color: #d0d0d0;\" colspan=\"2\"><span style=\"font-size: 10px;\">A301<\/span><br \/>\n<span style=\"font-size: 10px;\">Section sciences du langage<\/span><\/p>\n<p><span style=\"font-size: 10px;\">mod\u00e9rateurs:<\/span><br \/>\n<span style=\"font-size: 10px;\">Paul Bouissac,<\/span><br \/>\n<span style=\"font-size: 10px;\">Bogdanka Pavelin Le\u0161i\u0107<\/span><\/p>\n<p><span style=\"font-size: 10px;\"><em>Le style comme \u00ab subjectivation \u00bb<\/em><\/span><\/p>\n<p><span style=\"font-size: 10px;\"><strong>MORICHEAU-AIRAUD<\/strong> B\u00e9reng\u00e8re<\/span>\n<\/td>\n<\/tr>\n<tr>\n<td style=\"padding-left: 5px; background-color: #a6a6a6;\"><span style=\"font-size: 10px;\">09.00-09.20<\/span><\/td>\n<td style=\"padding-left: 5px;\" valign=\"top\" width=\"141\"><span style=\"font-size: 10px;\"><em>La transformation emphatique appliqu\u00e9e a l&#8217;identification des compl\u00e9ments du verbe en fran\u00e7ais et ses limites<\/em><\/span><\/p>\n<p><span style=\"font-size: 10px;\"><strong>DAMI\u0106 BOHA\u010c<\/strong> Darja<\/span><\/td>\n<td valign=\"top\" width=\"147\"><span style=\"font-size: 10px;\"><em>L\u2019Affect qu\u00e9b\u00e9cois : entre le soi et l\u2019autre. Constructions discursives de la subjectivit\u00e9 (post)moderne<\/em><\/span><\/p>\n<p><span style=\"font-size: 10px;\"><strong>KRZYKAWSKI<\/strong> Michal<\/span><\/td>\n<td colspan=\"2\" valign=\"top\" width=\"147\"><span style=\"font-size: 10px;\"><em>S\u00e9miotique de l\u2019affectivit\u00e9 : th\u00e9orie et pratique<\/em><\/span><\/p>\n<p><span style=\"font-size: 10px;\"><strong>BIGLARI<\/strong> Amir<\/span><span style=\"font-size: 10px;\"> <\/span><\/td>\n<\/tr>\n<tr>\n<td style=\"padding-left: 5px; background-color: #a6a6a6;\"><span style=\"font-size: 10px;\">09.20-09.40<\/span><\/td>\n<td style=\"padding-left: 5px; background-color: #d0d0d0;\"><span style=\"font-size: 10px;\"><em>L\u2019expression de l\u2019affectivit\u00e9 et de la subjectivit\u00e9 dans le langage par le biais de la r\u00e9f\u00e9rence d\u00e9ictique, anaphorique et cataphorique<\/em><\/span><\/p>\n<p><span style=\"font-size: 10px;\"><strong>OROIAN<\/strong> Elvira, <strong>VELESCU<\/strong> Elena<\/span><\/td>\n<td style=\"background-color: #d0d0d0;\"><span style=\"font-size: 10px;\"><em>Histoire subjective ou subjectivit\u00e9 de l\u2019histoire dans les litt\u00e9ratures francophones postcoloniales asiatiques<\/em><\/span><\/p>\n<p><span style=\"font-size: 10px;\"><strong>NTOUMOS<\/strong> Veronica<\/span><\/td>\n<td style=\"background-color: #d0d0d0;\" colspan=\"2\"><span style=\"font-size: 10px;\"><em>Degr\u00e9s d\u2019objectivit\u00e9 et de subjectivit\u00e9 des adjectifs locatifs<\/em><\/span><\/p>\n<p><span style=\"font-size: 10px;\"><strong>HAMMOUDA LAATIRI<\/strong> Sana<\/span><span style=\"font-size: 10px;\"> <\/span><\/td>\n<\/tr>\n<tr>\n<td style=\"padding-left: 5px; background-color: #a6a6a6;\"><span style=\"font-size: 10px;\">09.40-10.00<\/span><\/td>\n<td style=\"padding-left: 5px;\" valign=\"top\" width=\"141\"><span style=\"font-size: 10px;\"><em>Etude \u00e9nonciative des adjectifs d\u2019identit\u00e9<\/em><\/span><\/p>\n<p><span style=\"font-size: 10px;\"><strong>SAADANI<\/strong> Sirine<\/span><\/td>\n<td valign=\"top\" width=\"147\"><span style=\"font-size: 10px;\"> <\/span><\/td>\n<td colspan=\"2\" valign=\"top\" width=\"147\"><span style=\"font-size: 10px;\"><em>La m\u00e9taphore m\u00e9dicale de la vie quotidienne<\/em><\/span><\/p>\n<p><span style=\"font-size: 10px;\"><strong>TOMOIAGA<\/strong> Maria-Alexandrina<\/span><span style=\"font-size: 10px;\"> <\/span><\/td>\n<\/tr>\n<tr>\n<td style=\"padding-left: 5px; background-color: #a6a6a6;\"><span style=\"font-size: 10px;\">10.00-10.15<\/span><\/td>\n<td style=\"background-color: #d0d0d0; width: 573px;\" colspan=\"4\" valign=\"top\">\n<p align=\"center\"><span style=\"font-size: 10px;\">pause caf\u00e9<\/span><\/p>\n<\/td>\n<\/tr>\n<tr>\n<td style=\"padding-left: 5px; background-color: #a6a6a6;\"><span style=\"font-size: 10px;\">10.15-11.00<\/span><\/td>\n<td style=\"padding-left: 5px;\" colspan=\"4\" valign=\"top\" width=\"573\"><span style=\"font-size: 10px;\">Amphith\u00e9\u00e2tre 6<\/span><\/p>\n<p align=\"center\"><span style=\"font-size: 10px;\">Conf\u00e9rence pl\u00e9niere 5<\/span><\/p>\n<p align=\"center\"><span style=\"font-size: 10px;\">Mod\u00e9rateur : Bogdanka Pavelin Le\u0161i\u0107<\/span><\/p>\n<p style=\"text-align: center;\"><span style=\"font-size: 12px;\"><strong>Jacques Moeschler<\/strong><\/span><\/p>\n<\/td>\n<\/tr>\n<tr>\n<td style=\"padding-left: 5px; background-color: #a6a6a6;\"><span style=\"font-size: 10px;\">11.00-11.45<\/span><\/td>\n<td style=\"background-color: #d0d0d0; padding-left: 5px;\" colspan=\"4\" valign=\"top\" width=\"573\"><span style=\"font-size: 10px;\">Amphith\u00e9\u00e2tre 6<\/span><\/p>\n<p align=\"center\"><span style=\"font-size: 10px;\">Conf\u00e9rence pl\u00e9niere 6<\/span><\/p>\n<p style=\"text-align: center;\"><span style=\"font-size: 12px;\"><strong>Mirna Vel\u010di\u0107 Canivez<\/strong><\/span><\/p>\n<\/td>\n<\/tr>\n<tr>\n<td style=\"padding-left: 5px; background-color: #a6a6a6;\"><span style=\"font-size: 10px;\">11.45-12.30<\/span><\/td>\n<td style=\"padding-left: 5px;\" colspan=\"4\" valign=\"top\" width=\"573\"><span style=\"font-size: 10px;\">Amphith\u00e9\u00e2tre 6<\/span><\/p>\n<p align=\"center\"><span style=\"font-size: 10px;\">Conf\u00e9rence pl\u00e9niere 7<\/span><\/p>\n<p style=\"text-align: center;\"><span style=\"font-size: 12px;\"><strong>Julio Murillo Puyal<\/strong><\/span><\/p>\n<\/td>\n<\/tr>\n<tr>\n<td style=\"padding-left: 5px; background-color: #a6a6a6;\"><span style=\"font-size: 10px;\">12.30<\/span><\/td>\n<td style=\"padding-left: 5px; background-color: #d0d0d0; width: 573px;\" colspan=\"4\" valign=\"top\"><span style=\"font-size: 10px;\">Amphith\u00e9\u00e2tre 6<\/span><\/p>\n<p align=\"center\"><span style=\"font-size: 10px;\">C\u00e9r\u00e9monie de cl\u00f4ture<\/span><\/p>\n<\/td>\n<\/tr>\n<tr>\n<td style=\"padding-left: 5px; background-color: #a6a6a6;\"><span style=\"font-size: 10px;\">14.00<\/span><\/td>\n<td colspan=\"4\" valign=\"top\" width=\"573\">\n<p align=\"center\"><span style=\"font-size: 10px;\">Cocktail d\u2019adieu au palais Dverce<\/span><\/p>\n<\/td>\n<\/tr>\n<tr>\n<td style=\"padding-left: 5px; background-color: #a6a6a6;\"><span style=\"font-size: 10px;\">15.00<\/span><\/td>\n<td style=\"background-color: #d0d0d0; width: 573px;\" colspan=\"4\" valign=\"top\">\n<p align=\"center\"><span style=\"font-size: 10px;\">Visite guid\u00e9e de Zagreb<\/span><\/p>\n<\/td>\n<\/tr>\n<\/tbody>\n<\/table>\n<\/div>\n<p><span style=\"font-size: 10px;\"><a href=\"http:\/\/www.ffzg.unizg.hr\/francontraste\/wp-content\/uploads\/2013\/04\/Programme2013.pdf\" target=\"_blank\"><span style=\"font-size: 14px;\"><strong>PROGRAMME <\/strong><\/span><span>( PDF 418 KB )<\/span><\/a><\/span><img decoding=\"async\" loading=\"lazy\" style=\"margin-top: -10px; margin-bottom: -10px;\" title=\"pdficn\" src=\"http:\/\/www.ffzg.unizg.hr\/francontraste\/wp-content\/uploads\/2013\/02\/pdficn.jpg\" alt=\"\" width=\"25\" height=\"26\" \/><\/p>\n<p>&nbsp;<\/p>\n<p>&nbsp;<\/p>\n<p>&nbsp;<\/p>\n<p>&nbsp;<\/p>\n<p>&nbsp;<\/p>\n<p>&nbsp;<\/p>\n<p>&nbsp;<\/p>\n<p>&nbsp;<\/p>\n<p>&nbsp;<\/p>\n<p>&nbsp;<\/p>\n<p>&nbsp;<\/p>\n<p>&nbsp;<\/p>\n<p>&nbsp;<\/p>\n<p>&nbsp;<\/p>\n<p>&nbsp;<\/p>\n<p>&nbsp;<\/p>\n<p>&nbsp;<\/p>\n<p>&nbsp;<\/p>\n<p>&nbsp;<\/p>\n<p>&nbsp;<\/p>\n<p>&nbsp;<\/p>\n<p>&nbsp;<\/p>\n<p>&nbsp;<\/p>\n<p>&nbsp;<\/p>\n<p>&nbsp;<\/p>\n<p>&nbsp;<\/p>\n<p>&nbsp;<\/p>\n<p>&nbsp;<\/p>\n<p>&nbsp;<\/p>\n<p>&nbsp;<\/p>\n<p>&nbsp;<\/p>\n<p>&nbsp;<\/p>\n<p>&nbsp;<\/p>\n<p>&nbsp;<\/p>\n<p>&nbsp;<br \/>\n&nbsp;<\/p>\n","protected":false},"excerpt":{"rendered":"<p>SESSION G SESSION H 08.40-09.00 A107 Section sciences du langage mod\u00e9rateur: Lidija Ore\u0161kovi\u0107 Dvorski L&#8217;aspect verbal et l&#8217;expression de la subjectivit\u00e9 BIKI\u0106 CARI\u0106 Gorana A218 Section litt\u00e9rature mod\u00e9rateur: Daniela \u0106urko Le sujet mal enfourn\u00e9 : la dissolution comme principe g\u00e9n\u00e9rateur dans Univers, univers de R\u00e9gis Jauffret KO\u0160\u010cEC Marinko A301 Section sciences du langage mod\u00e9rateurs: Paul [&hellip;]<\/p>\n","protected":false},"author":1,"featured_media":0,"parent":0,"menu_order":0,"comment_status":"closed","ping_status":"closed","template":"","meta":{"footnotes":""},"_links":{"self":[{"href":"https:\/\/francontraste.ffzg.unizg.hr\/2013\/index.php?rest_route=\/wp\/v2\/pages\/1060"}],"collection":[{"href":"https:\/\/francontraste.ffzg.unizg.hr\/2013\/index.php?rest_route=\/wp\/v2\/pages"}],"about":[{"href":"https:\/\/francontraste.ffzg.unizg.hr\/2013\/index.php?rest_route=\/wp\/v2\/types\/page"}],"author":[{"embeddable":true,"href":"https:\/\/francontraste.ffzg.unizg.hr\/2013\/index.php?rest_route=\/wp\/v2\/users\/1"}],"replies":[{"embeddable":true,"href":"https:\/\/francontraste.ffzg.unizg.hr\/2013\/index.php?rest_route=%2Fwp%2Fv2%2Fcomments&post=1060"}],"version-history":[{"count":26,"href":"https:\/\/francontraste.ffzg.unizg.hr\/2013\/index.php?rest_route=\/wp\/v2\/pages\/1060\/revisions"}],"predecessor-version":[{"id":1062,"href":"https:\/\/francontraste.ffzg.unizg.hr\/2013\/index.php?rest_route=\/wp\/v2\/pages\/1060\/revisions\/1062"}],"wp:attachment":[{"href":"https:\/\/francontraste.ffzg.unizg.hr\/2013\/index.php?rest_route=%2Fwp%2Fv2%2Fmedia&parent=1060"}],"curies":[{"name":"wp","href":"https:\/\/api.w.org\/{rel}","templated":true}]}}