{"id":1002,"date":"2013-03-24T20:30:54","date_gmt":"2013-03-24T20:30:54","guid":{"rendered":"http:\/\/www.ffzg.unizg.hr\/francontraste\/?page_id=1002"},"modified":"2013-04-09T00:23:26","modified_gmt":"2013-04-09T00:23:26","slug":"programme-vendredi-12","status":"publish","type":"page","link":"https:\/\/francontraste.ffzg.unizg.hr\/2013\/?page_id=1002","title":{"rendered":"Programme &#8211; Vendredi 12 avril"},"content":{"rendered":"<div style=\"position: absolute; left: 283px; top: 218px; width: 100px; height: 1000px;\">\n<table style=\"left: 1px; width: 585px;\" border=\"1\" cellspacing=\"0\" cellpadding=\"5\">\n<tbody>\n<tr>\n<td style=\"background-color: #a6a6a6; width: 37px; padding-left: 5px;\" valign=\"top\"><span style=\"font-size: 10px;\">08.30-09.15<\/span><\/td>\n<td style=\"background-color: #d0d0d0; padding-left: 5px; text-align:\" colspan=\"4\" valign=\"top\"><span style=\"font-size: 10px;\">Amphith\u00e9\u00e2tre 6<\/span><\/p>\n<p align=\"center\"><span style=\"font-size: 10px;\">Conf\u00e9rence pl\u00e9niere 2<\/span><\/p>\n<p align=\"center\"><span style=\"font-size: 10px;\">Mod\u00e9rateur : Ivana Frani\u0107, Gorana Biki\u0107 Cari\u0107<\/span><\/p>\n<p style=\"text-align: center;\"><span style=\"font-size: 12px;\"><strong>Claudine Olivier<\/strong><\/span><\/p>\n<\/td>\n<\/tr>\n<tr>\n<td style=\"padding-left: 5px; background-color: #a6a6a6;\"><span style=\"font-size: 10px;\">09.15-10.00<\/span><\/td>\n<td style=\"padding-left: 5px; text-align:\" colspan=\"4\" valign=\"top\"><span style=\"font-size: 10px;\">Amphith\u00e9\u00e2tre 6<\/span><\/p>\n<p align=\"center\"><span style=\"font-size: 10px;\">Conf\u00e9rence pl\u00e9niere 3<\/span><\/p>\n<p style=\"text-align: center;\"><span style=\"font-size: 12px;\"><strong>Paul Bouissac<\/strong><\/span><\/p>\n<\/td>\n<\/tr>\n<tr valign=\"middle\">\n<td style=\"padding-left: 5px; background-color: #a6a6a6;\"><span style=\"font-size: 10px;\">10.00-10.20<\/span><\/td>\n<td style=\"background-color: #d0d0d0;\" colspan=\"4\">\n<p align=\"center\"><span style=\"font-size: 10px;\">Pause caf\u00e9<\/span><\/p>\n<\/td>\n<\/tr>\n<tr>\n<td style=\"text-align: center; background-color: #b8cefe; width: 37px;\" colspan=\"5\" valign=\"top\"><span style=\"font-size: 12px;\"> <strong>SESSION C<\/strong><\/span><\/td>\n<\/tr>\n<tr valign=\"top\">\n<td style=\"padding-left: 5px; background-color: #a6a6a6;\"><span style=\"font-size: 10px;\">10.30-10.50<\/span><\/td>\n<td style=\"padding-left: 5px; background-color: #d0d0d0;\"><span style=\"font-size: 10px;\">A301<\/span><br \/>\n<span style=\"font-size: 10px;\">Section didactique<\/span><\/p>\n<p><span style=\"font-size: 10px;\">mod\u00e9rateur:<\/span><br \/>\n<span style=\"font-size: 10px;\">Ivana Frani\u0107<\/span><\/p>\n<p><span style=\"font-size: 10px;\"><em>L&#8217;\u00e9tudiant de fran\u00e7ais : qui est-il et pourquoi a-t-il choisi le fran\u00e7ais ?<\/em><\/span><\/p>\n<p><span style=\"font-size: 10px;\"><strong>VAJTA<\/strong><\/span><span style=\"font-size: 10px;\"> Katharina<\/span><\/td>\n<td style=\"background-color: #d0d0d0;\"><span style=\"font-size: 10px;\">A107<\/span><br \/>\n<span style=\"font-size: 10px;\">Section sciences du langage<\/span><\/p>\n<p><span style=\"font-size: 10px;\">mod\u00e9rateur:<\/span><br \/>\n<span style=\"font-size: 10px;\">Darja Dami\u0107 Boha\u010d<\/span><\/p>\n<p><span style=\"font-size: 10px;\"><em>Affectivit\u00e9 et subjectivit\u00e9 dans la presse ivoirienne<\/em><\/span><\/p>\n<p><span style=\"font-size: 10px;\"><strong>FODJO <\/strong>Kouakou Kouman<\/span><\/td>\n<td style=\"background-color: #d0d0d0;\"><span style=\"font-size: 10px;\">A218<\/span><br \/>\n<span style=\"font-size: 10px;\">Section litt\u00e9rature<\/span><\/p>\n<p><span style=\"font-size: 10px;\">mod\u00e9rateur:<\/span><br \/>\n<span style=\"font-size: 10px;\">Marinko Ko\u0161\u010dec<\/span><\/p>\n<p><span style=\"font-size: 10px;\"><em>a cours\u2026 a corps ou \u00ab pour une lecture passionnelle du tombeau d\u2019Ibn Arabi d\u2019A.Meddeb \u00bb<\/em><\/span><\/p>\n<p><span style=\"font-size: 10px;\"><strong>BOUAINE<\/strong><\/span><span style=\"font-size: 10px;\"> Ferdaous Bouaine<\/span><\/td>\n<td style=\"background-color: #d0d0d0;\"><span style=\"font-size: 10px;\">A116<\/span><br \/>\n<span style=\"font-size: 10px;\">Section activit\u00e9 traduisante<\/span><\/p>\n<p><span style=\"font-size: 10px;\">mod\u00e9rateur:<\/span><br \/>\n<span style=\"font-size: 10px;\">Evaine Le Calv\u00e9 Ivi\u010devi\u0107<\/span><\/p>\n<p><span style=\"font-size: 10px;\"><em>La subjectivit\u00e9 dans le langage \u2013 cas de certaines particules slovenes et de leurs \u00e9quivalents fran\u00e7ais<\/em><\/span><\/p>\n<p><span style=\"font-size: 10px;\"><strong>OVEN<\/strong><\/span><span style=\"font-size: 10px;\"> Jacqueline<\/span><\/td>\n<\/tr>\n<tr>\n<td style=\"padding-left: 5px; background-color: #a6a6a6;\"><span style=\"font-size: 10px;\">10.50-11.10<\/span><\/td>\n<td style=\"padding-left: 5px;\"><span style=\"font-size: 10px;\"><em>L\u2019enseignement aux russophones  des proc\u00e9d\u00e9s de la syntaxe affective du fran\u00e7ais<\/em><\/span><\/p>\n<p><span style=\"font-size: 10px;\"><strong>ALEKSEEVA<\/strong> Alexandra<\/span>\n<\/td>\n<td><span style=\"font-size: 10px;\"><em>Expressivit\u00e9 du discours scientifique<\/em><\/span><\/p>\n<p><span style=\"font-size: 10px;\"><strong>ORE\u0160KOVI\u0106 DVORSKI<\/strong> Lidija<\/span><\/td>\n<td><span style=\"font-size: 10px;\"><em>Traduire le \u00abfrisson\u00bb dans \u00c9crire en pays domin\u00e9 de Patrick Chamoiseau<\/em><\/span><\/p>\n<p><span style=\"font-size: 10px;\"><strong>FAULKNER<\/strong> Morgan<\/span><\/td>\n<td><span style=\"font-size: 10px;\"><em>Le marqueur discursif et connecteur mais dans les traductions vers le slovene \u2013 le choix subjectif des traducteurs ou d\u00e9cision arbitraire ?<\/em><\/span><\/p>\n<p><span style=\"font-size: 10px;\"><strong>SCHLAMBERGER BREZAR<\/strong> Mojca<\/span><\/td>\n<\/tr>\n<tr>\n<td style=\"padding-left: 5px; background-color: #a6a6a6;\"><span style=\"font-size: 10px;\">11.10-11.30<\/span><\/td>\n<td style=\"padding-left: 5px; background-color: #d0d0d0;\"><span style=\"font-size: 10px;\"><em>Les premieres s\u00e9ances: objectifs, importance, d\u00e9roulement<\/em><\/span><\/p>\n<p><span style=\"font-size: 10px;\"><strong>MILANOVI\u0106<\/strong> Milena<\/span><\/td>\n<td style=\"background-color: #d0d0d0;\"><span style=\"font-size: 10px;\"><em>Le lexique de la correspondance commerciale en fran\u00e7ais entre conservatisme et cr\u00e9ativit\u00e9 <\/em><\/span><\/p>\n<p><span style=\"font-size: 10px;\"><strong>ZERRAD<\/strong> Jaouad<\/span><\/td>\n<td style=\"background-color: #d0d0d0;\"><span style=\"font-size: 10px;\"><em>Suspense et chocs \u00e9motifs comme proc\u00e9d\u00e9s narratifs f\u00e9ministes dans \u00abJ\u2019ai regard\u00e9 le diable en face\u00bb de Maud Tabachnik<\/em><\/span><\/p>\n<p><span style=\"font-size: 10px;\"><strong>HYNYNEN<\/strong> Andrea<\/span><\/td>\n<td style=\"background-color: #d0d0d0;\"><span style=\"font-size: 10px;\"><em>Valeur \u00e9valuative des d\u00e9terminants adjectivaux et son transfert du fran\u00e7ais vers le roumain<\/em><\/span><\/p>\n<p><span style=\"font-size: 10px;\"><strong>ALI\u0106<\/strong> Liliana<\/span><\/td>\n<\/tr>\n<tr>\n<td style=\"padding-left: 5px; background-color: #a6a6a6;\"><span style=\"font-size: 10px;\">11.30-11.50<\/span><\/td>\n<td style=\"padding-left: 5px;\"><span style=\"font-size: 10px;\"><em>L\u2019intuition linguistique et l\u2019apprentissage du fran\u00e7ais :<br \/>\nLe cas de \u00ab de \u00bb<\/em><\/span><\/p>\n<p><span style=\"font-size: 10px;\"><strong>\u0160KORO<\/strong> Magdalena<\/span><\/td>\n<td>\n<\/td>\n<td><span style=\"font-size: 10px;\"><em>Stupeur et tremblement d\u2019Am\u00e9lie Nothomb: une analyse des marques de la subjectivit\u00e9<\/em><\/span><\/p>\n<p><span style=\"font-size: 10px;\"><strong>TEODORESCU<\/strong> Cristiana Nicola<\/span><\/td>\n<td><span style=\"font-size: 10px;\"><em>L\u2019\u00e9nonciation dans les discours politiques fran\u00e7ais et slovenes<\/em><\/span><\/p>\n<p><span style=\"font-size: 10px;\"><strong>VAUPOT<\/strong> Sonia<\/span><\/td>\n<\/tr>\n<tr>\n<td style=\"padding-left: 5px; background-color: #a6a6a6;\"><span style=\"font-size: 10px;\">12.00-13.45<\/span><\/td>\n<td style=\"padding-left: 5px; text-align: center; background-color: #d0d0d0;\" colspan=\"4\" valign=\"top\">\n<p style=\"text-align: left;\"><span style=\"font-size: 10px;\">Cantine de la Facult\u00e9<\/span><\/p>\n<p><span style=\"font-size: 10px;\">D\u00e9jeuner<\/span><\/td>\n<\/tr>\n<tr>\n<td style=\"padding-left: 5px; background-color: #a6a6a6;\"><span style=\"font-size: 10px;\">14.00-14.45<\/span><\/td>\n<td style=\"padding-left: 5px; text-align:\" colspan=\"4\" valign=\"top\"><span style=\"font-size: 10px;\">Amphith\u00e9\u00e2tre 7<\/span><\/p>\n<p align=\"center\"><span style=\"font-size: 10px;\">Conf\u00e9rence pl\u00e9niere 4<\/span><\/p>\n<p align=\"center\"><span style=\"font-size: 10px;\">Mod\u00e9rateur : Ingrid \u0160afranek<\/span><\/p>\n<p style=\"text-align: center;\"><span style=\"font-size: 12px;\"><strong>Nenad Ivi\u0107<\/strong><\/span><\/p>\n<\/td>\n<\/tr>\n<tr>\n<td style=\"text-align: center; background-color: #b8cefe;\" colspan=\"4\" valign=\"top\"><span style=\"font-size: 12px;\"><strong>SESSION D<\/strong><\/span><\/td>\n<td style=\"text-align: center; background-color: #ceddfe;\" valign=\"top\"><span style=\"font-size: 12px;\"><strong><strong>SESSION E<\/strong><strong><\/strong><\/strong><\/span><\/td>\n<\/tr>\n<tr>\n<td style=\"padding-left: 5px; background-color: #a6a6a6;\"><span style=\"font-size: 10px;\">15.00-15.20<\/span><\/td>\n<td style=\"background-color: #d0d0d0;\"><\/td>\n<td style=\"background-color: #d0d0d0;\"><span style=\"font-size: 10px;\">A107<\/span><br \/>\n<span style=\"font-size: 10px;\">Section sciences du langage<\/span><\/p>\n<p><span style=\"font-size: 10px;\">mod\u00e9rateur:<\/span><br \/>\n<span style=\"font-size: 10px;\">Ida Raffaelli<\/span><\/p>\n<p><span style=\"font-size: 10px;\"><em>P. Guberina et Ch. Bally: une vision globalisante et dynamique du langage<\/em><\/span><\/p>\n<p><span style=\"font-size: 10px;\"><strong>PAVELIN LE\u0160I\u0106<\/strong> Bogdanka, <strong>SPAJI\u0106<\/strong> Marija<\/span><\/td>\n<td style=\"background-color: #d0d0d0;\"><span style=\"font-size: 10px;\">A218<\/span><br \/>\n<span style=\"font-size: 10px;\">Section litt\u00e9rature<\/span><\/p>\n<p><span style=\"font-size: 10px;\">mod\u00e9rateur:<\/span><br \/>\n<span style=\"font-size: 10px;\">Nenad Ivi\u0107<\/span><\/p>\n<p><span style=\"font-size: 10px;\"><em>La perception mythique dans l&#8217;\u00e9pisode Les richesses et les merveilles de Constantinople de Robert de Cl\u00e9ry<\/em><\/span><\/p>\n<p><span style=\"font-size: 10px;\"><strong>LEVA\u010cI\u0106<\/strong> Patrick<\/span><\/td>\n<td style=\"background-color: #d0d0d0;\"><span style=\"font-size: 10px;\">A116<\/span><br \/>\n<span style=\"font-size: 10px;\">Section litt\u00e9rature<\/span><\/p>\n<p><span style=\"font-size: 10px;\">mod\u00e9rateur:<\/span><br \/>\n<span style=\"font-size: 10px;\">Ingrid \u0160afranek<\/span><\/p>\n<p><span style=\"font-size: 10px;\"><em>Th\u00e9\u00e2tre baroque \u2013 th\u00e9\u00e2tre classique : discours passionnel et\/ou discours rationnel<\/em><\/span><\/p>\n<p><span style=\"font-size: 10px;\"><strong>KREHO<\/strong> Vesna<\/span><\/td>\n<\/tr>\n<tr>\n<td style=\"padding-left: 5px; background-color: #a6a6a6;\"><span style=\"font-size: 10px;\">15.20-15.40<\/span><\/td>\n<td><\/td>\n<td valign=\"top\" width=\"47\"><span style=\"font-size: 10px;\"><em>Les constructions \u00ab verbe de perception + infinitif \u00bb et la subjectivation<\/em><\/span><\/p>\n<p><span style=\"font-size: 10px;\"><strong>PERKO<\/strong> Gregor<\/span><\/td>\n<td valign=\"top\" width=\"47\"><span style=\"font-size: 10px;\"><em>Les manifestations subjectives de l\u2019auto-conscience auctoriale dans des prologues de r\u00e9cits m\u00e9di\u00e9vaux en vers <\/em><\/span><\/p>\n<p><span style=\"font-size: 10px;\"><strong>LJUBAS KAPETANOVI\u0106<\/strong> Dijana<\/span><\/td>\n<td valign=\"top\" width=\"47\"><span style=\"font-size: 10px;\"><em>Le concept de la ruine au XVIIIe siecle dans l\u2019espace litt\u00e9raire franco-allemand entre fascination du regard et affectivit\u00e9 dans sa repr\u00e9sentation <\/em><\/span><\/p>\n<p><span style=\"font-size: 10px;\"><strong>VELESCU<\/strong> Elena<\/span><\/td>\n<\/tr>\n<tr>\n<td style=\"padding-left: 5px; background-color: #a6a6a6;\"><span style=\"font-size: 10px;\">15.40-16.00<\/span><\/td>\n<td style=\"background-color: #d0d0d0;\"><\/td>\n<td style=\"background-color: #d0d0d0;\"><\/td>\n<td style=\"background-color: #d0d0d0;\"><span style=\"font-size: 10px;\"><em>La hi\u00e9rarchie des sens et des amours dans le Commentaire sur Le Banquet de Platon ou De l\u00b4Amour de Marsile Ficin<\/em><\/span><\/p>\n<p><span style=\"font-size: 10px;\"><strong>\u0160INKO-DEPIERRIS<\/strong> Djurdja<\/span><\/td>\n<td style=\"background-color: #d0d0d0;\"><\/td>\n<\/tr>\n<tr>\n<td style=\"padding-left: 5px; background-color: #a6a6a6;\"><span style=\"font-size: 10px;\">16.00-16.20<\/span><\/td>\n<td style=\"padding-left: 5px;\" valign=\"top\" width=\"57\"><span style=\"font-size: 10px;\"><\/span><\/td>\n<td style=\"\" valign=\"top\" width=\"57\"><span style=\"font-size: 10px;\"><\/span><\/td>\n<td style=\"\" valign=\"top\" width=\"57\"><span style=\"font-size: 10px;\">Pause caf\u00e9<\/span><\/td>\n<td style=\"\" valign=\"top\" width=\"57\"><span style=\"font-size: 10px;\"><\/span><\/td>\n<\/tr>\n<tr>\n<td style=\"background-color: #b8cefe; text-align: center;\" colspan=\"3\"><span style=\"font-size: 12px;\"><strong>SESSION E<\/strong><\/span><\/td>\n<td style=\"background-color: #ceddfe; text-align: center;\" colspan=\"2\"><span style=\"font-size: 12px;\"><strong>SESSION F<\/strong><\/span><\/td>\n<\/tr>\n<tr>\n<td style=\"background-color: #a6a6a6;\"><span style=\"font-size: 10px;\">16.20-16.40<\/span><\/td>\n<td style=\"padding-left: 5px; background-color: #d0d0d0;\"><\/td>\n<td style=\"background-color: #d0d0d0;\"><span style=\"font-size: 10px;\">A107<\/span><br \/>\n<span style=\"font-size: 10px;\">Section sciences du langage<\/span><\/p>\n<p><span style=\"font-size: 10px;\">mod\u00e9rateur:<\/span><br \/>\n<span style=\"font-size: 10px;\">Sorin Stan<\/span><\/p>\n<p><span style=\"font-size: 10px;\"><em>Engagement affectif du locuteur: le cas des forums de discussion <\/em><\/span><\/p>\n<p><span style=\"font-size: 10px;\"><strong>BURBEA<\/strong> Georgiana<\/span><\/td>\n<td style=\"background-color: #d0d0d0;\"><span style=\"font-size: 10px;\">A218<\/span><br \/>\n<span style=\"font-size: 10px;\">Section litt\u00e9rature<\/span><\/p>\n<p><span style=\"font-size: 10px;\">mod\u00e9rateur:<\/span><br \/>\n<span style=\"font-size: 10px;\">Ingrid \u0160afranek<\/span><\/p>\n<p><span style=\"font-size: 10px;\"><em>Jacques Derrida et l&#8217;it\u00e9rabilit\u00e9 du texte<\/em><\/span><\/p>\n<p><span style=\"font-size: 10px;\"><strong>HERVE<\/strong> Toussaint Ondoua<\/span><\/td>\n<td style=\"background-color: #d0d0d0;\"><span style=\"font-size: 10px;\">A116<\/span><br \/>\n<span style=\"font-size: 10px;\">Section sciences du langage<\/span><\/p>\n<p><span style=\"font-size: 10px;\">mod\u00e9rateurs:<\/span><br \/>\n<span style=\"font-size: 10px;\">Gorana Biki\u0107 Cari\u0107,<\/span><br \/>\n<span style=\"font-size: 10px;\">Jacques Moeschler<\/span><\/p>\n<p><span style=\"font-size: 10px;\"><em>Subjectivit\u00e9 et description: une approche textuelle et \u00e9nonciative<\/em><\/span><\/p>\n<p><span style=\"font-size: 10px;\"><strong>BORS<\/strong> Edit<\/span><\/td>\n<\/tr>\n<tr>\n<td style=\"padding-left: 5px; background-color: #a6a6a6;\"><span style=\"font-size: 10px;\">16.40-17.00<\/span><\/td>\n<td style=\"padding-left: 5px;\"><\/td>\n<td><span style=\"font-size: 10px;\"><em>Parler l&#8217;autre : de l\u2019expressivit\u00e9 des \u00e9nonc\u00e9s fashion dans la presse fran\u00e7aise<\/em><\/span><\/p>\n<p><span style=\"font-size: 10px;\"><strong>DESNICA<\/strong> Mirta<\/span><\/td>\n<td><span style=\"font-size: 10px;\"><em>La subjectivit\u00e9 par le choix de l\u2019action<\/em><\/span><\/p>\n<p><span style=\"font-size: 10px;\"><strong>PETROV<\/strong> Tanja<\/span><\/td>\n<td><span style=\"font-size: 10px;\"><em>Acte d&#8217;\u00e9nonciation et la \u00abdichotomie\u00bb langue\/discours<\/em><\/span><\/p>\n<p><span style=\"font-size: 10px;\"><strong>\u0106OSI\u0106<\/strong> Vjekoslav<\/span><\/td>\n<\/tr>\n<tr>\n<td style=\"padding-left: 5px; background-color: #a6a6a6;\"><span style=\"font-size: 10px;\">17.00-17.20<\/span><\/td>\n<td style=\"background-color: #d0d0d0;\"><\/td>\n<td style=\"background-color: #d0d0d0;\"><span style=\"font-size: 10px;\"><em>Le Jeu de l\u2019Amour et de la Langue : l\u2019organisation textuelle au service de la s\u00e9duction dans \u00ab Les Liaisons dangereuses \u00bb de Choderlos de Laclos<\/em><\/span><\/p>\n<p><span style=\"font-size: 10px;\"><strong>NAGY<\/strong> Andrea<\/span><\/td>\n<td style=\"background-color: #d0d0d0;\"><span style=\"font-size: 10px;\"><em>Affectivit\u00e9 et subjectivit\u00e9<\/em><\/span><\/p>\n<p><span style=\"font-size: 10px;\"><strong>VIENNET<\/strong> Denis<\/span><strong><\/strong><\/td>\n<td style=\"background-color: #d0d0d0;\"><span style=\"font-size: 10px;\"><em>Insultes et subjectivit\u00e9 : s\u00e9mantique et s\u00e9miologie<\/em><\/span><\/p>\n<p><span style=\"font-size: 10px;\"><strong>BAJRI\u0106<\/strong> Samir,<\/span><br \/>\n<span style=\"font-size: 10px;\"><strong>SAULAN<\/strong> Dubravka<\/span><\/td>\n<\/tr>\n<tr>\n<td style=\"padding-left: 5px; background-color: #a6a6a6;\"><span style=\"font-size: 10px;\">17.20-17.40<\/span><\/td>\n<td><\/td>\n<td><span style=\"font-size: 10px;\"><em>Analyse crois\u00e9e, s\u00e9miotique et \u00e9nonciative, de la subjectivit\u00e9 dans les textes de la petite annonce<br \/>\ndu \u00ab cour \u00bb<\/em><\/span><\/p>\n<p><span style=\"font-size: 10px;\"><strong>YAICHE<\/strong> Francis, <strong>ROLLAND<\/strong>&#8211;<strong>LOZACHMEUR<\/strong> Ghislaine<\/span><\/td>\n<td><span style=\"font-size: 10px;\"><em>Le deuil de Barthes \u2013 De la rh\u00e9torique et la mort<\/em><\/span><\/p>\n<p><span style=\"font-size: 10px;\"><strong>ZORICA<\/strong> Maja<\/span><\/td>\n<td><span style=\"font-size: 10px;\"><em>\u00ab Et puis je me suis dit tu as fait un choix bah faut l\u2019assumer \u00bb : Le discours rapport\u00e9 auto-adresse entre le faux monologue et l&#8217;interaction effective<\/em><\/span><\/p>\n<p><span style=\"font-size: 10px;\"><strong>RENDULI\u0106<\/strong> Nina<\/span><\/td>\n<\/tr>\n<tr>\n<td style=\"padding-left: 5px; background-color: #a6a6a6;\"><span style=\"font-size: 10px;\">17.40-18.00<\/span><\/td>\n<td style=\"background-color: #d0d0d0;\"><\/td>\n<td style=\"background-color: #d0d0d0;\"><\/td>\n<td style=\"background-color: #d0d0d0;\"><span style=\"font-size: 10px;\"><em>Le jaune, le violet et le vert. Les couleurs et le sens dans l\u2019ouvre romanesque de Jean Giono<\/em><\/span><\/p>\n<p><span style=\"font-size: 10px;\"><strong>\u0106URKO<\/strong> Daniela<\/span><\/td>\n<td style=\"background-color: #d0d0d0;\"><\/td>\n<\/tr>\n<tr>\n<td style=\"padding-left: 5px; background-color: #a6a6a6;\"><span style=\"font-size: 10px;\">18.30<\/span><\/td>\n<td style=\"padding-left: 5px; width: 57px;\" colspan=\"4\" valign=\"top\"><span style=\"font-size: 10px;\">Amphith\u00e9\u00e2tre 6<\/span><\/p>\n<p align=\"center\"><span style=\"font-size: 10px;\">Conf\u00e9rence vid\u00e9o<\/span><\/p>\n<p align=\"center\"><span style=\"font-size: 10px;\"><strong>Jacques Cortes<\/strong><br \/>\n<\/span><\/p>\n<\/td>\n<\/tr>\n<tr>\n<td style=\"padding-left: 5px; background-color: #a6a6a6;\"><span style=\"font-size: 10px;\">19.30<\/span><\/td>\n<td style=\"background-color: #d0d0d0; padding-left: 5px;\" colspan=\"4\" valign=\"top\" width=\"57\"><span style=\"font-size: 10px;\">Amphith\u00e9\u00e2tre 6<\/span><\/p>\n<p align=\"center\"><span style=\"font-size: 10px;\">Pr\u00e9sentation<\/span><\/p>\n<p align=\"center\"><span style=\"font-size: 10px;\">&#8220;ANDRE GIDE : LES GESTES D`AMOUR &#8211; L`AMOUR DES GESTES&#8221;, de Maja Zorica<\/span><\/p>\n<p align=\"center\"><span style=\"font-size: 10px;\">par: Ingrid \u0160afranek et Nenad Ivi\u0107<\/span><\/p>\n<\/td>\n<\/tr>\n<\/tbody>\n<\/table>\n<\/div>\n<p><a href=\"http:\/\/www.ffzg.unizg.hr\/francontraste\/wp-content\/uploads\/2013\/04\/Programme2013.pdf\" target=\"_blank\"><span style=\"font-size: 10px;\"><strong><span style=\"font-size: 14px;\">PROGRAMME<\/span><\/strong><\/span><strong> <\/strong><span style=\"font-size: 10px;\">( PDF 418 KB )<\/a><a href=\"http:\/\/www.ffzg.unizg.hr\/francontraste\/wp-content\/uploads\/2013\/04\/Programme2013.pdf\" target=\"_blank\"><img decoding=\"async\" loading=\"lazy\" style=\"margin-top: -10px; margin-bottom: -10px;\" title=\"pdficn\" src=\"http:\/\/www.ffzg.unizg.hr\/francontraste\/wp-content\/uploads\/2013\/02\/pdficn.jpg\" alt=\"\" width=\"29\" height=\"30\" \/><\/a><\/p>\n<p>&nbsp;<\/p>\n<p>&nbsp;<\/p>\n<p>&nbsp;<\/p>\n<p>&nbsp;<\/p>\n<p>&nbsp;<\/p>\n<p>&nbsp;<\/p>\n<p>&nbsp;<\/p>\n<p>&nbsp;<\/p>\n<p>&nbsp;<\/p>\n<p>&nbsp;<\/p>\n<p>&nbsp;<\/p>\n<p>&nbsp;<\/p>\n<p>&nbsp;<\/p>\n<p>&nbsp;<\/p>\n<p>&nbsp;<\/p>\n<p>&nbsp;<\/p>\n<p>&nbsp;<\/p>\n<p>&nbsp;<\/p>\n<p>&nbsp;<\/p>\n<p>&nbsp;<\/p>\n<p>&nbsp;<\/p>\n<p>&nbsp;<\/p>\n<p>&nbsp;<\/p>\n<p>&nbsp;<\/p>\n<p>&nbsp;<\/p>\n<p>&nbsp;<\/p>\n<p>&nbsp;<\/p>\n<p>&nbsp;<\/p>\n<p>&nbsp;<\/p>\n<p>&nbsp;<\/p>\n<p>&nbsp;<\/p>\n<p>&nbsp;<\/p>\n<p>&nbsp;<\/p>\n<p>&nbsp;<\/p>\n<p>&nbsp;<\/p>\n<p>&nbsp;<\/p>\n<p>&nbsp;<\/p>\n<p>&nbsp;<\/p>\n<p>&nbsp;<\/p>\n<p>&nbsp;<\/p>\n<p>&nbsp;<\/p>\n<p>&nbsp;<\/p>\n<p>&nbsp;<\/p>\n<p>&nbsp;<\/p>\n<p>&nbsp;<\/p>\n<p>&nbsp;<\/p>\n<p>&nbsp;<\/p>\n<p>&nbsp;<\/p>\n<p>&nbsp;<\/p>\n<p>&nbsp;<\/p>\n<p>&nbsp;<\/p>\n<p>&nbsp;<\/p>\n<p>&nbsp;<\/p>\n<p>&nbsp;<\/p>\n<p>&nbsp;<\/p>\n<p>&nbsp;<\/p>\n<p>&nbsp;<\/p>\n<p>&nbsp;<\/p>\n<p>&nbsp;<\/p>\n<p>&nbsp;<\/p>\n<p>&nbsp;<\/p>\n<p>&nbsp;<\/p>\n<p>&nbsp;<\/p>\n<p>&nbsp;<\/p>\n<p>&nbsp;<\/p>\n<p>&nbsp;<\/p>\n<p>&nbsp;<\/p>\n<p>&nbsp;<\/p>\n<p>&nbsp;<\/p>\n<p>&nbsp;<\/p>\n<p>&nbsp;<\/p>\n<p>&nbsp;<\/p>\n<p>&nbsp;<\/p>\n<p>&nbsp;<\/p>\n<p>&nbsp;<\/p>\n<p>&nbsp;<\/p>\n<p>&nbsp;<\/p>\n<p>&nbsp;<\/p>\n<p>&nbsp;<\/p>\n<p>&nbsp;<\/p>\n<p>&nbsp;<\/p>\n<p>&nbsp;<\/p>\n<p>&nbsp;<\/p>\n<p>&nbsp;<\/p>\n<p>&nbsp;<\/p>\n<p>&nbsp;<\/p>\n<p>&nbsp;<\/p>\n<p>&nbsp;<\/p>\n<p>&nbsp;<\/p>\n<p>&nbsp;<\/p>\n<p>&nbsp;<\/p>\n<p>&nbsp;<\/p>\n<p>&nbsp;<\/p>\n<p>&nbsp;<\/p>\n<p>&nbsp;<\/p>\n<p>&nbsp;<\/p>\n<p>&nbsp;<\/p>\n<p>&nbsp;<\/p>\n<p>&nbsp;<\/p>\n<p>&nbsp;<\/p>\n<p>&nbsp;<\/p>\n<p>&nbsp;<\/p>\n<p>&nbsp;<\/p>\n<p>&nbsp;<\/p>\n","protected":false},"excerpt":{"rendered":"<p>08.30-09.15 Amphith\u00e9\u00e2tre 6 Conf\u00e9rence pl\u00e9niere 2 Mod\u00e9rateur : Ivana Frani\u0107, Gorana Biki\u0107 Cari\u0107 Claudine Olivier 09.15-10.00 Amphith\u00e9\u00e2tre 6 Conf\u00e9rence pl\u00e9niere 3 Paul Bouissac 10.00-10.20 Pause caf\u00e9 SESSION C 10.30-10.50 A301 Section didactique mod\u00e9rateur: Ivana Frani\u0107 L&#8217;\u00e9tudiant de fran\u00e7ais : qui est-il et pourquoi a-t-il choisi le fran\u00e7ais ? VAJTA Katharina A107 Section sciences du langage [&hellip;]<\/p>\n","protected":false},"author":1,"featured_media":0,"parent":0,"menu_order":0,"comment_status":"closed","ping_status":"closed","template":"","meta":{"footnotes":""},"_links":{"self":[{"href":"https:\/\/francontraste.ffzg.unizg.hr\/2013\/index.php?rest_route=\/wp\/v2\/pages\/1002"}],"collection":[{"href":"https:\/\/francontraste.ffzg.unizg.hr\/2013\/index.php?rest_route=\/wp\/v2\/pages"}],"about":[{"href":"https:\/\/francontraste.ffzg.unizg.hr\/2013\/index.php?rest_route=\/wp\/v2\/types\/page"}],"author":[{"embeddable":true,"href":"https:\/\/francontraste.ffzg.unizg.hr\/2013\/index.php?rest_route=\/wp\/v2\/users\/1"}],"replies":[{"embeddable":true,"href":"https:\/\/francontraste.ffzg.unizg.hr\/2013\/index.php?rest_route=%2Fwp%2Fv2%2Fcomments&post=1002"}],"version-history":[{"count":40,"href":"https:\/\/francontraste.ffzg.unizg.hr\/2013\/index.php?rest_route=\/wp\/v2\/pages\/1002\/revisions"}],"predecessor-version":[{"id":1578,"href":"https:\/\/francontraste.ffzg.unizg.hr\/2013\/index.php?rest_route=\/wp\/v2\/pages\/1002\/revisions\/1578"}],"wp:attachment":[{"href":"https:\/\/francontraste.ffzg.unizg.hr\/2013\/index.php?rest_route=%2Fwp%2Fv2%2Fmedia&parent=1002"}],"curies":[{"name":"wp","href":"https:\/\/api.w.org\/{rel}","templated":true}]}}